{"id":148201,"date":"2021-01-15T10:56:51","date_gmt":"2021-01-15T10:56:51","guid":{"rendered":"https:\/\/codengine3.ch\/?product=import-placeholder-for-204854"},"modified":"2024-11-06T09:38:52","modified_gmt":"2024-11-06T08:38:52","slug":"island-trekking-klassiker","status":"publish","type":"product","link":"https:\/\/pizbube.ch\/en\/shop\/island-trekking-klassiker\/","title":{"rendered":"Island: Trekking-Klassiker"},"content":{"rendered":"<p>Laugavegur, Fimmv\u00f6rouh\u00e1ls, Querung des J\u00f6kuls\u00e1rglj\u00fafur-Nationalparks<\/p>\n<p>Die f\u00fcnf vorgestellten Routen haben sich als Islands Klassiker etabliert.<br \/>\nDer Laugavegur (53 km), der bekannteste Trek Islands, f\u00fchrt von der<br \/>\nHochlandoase Landmannalaugar durch bunte Rhyolithberge und karge Sand- und<br \/>\nLavaw\u00fcsten in vier Tagesetappen nach \u00de\u00f3rsm\u00f6rk. Tiefe Schluchten, rauschende<br \/>\nWasserf\u00e4lle und glitzernde Eiszungen pr\u00e4gen die anspruchsvolle<br \/>\nGebirgswanderung \u00fcber den Fimmv\u00f6r\u00f0uh\u00e1ls (23 km, 1 bis 2 Tage).<\/p>\n<p>Der Kjalvegur (51 km, 3 bis 4 Tage), eine leichte Tour f\u00fcr Einsteiger,<br \/>\nschl\u00e4ngelt sich am Fu\u00df der Eiskappe Langj\u00f6kull durch das westliche Hochland.<br \/>\nRiesige Tafelberge und Schildvulkane begleiten den Wanderer auf dem<br \/>\n\u00d6skjuvegur, der die gewaltige ostisl\u00e4ndische Lavawildnis \u00d3d\u00e1\u00f0ahraun<br \/>\nerschlie\u00dft. Bei der Durchquerung des J\u00f6kuls\u00e1rglj\u00fafur-Nationalparks (31 km, 2<br \/>\nTage) steht die N\u00e4he zu einer gigantischen Schlucht mit spektakul\u00e4ren<br \/>\nWasserf\u00e4llen im Vordergrund. Alle Routen sind hervorragend markiert und mit<br \/>\nAusnahme der letzten mit Wanderh\u00fctten ausgestattet.<\/p>\n<p>5. \u00fcberarb. Auflage 2019, 288 Seiten, 23 Karten, 101 farbige Abbildungen, 5<br \/>\nfarbige H\u00f6henprofile<\/p>","protected":false},"excerpt":{"rendered":"<p>Laugavegur, Fimmv\u00f6rouh\u00e1ls, Querung des J\u00f6kuls\u00e1rglj\u00fafur-Nationalparks Die f\u00fcnf vorgestellten Routen haben sich als Islands Klassiker etabliert. Der Laugavegur (53 km), der bekannteste Trek Islands, f\u00fchrt von der Hochlandoase Landmannalaugar durch bunte Rhyolithberge und karge Sand- und Lavaw\u00fcsten in vier Tagesetappen nach \u00de\u00f3rsm\u00f6rk. Tiefe Schluchten, rauschende Wasserf\u00e4lle und glitzernde Eiszungen pr\u00e4gen die anspruchsvolle Gebirgswanderung \u00fcber den Fimmv\u00f6r\u00f0uh\u00e1ls [&#8230;]\n","protected":false},"featured_media":173663,"template":"","meta":[],"product_brand":[],"product_cat":[21605],"product_tag":[],"class_list":{"0":"post-148201","1":"product","2":"type-product","3":"status-publish","4":"has-post-thumbnail","6":"product_cat-wanderfuehrer-trekking","7":"pa_autor-van-de-perre","8":"pa_erscheinungsjahr-21586","9":"pa_region-arktis-antarktis-groenland-island","10":"pa_sprache-de","12":"first","13":"instock","14":"taxable","15":"shipping-taxable","16":"purchasable","17":"product-type-simple"},"_links":{"self":[{"href":"https:\/\/pizbube.ch\/en\/wp-json\/wp\/v2\/product\/148201","targetHints":{"allow":["GET"]}}],"collection":[{"href":"https:\/\/pizbube.ch\/en\/wp-json\/wp\/v2\/product"}],"about":[{"href":"https:\/\/pizbube.ch\/en\/wp-json\/wp\/v2\/types\/product"}],"wp:featuredmedia":[{"embeddable":true,"href":"https:\/\/pizbube.ch\/en\/wp-json\/wp\/v2\/media\/173663"}],"wp:attachment":[{"href":"https:\/\/pizbube.ch\/en\/wp-json\/wp\/v2\/media?parent=148201"}],"wp:term":[{"taxonomy":"product_brand","embeddable":true,"href":"https:\/\/pizbube.ch\/en\/wp-json\/wp\/v2\/product_brand?post=148201"},{"taxonomy":"product_cat","embeddable":true,"href":"https:\/\/pizbube.ch\/en\/wp-json\/wp\/v2\/product_cat?post=148201"},{"taxonomy":"product_tag","embeddable":true,"href":"https:\/\/pizbube.ch\/en\/wp-json\/wp\/v2\/product_tag?post=148201"}],"curies":[{"name":"wp","href":"https:\/\/api.w.org\/{rel}","templated":true}]}}