{"id":148202,"date":"2021-01-15T10:56:51","date_gmt":"2021-01-15T10:56:51","guid":{"rendered":"https:\/\/codengine3.ch\/?product=import-placeholder-for-202827"},"modified":"2024-11-06T09:36:59","modified_gmt":"2024-11-06T08:36:59","slug":"island-rother-wanderfuehrer","status":"publish","type":"product","link":"https:\/\/pizbube.ch\/en\/shop\/island-rother-wanderfuehrer\/","title":{"rendered":"Island (Rother Wanderf\u00fchrer)"},"content":{"rendered":"<p><span class=\"value\">Island, die Insel aus Feuer und Eis, \u00fcbt einen magischen Reiz auf jeden Naturliebhaber aus. Aktive Vulkane und weite Lavaw\u00fcsten bilden einen Kontrast zu unendlichen Gletschern. Gewaltige Wasserf\u00e4lle und Geysire beeindrucken ebenso wie die Tier- und Pflanzenwelt. Der Rother Wanderf\u00fchrer \u00bbIsland\u00ab stellt 66 Wanderungen zu den Natursch\u00f6nheiten Islands vor.<\/span><\/p>\n<p>Die Urlandschaft ist Garant f\u00fcr unvergessliche Naturerlebnisse, gleichzeitig stellt sie besondere Anforderungen an den Wanderer. Es gibt kein ausgewiesenes H\u00fctten- und Wegenetz und auch das Wetter schl\u00e4gt so manche Kapriole. Die Autoren Gabriele und Christian Handl f\u00fchren auf ausgew\u00e4hlten Wegen und Pfaden durch wilde und unber\u00fchrte Natur, die sich sehr gut zu Fu\u00df erkunden l\u00e4sst. Der Fokus liegt auf eher kurzen Wanderungen, doch auch einige lange Touren sind dabei. Die Auswahl umfasst sowohl leichte, als auch mittelschwere und anspruchsvolle Unternehmungen.<\/p>\n<p>Die Tourenvorschl\u00e4ge verf\u00fcgen \u00fcber zuverl\u00e4ssige Wegbeschreibungen, Kartenausschnitte mit eingezeichnetem Routenverlauf und aussagekr\u00e4ftige H\u00f6henprofile. Die farbige Schwierigkeitsbewertung erleichtert die Auswahl. Zudem stehen GPS-Tracks zum Download von der Internetseite des Rother Bergverlags bereit. Zahlreiche Hinweise und Tipps bereiten den Wanderer auf die Besonderheiten eines der n\u00f6rdlichsten L\u00e4nder Europas vor. Stimmungsvolle Fotos wecken die Vorfreude auf den Wanderurlaub.<\/p>\n<p>Die neunte Auflage wurde der Wanderf\u00fchrer \u00bbIsland\u00ab umfassend aktualisiert und um drei neue Wanderungen erweitert.<\/p>\n<p>63 Wanderk\u00e4rtchen im Ma\u00dfstab 1:25.000, 1:50.000, 1:75.000 und 1:100.000, 63 H\u00f6henprofile, zwei \u00dcbersichtskarten im Ma\u00dfstab 1:3.000.000 und 1:4.500.000<\/p>\n<p>10., \u00fcberarbeitete Auflage 2024<\/p>","protected":false},"excerpt":{"rendered":"<p>Island, die Insel aus Feuer und Eis, \u00fcbt einen magischen Reiz auf jeden Naturliebhaber aus. Aktive Vulkane und weite Lavaw\u00fcsten bilden einen Kontrast zu unendlichen Gletschern. Gewaltige Wasserf\u00e4lle und Geysire beeindrucken ebenso wie die Tier- und Pflanzenwelt. Der Rother Wanderf\u00fchrer \u00bbIsland\u00ab stellt 66 Wanderungen zu den Natursch\u00f6nheiten Islands vor. Die Urlandschaft ist Garant f\u00fcr unvergessliche [&#8230;]\n","protected":false},"featured_media":162247,"template":"","meta":[],"product_brand":[],"product_cat":[21605],"product_tag":[],"class_list":{"0":"post-148202","1":"product","2":"type-product","3":"status-publish","4":"has-post-thumbnail","6":"product_cat-wanderfuehrer-trekking","7":"pa_autor-handl","8":"pa_erscheinungsjahr-27339","9":"pa_region-arktis-antarktis-groenland-island","10":"pa_sprache-de","12":"first","13":"instock","14":"taxable","15":"shipping-taxable","16":"purchasable","17":"product-type-simple"},"_links":{"self":[{"href":"https:\/\/pizbube.ch\/en\/wp-json\/wp\/v2\/product\/148202","targetHints":{"allow":["GET"]}}],"collection":[{"href":"https:\/\/pizbube.ch\/en\/wp-json\/wp\/v2\/product"}],"about":[{"href":"https:\/\/pizbube.ch\/en\/wp-json\/wp\/v2\/types\/product"}],"wp:featuredmedia":[{"embeddable":true,"href":"https:\/\/pizbube.ch\/en\/wp-json\/wp\/v2\/media\/162247"}],"wp:attachment":[{"href":"https:\/\/pizbube.ch\/en\/wp-json\/wp\/v2\/media?parent=148202"}],"wp:term":[{"taxonomy":"product_brand","embeddable":true,"href":"https:\/\/pizbube.ch\/en\/wp-json\/wp\/v2\/product_brand?post=148202"},{"taxonomy":"product_cat","embeddable":true,"href":"https:\/\/pizbube.ch\/en\/wp-json\/wp\/v2\/product_cat?post=148202"},{"taxonomy":"product_tag","embeddable":true,"href":"https:\/\/pizbube.ch\/en\/wp-json\/wp\/v2\/product_tag?post=148202"}],"curies":[{"name":"wp","href":"https:\/\/api.w.org\/{rel}","templated":true}]}}