{"id":148203,"date":"2021-01-15T10:56:51","date_gmt":"2021-01-15T10:56:51","guid":{"rendered":"https:\/\/codengine3.ch\/?product=import-placeholder-for-204656"},"modified":"2025-09-02T16:13:47","modified_gmt":"2025-09-02T14:13:47","slug":"die-grosse-island-traverse","status":"publish","type":"product","link":"https:\/\/pizbube.ch\/en\/shop\/die-grosse-island-traverse\/","title":{"rendered":"Die Grosse Island Traverse"},"content":{"rendered":"<p>Die Grosse Island Traverse: Das letzte grosse Abenteuer in Europa. Hier ist<br \/>\nder Horizont grenzenlos. Zu Fuss erlebt man die letzte Wildnis Europas am<br \/>\nintensivsten. Das 600 km lange Trekking ist anspruchsvoll und faszinierend<br \/>\nzugleich.<\/p>\n<p>22 TOUREN<br \/>\nDie ausgew\u00e4hlten Wanderungen f\u00fchren durch die sch\u00f6nsten Landschaften Islands.<br \/>\nAlle Touren sind detailliert beschrieben. Dazu gibt es zahlreiche Tipps, damit<br \/>\njede Wanderung zu einem unverwechselbaren Erlebnis mit der Natur wird.<\/p>\n<p>TOURENPROFIL<br \/>\nDie wichtigsten Angaben auf einen Blick: der Schwierigkeitsgrad, die Wegl\u00e4nge,<br \/>\ndie durchschnittliche Dauer der Tour und die zu \u00fcberwindenden H\u00f6henmeter.<\/p>\n<p>22 DETAILKARTEN<br \/>\nZu jeder Wanderung gibt es eine individuelle Detailkarte mit dem<br \/>\nRoutenverlauf. Darauf findet man den Anfangs- und Endpunkt der Tour und die<br \/>\nwichtigsten Infos zum Wegverlauf. So ist auch unterwegs die schnelle<br \/>\nOrientierung jederzeit m\u00f6glich.<\/p>\n<p>VIELE REISE-INFOS<\/p>\n<p>In diesem Wanderf\u00fchrer findet man verschiedene Reise-Infos zu Geschichte,<br \/>\nKlima, Transport, Ausr\u00fcstung und Gefahren. Zus\u00e4tzlich erh\u00e4lt man mit diesem<br \/>\nBuch die M\u00f6glichkeit, detaillierte GPS-Wegdaten herunterzuladen.<\/p>","protected":false},"excerpt":{"rendered":"<p>Die Grosse Island Traverse: Das letzte grosse Abenteuer in Europa. Hier ist der Horizont grenzenlos. Zu Fuss erlebt man die letzte Wildnis Europas am intensivsten. Das 600 km lange Trekking ist anspruchsvoll und faszinierend zugleich. 22 TOUREN Die ausgew\u00e4hlten Wanderungen f\u00fchren durch die sch\u00f6nsten Landschaften Islands. Alle Touren sind detailliert beschrieben. Dazu gibt es zahlreiche [&#8230;]\n","protected":false},"featured_media":32915,"template":"","meta":[],"product_brand":[],"product_cat":[21605],"product_tag":[],"class_list":{"0":"post-148203","1":"product","2":"type-product","3":"status-publish","4":"has-post-thumbnail","6":"product_cat-wanderfuehrer-trekking","7":"pa_autor-aschwanden","8":"pa_erscheinungsjahr-21568","9":"pa_region-arktis-antarktis-groenland-island","10":"pa_sprache-de","12":"first","13":"outofstock","14":"taxable","15":"shipping-taxable","16":"purchasable","17":"product-type-simple"},"_links":{"self":[{"href":"https:\/\/pizbube.ch\/en\/wp-json\/wp\/v2\/product\/148203","targetHints":{"allow":["GET"]}}],"collection":[{"href":"https:\/\/pizbube.ch\/en\/wp-json\/wp\/v2\/product"}],"about":[{"href":"https:\/\/pizbube.ch\/en\/wp-json\/wp\/v2\/types\/product"}],"wp:featuredmedia":[{"embeddable":true,"href":"https:\/\/pizbube.ch\/en\/wp-json\/wp\/v2\/media\/32915"}],"wp:attachment":[{"href":"https:\/\/pizbube.ch\/en\/wp-json\/wp\/v2\/media?parent=148203"}],"wp:term":[{"taxonomy":"product_brand","embeddable":true,"href":"https:\/\/pizbube.ch\/en\/wp-json\/wp\/v2\/product_brand?post=148203"},{"taxonomy":"product_cat","embeddable":true,"href":"https:\/\/pizbube.ch\/en\/wp-json\/wp\/v2\/product_cat?post=148203"},{"taxonomy":"product_tag","embeddable":true,"href":"https:\/\/pizbube.ch\/en\/wp-json\/wp\/v2\/product_tag?post=148203"}],"curies":[{"name":"wp","href":"https:\/\/api.w.org\/{rel}","templated":true}]}}