{"id":148204,"date":"2021-01-15T10:56:52","date_gmt":"2021-01-15T10:56:52","guid":{"rendered":"https:\/\/codengine3.ch\/?product=import-placeholder-for-206132"},"modified":"2023-07-03T11:39:36","modified_gmt":"2023-07-03T09:39:36","slug":"island-bergerlebnisse","status":"publish","type":"product","link":"https:\/\/pizbube.ch\/en\/shop\/island-bergerlebnisse\/","title":{"rendered":"ISLAND Bergerlebnisse"},"content":{"rendered":"<p>Berg- Ski- und Wandertouren zwischen Gletschern und Vulkanen<br \/>\n12 Gipfel- und Trekkingtouren auf Island.<br \/>\nAus den vielen Island-Reisen der letzen 15 Jahre dokumentiert der<br \/>\nbegeisterterte Island-Bergsteiger und Naturfotograf Michael Gutsche seine<br \/>\nsch\u00f6nsten Gipfeltouren und Bergerlebnisse. Dabei ist ein Berg- und<br \/>\nWanderf\u00fchrer \u00fcber Island entstanden, der mit gro\u00dfartigen Bildern 12<br \/>\nausgesuchte Routen dokumentiert.<\/p>\n<p>Die Touren sind:<br \/>\n1. Hvanadalshnukkur &#8211; h\u00f6chster Berg Islands &#8211; Gletscherhochtour<br \/>\n2. Kristinatindur im Skaftafell Nationalpark<br \/>\n3. Laugarvegur &#8211; von Skogar \u00fcber Thorsm\u00f6rk nach Landmannalaugar<br \/>\n4. Hekla Skitour<br \/>\n5. Snaefellsj\u00f6kull mit Figl<br \/>\n6. Latrabjarg zu den Vogelfelsen<br \/>\n7. Kaldbakkur Gipfeltour in den Westfjorden<br \/>\n8. Glama Hochebene in den Westfjorden<br \/>\n9. Kerlingar Fj\u00f6ll Hochtemperaturgebiet<br \/>\n10. Eriksj\u00f6kull einsame Gletschertour<br \/>\n11. Sulur &#8211; Aussichtsberg bei Akureyri<br \/>\n12. Herdubreid Gipfeltour<\/p>\n<p>In einer gro\u00dfe Islandkarte sind die Standorte der einzelnen Touren<br \/>\neingetragen. Im Informationsteil gibt es mehrseitig Auskunft von Anreise \u00fcber<br \/>\nAusr\u00fcstung bis zu Sicherheitshinweisen.<br \/>\nDieses Buch ist f\u00fcr jeden Islandreisenden eine Bereicherung zur Planung von<br \/>\nTagestouren, Wandertouren oder Gletscher-Expeditionen auf der Insel aus Feuer<br \/>\nund Eis &#8211; Island.<\/p>","protected":false},"excerpt":{"rendered":"<p>Berg- Ski- und Wandertouren zwischen Gletschern und Vulkanen 12 Gipfel- und Trekkingtouren auf Island. Aus den vielen Island-Reisen der letzen 15 Jahre dokumentiert der begeisterterte Island-Bergsteiger und Naturfotograf Michael Gutsche seine sch\u00f6nsten Gipfeltouren und Bergerlebnisse. Dabei ist ein Berg- und Wanderf\u00fchrer \u00fcber Island entstanden, der mit gro\u00dfartigen Bildern 12 ausgesuchte Routen dokumentiert. Die Touren sind: [&#8230;]\n","protected":false},"featured_media":35057,"template":"","meta":[],"product_brand":[],"product_cat":[21544],"product_tag":[],"class_list":{"0":"post-148204","1":"product","2":"type-product","3":"status-publish","4":"has-post-thumbnail","6":"product_cat-fuehrerliteratur-alpin-sommer","7":"pa_autor-gutsche","8":"pa_erscheinungsjahr-21842","9":"pa_region-arktis-antarktis-groenland-island","10":"pa_sprache-de","12":"first","13":"instock","14":"taxable","15":"shipping-taxable","16":"purchasable","17":"product-type-simple"},"_links":{"self":[{"href":"https:\/\/pizbube.ch\/en\/wp-json\/wp\/v2\/product\/148204","targetHints":{"allow":["GET"]}}],"collection":[{"href":"https:\/\/pizbube.ch\/en\/wp-json\/wp\/v2\/product"}],"about":[{"href":"https:\/\/pizbube.ch\/en\/wp-json\/wp\/v2\/types\/product"}],"wp:featuredmedia":[{"embeddable":true,"href":"https:\/\/pizbube.ch\/en\/wp-json\/wp\/v2\/media\/35057"}],"wp:attachment":[{"href":"https:\/\/pizbube.ch\/en\/wp-json\/wp\/v2\/media?parent=148204"}],"wp:term":[{"taxonomy":"product_brand","embeddable":true,"href":"https:\/\/pizbube.ch\/en\/wp-json\/wp\/v2\/product_brand?post=148204"},{"taxonomy":"product_cat","embeddable":true,"href":"https:\/\/pizbube.ch\/en\/wp-json\/wp\/v2\/product_cat?post=148204"},{"taxonomy":"product_tag","embeddable":true,"href":"https:\/\/pizbube.ch\/en\/wp-json\/wp\/v2\/product_tag?post=148204"}],"curies":[{"name":"wp","href":"https:\/\/api.w.org\/{rel}","templated":true}]}}