{"id":148207,"date":"2021-01-15T10:56:52","date_gmt":"2021-01-15T10:56:52","guid":{"rendered":"https:\/\/codengine3.ch\/?product=import-placeholder-for-204654"},"modified":"2021-01-15T14:35:14","modified_gmt":"2021-01-15T14:35:14","slug":"e-bike-mountainbike-suedtirol-%c2%b7-dolomiten-%c2%b7-gardasee","status":"publish","type":"product","link":"https:\/\/pizbube.ch\/en\/shop\/e-bike-mountainbike-suedtirol-%c2%b7-dolomiten-%c2%b7-gardasee\/","title":{"rendered":"E-Bike &#8211; Mountainbike-S\u00fcdtirol \u00b7 Dolomiten \u00b7 Gardasee"},"content":{"rendered":"<p>\nDieser einzigartige E-Bike F\u00fchrer beschreibt die sch\u00f6nsten E-Bike-Touren im<br \/>\nGebiet S\u00fcdtirol &#8211; Dolomiten &#8211; Gardasee.<\/p>\n<p>Jede Tour ist versehen mit einer 3D-map oder einem topografischen Ausschnitt,<br \/>\nauf dem die jeweilige Tour mit den wichtigsten waypoints und ihrer<br \/>\nWegbeschaffenheit eingezeichnet ist. Ein detailliertes H\u00f6henprofil, genaue<br \/>\ntechnische Daten wie H\u00f6henmeter, Zeiten, Schwierigkeiten u. a. sowie eine<br \/>\ndetaillierte Wegbeschreibung vervollst\u00e4ndigen die Tour.- GPS-Daten zum<br \/>\nDownloaden- Jede Tour mit Wegbeschaffenheit, H\u00f6henprofil und GPS-track.<\/p>\n<p>Kartonierter Einband; 173 Seiten  <\/p>","protected":false},"excerpt":{"rendered":"<p>Dieser einzigartige E-Bike F\u00fchrer beschreibt die sch\u00f6nsten E-Bike-Touren im Gebiet S\u00fcdtirol &#8211; Dolomiten &#8211; Gardasee. Jede Tour ist versehen mit einer 3D-map oder einem topografischen Ausschnitt, auf dem die jeweilige Tour mit den wichtigsten waypoints und ihrer Wegbeschaffenheit eingezeichnet ist. Ein detailliertes H\u00f6henprofil, genaue technische Daten wie H\u00f6henmeter, Zeiten, Schwierigkeiten u. a. sowie eine detaillierte [&#8230;]\n","protected":false},"featured_media":32948,"template":"","meta":[],"product_brand":[],"product_cat":[21606],"product_tag":[],"class_list":{"0":"post-148207","1":"product","2":"type-product","3":"status-publish","4":"has-post-thumbnail","6":"product_cat-mountainbikefuehrer","7":"pa_autor-ladurner","8":"pa_erscheinungsjahr-21571","9":"pa_region-italien","10":"pa_sprache-de","12":"first","13":"instock","14":"taxable","15":"shipping-taxable","16":"purchasable","17":"product-type-simple"},"_links":{"self":[{"href":"https:\/\/pizbube.ch\/en\/wp-json\/wp\/v2\/product\/148207","targetHints":{"allow":["GET"]}}],"collection":[{"href":"https:\/\/pizbube.ch\/en\/wp-json\/wp\/v2\/product"}],"about":[{"href":"https:\/\/pizbube.ch\/en\/wp-json\/wp\/v2\/types\/product"}],"wp:featuredmedia":[{"embeddable":true,"href":"https:\/\/pizbube.ch\/en\/wp-json\/wp\/v2\/media\/32948"}],"wp:attachment":[{"href":"https:\/\/pizbube.ch\/en\/wp-json\/wp\/v2\/media?parent=148207"}],"wp:term":[{"taxonomy":"product_brand","embeddable":true,"href":"https:\/\/pizbube.ch\/en\/wp-json\/wp\/v2\/product_brand?post=148207"},{"taxonomy":"product_cat","embeddable":true,"href":"https:\/\/pizbube.ch\/en\/wp-json\/wp\/v2\/product_cat?post=148207"},{"taxonomy":"product_tag","embeddable":true,"href":"https:\/\/pizbube.ch\/en\/wp-json\/wp\/v2\/product_tag?post=148207"}],"curies":[{"name":"wp","href":"https:\/\/api.w.org\/{rel}","templated":true}]}}