{"id":148208,"date":"2021-01-15T10:56:52","date_gmt":"2021-01-15T10:56:52","guid":{"rendered":"https:\/\/codengine3.ch\/?product=import-placeholder-for-200368"},"modified":"2024-05-07T12:05:13","modified_gmt":"2024-05-07T10:05:13","slug":"les-100-plus-belles-grandes-voies-de-provence","status":"publish","type":"product","link":"https:\/\/pizbube.ch\/en\/shop\/les-100-plus-belles-grandes-voies-de-provence\/","title":{"rendered":"Les 100 plus belles grandes voies de Provence"},"content":{"rendered":"<p>Calanques, Dentelles de Montmirail, Sainte-Victoire, Sainte-Baume, Cap<br \/>\nCanaille, Destel et bien \u00e9videment Verdon, partez grimper \u00e0 la d\u00e9couverte des<br \/>\nplus belles grandes voies de Provence.<\/p>\n<p>\u00c9crit en collaboration avec les acteurs locaux, ce livre vous invite \u00e0<br \/>\nparcourir 100 itin\u00e9raires d\u2019escalade qui se distinguent par leur homog\u00e9n\u00e9it\u00e9,<br \/>\nleur beaut\u00e9, leur cadre ou encore leur c\u00f4t\u00e9 l\u00e9gendaire et historique.<\/p>\n<p>Un topo pratique, comprenant tous les d\u00e9tails indispensables : acc\u00e8s, temps,<br \/>\ncheminement de la voie, \u00e9quipement en place, orientations, cotations des<br \/>\ndiff\u00e9rentes longueurs et surtout cotation obligatoire. Le livre contient<br \/>\n\u00e9galement des rappels historiques sur l\u2019\u00e9volution de l\u2019escalade dans les<br \/>\ndiff\u00e9rents massifs. Quel que soit votre niveau, la saison ou votre style de<br \/>\npr\u00e9dilection, ce topo vous permettra de choisir une voie d\u2019exception.<\/p>\n<p>L\u2019auteur, Nicholas Armstrong, initiateur escalade f\u00e9d\u00e9ral et grimpeur<br \/>\nmarseillais passionn\u00e9, participe \u00e0 l&#8217;entretien des voies et sillonne les<br \/>\nfalaises de Provence depuis de nombreuses ann\u00e9es. Il nous fait partager dans<br \/>\nce topo ses plus belles d\u00e9couvertes.<\/p>","protected":false},"excerpt":{"rendered":"<p>Calanques, Dentelles de Montmirail, Sainte-Victoire, Sainte-Baume, Cap Canaille, Destel et bien \u00e9videment Verdon, partez grimper \u00e0 la d\u00e9couverte des plus belles grandes voies de Provence. \u00c9crit en collaboration avec les acteurs locaux, ce livre vous invite \u00e0 parcourir 100 itin\u00e9raires d\u2019escalade qui se distinguent par leur homog\u00e9n\u00e9it\u00e9, leur beaut\u00e9, leur cadre ou encore leur c\u00f4t\u00e9 [&#8230;]\n","protected":false},"featured_media":161702,"template":"","meta":[],"product_brand":[],"product_cat":[21539],"product_tag":[],"class_list":{"0":"post-148208","1":"product","2":"type-product","3":"status-publish","4":"has-post-thumbnail","6":"product_cat-fuehrerliteratur-sportklettern-bouldern","7":"pa_autor-armstrong","8":"pa_erscheinungsjahr-21546","9":"pa_region-frankreich","10":"pa_sprache-fr","12":"first","13":"instock","14":"taxable","15":"shipping-taxable","16":"purchasable","17":"product-type-simple"},"_links":{"self":[{"href":"https:\/\/pizbube.ch\/en\/wp-json\/wp\/v2\/product\/148208","targetHints":{"allow":["GET"]}}],"collection":[{"href":"https:\/\/pizbube.ch\/en\/wp-json\/wp\/v2\/product"}],"about":[{"href":"https:\/\/pizbube.ch\/en\/wp-json\/wp\/v2\/types\/product"}],"wp:featuredmedia":[{"embeddable":true,"href":"https:\/\/pizbube.ch\/en\/wp-json\/wp\/v2\/media\/161702"}],"wp:attachment":[{"href":"https:\/\/pizbube.ch\/en\/wp-json\/wp\/v2\/media?parent=148208"}],"wp:term":[{"taxonomy":"product_brand","embeddable":true,"href":"https:\/\/pizbube.ch\/en\/wp-json\/wp\/v2\/product_brand?post=148208"},{"taxonomy":"product_cat","embeddable":true,"href":"https:\/\/pizbube.ch\/en\/wp-json\/wp\/v2\/product_cat?post=148208"},{"taxonomy":"product_tag","embeddable":true,"href":"https:\/\/pizbube.ch\/en\/wp-json\/wp\/v2\/product_tag?post=148208"}],"curies":[{"name":"wp","href":"https:\/\/api.w.org\/{rel}","templated":true}]}}