{"id":148209,"date":"2021-01-15T10:56:52","date_gmt":"2021-01-15T10:56:52","guid":{"rendered":"https:\/\/codengine3.ch\/?product=import-placeholder-for-206661"},"modified":"2026-04-07T14:42:25","modified_gmt":"2026-04-07T12:42:25","slug":"escalade-en-france-les-plus-beaux-sites","status":"publish","type":"product","link":"https:\/\/pizbube.ch\/en\/shop\/escalade-en-france-les-plus-beaux-sites\/","title":{"rendered":"Escalade en France &#8211; Les plus beaux sites"},"content":{"rendered":"<p>Nouvelle \u00e9dition du guide de r\u00e9f\u00e9rence des falaises fran\u00e7aises. Mis \u00e0 jour et compl\u00e9t\u00e9, cet ouvrage vous invite \u00e0 partir \u00e0 la d\u00e9couverte des grands et petits sites d\u2019escalade qui valent le d\u00e9tour en France :<\/p>\n<p>depuis la presqu\u2019\u00eele de Crozon en Bretagne jusqu\u2019aux blocs de Palombaggia en Corse, ce guide vous permettra de choisir la destination et le secteur adapt\u00e9s en fonction de votre niveau, de la saison, de vos envies&#8230;<\/p>\n<p>ou m\u00eame de la photo qui vous inspire le plus. Type de roche, style d\u2019escalade, niveau moyen, acc\u00e8s, pr\u00e9cautions \u00e0 prendre et plus encore : vous trouverez dans ces pages toutes les infos pratiques sur presque une centaine de sites \u00e0 travers toute la France.<\/p>\n<p>Cet ouvrage vous invite \u00e0 partir \u00e0 la d\u00e9couverte des grands et petits sites d&#8217;escalade qui valent le d\u00e9tour en France : depuis la presqu&#8217;\u00eele de Crozon en Bretagne jusqu&#8217;aux blocs de Palombaggia en Corse, ce guide vous permettra de choisir la destination et le secteur adapt\u00e9s en fonction de votre niveau, de la saison, de vos envies&#8230; ou m\u00eame de la photo qui vous inspire le plus. Type de roche, style d&#8217;escalade, niveau moyen, acc\u00e8s, pr\u00e9cautions \u00e0 prendre et plus encore : vous trouverez dans ces pages toutes les infos pratiques sur presque une centaine de sites \u00e0 travers toute la France.<\/p>\n<p>224 pages,<br \/>\n\u00e9dition 2025<\/p>","protected":false},"excerpt":{"rendered":"<p>Nouvelle \u00e9dition du guide de r\u00e9f\u00e9rence des falaises fran\u00e7aises. Mis \u00e0 jour et compl\u00e9t\u00e9, cet ouvrage vous invite \u00e0 partir \u00e0 la d\u00e9couverte des grands et petits sites d\u2019escalade qui valent le d\u00e9tour en France : depuis la presqu\u2019\u00eele de Crozon en Bretagne jusqu\u2019aux blocs de Palombaggia en Corse, ce guide vous permettra de choisir [&#8230;]\n","protected":false},"featured_media":183731,"template":"","meta":[],"product_brand":[],"product_cat":[21539],"product_tag":[],"class_list":{"0":"post-148209","1":"product","2":"type-product","3":"status-publish","4":"has-post-thumbnail","6":"product_cat-fuehrerliteratur-sportklettern-bouldern","7":"pa_autor-choisis","8":"pa_erscheinungsjahr-27415","9":"pa_region-frankreich","10":"pa_sprache-fr","12":"first","13":"instock","14":"taxable","15":"shipping-taxable","16":"purchasable","17":"product-type-simple"},"_links":{"self":[{"href":"https:\/\/pizbube.ch\/en\/wp-json\/wp\/v2\/product\/148209","targetHints":{"allow":["GET"]}}],"collection":[{"href":"https:\/\/pizbube.ch\/en\/wp-json\/wp\/v2\/product"}],"about":[{"href":"https:\/\/pizbube.ch\/en\/wp-json\/wp\/v2\/types\/product"}],"wp:featuredmedia":[{"embeddable":true,"href":"https:\/\/pizbube.ch\/en\/wp-json\/wp\/v2\/media\/183731"}],"wp:attachment":[{"href":"https:\/\/pizbube.ch\/en\/wp-json\/wp\/v2\/media?parent=148209"}],"wp:term":[{"taxonomy":"product_brand","embeddable":true,"href":"https:\/\/pizbube.ch\/en\/wp-json\/wp\/v2\/product_brand?post=148209"},{"taxonomy":"product_cat","embeddable":true,"href":"https:\/\/pizbube.ch\/en\/wp-json\/wp\/v2\/product_cat?post=148209"},{"taxonomy":"product_tag","embeddable":true,"href":"https:\/\/pizbube.ch\/en\/wp-json\/wp\/v2\/product_tag?post=148209"}],"curies":[{"name":"wp","href":"https:\/\/api.w.org\/{rel}","templated":true}]}}