{"id":148210,"date":"2021-01-15T10:56:52","date_gmt":"2021-01-15T10:56:52","guid":{"rendered":"https:\/\/codengine3.ch\/?product=import-placeholder-for-208230"},"modified":"2025-07-08T14:40:58","modified_gmt":"2025-07-08T12:40:58","slug":"escalade-plaisir-alpes-du-sud-provence","status":"publish","type":"product","link":"https:\/\/pizbube.ch\/en\/shop\/escalade-plaisir-alpes-du-sud-provence\/","title":{"rendered":"Escalade plaisir: Alpes du Sud &#8211; Provence"},"content":{"rendered":"<p>200 grandes voies du 4b au 6a\/b d\u00b4acc\u00e8s facile<\/p>\n<p>Ce topo-guide est ax\u00e9 sur le plaisir de l\u2019escalade en \u00abgrandes voies\u00bb (hauteur 100 \u00e0 400 m\u00e8tres) de difficult\u00e9 abordable (4b \u00e0 6b maxi, 4a \u00e0 6a oblig\u00e9) et d\u2019acc\u00e8s ais\u00e9 (piolet et crampons inutiles, sac l\u00e9ger).<\/p>\n<div class=\"woocommerce-product-description-container\">\n<div class=\"woocommerce-product-description-content\">\n<p>Toutes les voies s\u00e9lectionn\u00e9es offrent une belle escalade en bon rocher, le plus souvent bien \u00e9quip\u00e9e ou facile \u00e0 prot\u00e9ger. Leur description est tr\u00e8s pr\u00e9cise (texte et croquis d\u00e9taill\u00e9s) pour que le grimpeur, bien renseign\u00e9 sur l\u2019itin\u00e9raire, puisse savourer pleinement l\u2019ambiance et le plaisir du geste.<\/p>\n<p>Cette 3e \u00e9dition, mise \u00e0 jour, d\u00e9crit 200 voies, toutes parcourues par l\u2019auteur dans les massifs suivants:<br \/>\nBaronnies, Brian\u00e7onnais, \u00c9crins (Ailefroide), Queyras, Ubaye, Argentera, Mercantour, Verdon et Calanques de Marseille.<\/p>\n<p>333 pages; 15 \u00d7 21 cm<br \/>\n3e \u00e9dition 2023<\/p>\n<\/div>\n<\/div>","protected":false},"excerpt":{"rendered":"<p>200 grandes voies du 4b au 6a\/b d\u00b4acc\u00e8s facile Ce topo-guide est ax\u00e9 sur le plaisir de l\u2019escalade en \u00abgrandes voies\u00bb (hauteur 100 \u00e0 400 m\u00e8tres) de difficult\u00e9 abordable (4b \u00e0 6b maxi, 4a \u00e0 6a oblig\u00e9) et d\u2019acc\u00e8s ais\u00e9 (piolet et crampons inutiles, sac l\u00e9ger). Toutes les voies s\u00e9lectionn\u00e9es offrent une belle escalade en [&#8230;]\n","protected":false},"featured_media":168436,"template":"","meta":[],"product_brand":[],"product_cat":[21539],"product_tag":[],"class_list":{"0":"post-148210","1":"product","2":"type-product","3":"status-publish","4":"has-post-thumbnail","6":"product_cat-fuehrerliteratur-sportklettern-bouldern","7":"pa_autor-galley","8":"pa_erscheinungsjahr-21550","9":"pa_region-frankreich","10":"pa_sprache-fr","12":"first","13":"instock","14":"taxable","15":"shipping-taxable","16":"purchasable","17":"product-type-simple"},"_links":{"self":[{"href":"https:\/\/pizbube.ch\/en\/wp-json\/wp\/v2\/product\/148210","targetHints":{"allow":["GET"]}}],"collection":[{"href":"https:\/\/pizbube.ch\/en\/wp-json\/wp\/v2\/product"}],"about":[{"href":"https:\/\/pizbube.ch\/en\/wp-json\/wp\/v2\/types\/product"}],"wp:featuredmedia":[{"embeddable":true,"href":"https:\/\/pizbube.ch\/en\/wp-json\/wp\/v2\/media\/168436"}],"wp:attachment":[{"href":"https:\/\/pizbube.ch\/en\/wp-json\/wp\/v2\/media?parent=148210"}],"wp:term":[{"taxonomy":"product_brand","embeddable":true,"href":"https:\/\/pizbube.ch\/en\/wp-json\/wp\/v2\/product_brand?post=148210"},{"taxonomy":"product_cat","embeddable":true,"href":"https:\/\/pizbube.ch\/en\/wp-json\/wp\/v2\/product_cat?post=148210"},{"taxonomy":"product_tag","embeddable":true,"href":"https:\/\/pizbube.ch\/en\/wp-json\/wp\/v2\/product_tag?post=148210"}],"curies":[{"name":"wp","href":"https:\/\/api.w.org\/{rel}","templated":true}]}}