{"id":148211,"date":"2021-01-15T10:56:52","date_gmt":"2021-01-15T10:56:52","guid":{"rendered":"https:\/\/codengine3.ch\/?product=import-placeholder-for-204984"},"modified":"2025-04-23T11:03:33","modified_gmt":"2025-04-23T09:03:33","slug":"escalade-loisir-haute-provence-buoux-dentelles-de-montmirail-orpierre-ceuese","status":"publish","type":"product","link":"https:\/\/pizbube.ch\/en\/shop\/escalade-loisir-haute-provence-buoux-dentelles-de-montmirail-orpierre-ceuese\/","title":{"rendered":"Escalade loisir Haute Provence Buoux, Dentelles de Montmirail, Orpierre, C\u00e9\u00fcse"},"content":{"rendered":"<p>Ce nouveau volume d&#8217;Escalade-loisir s&#8217;int\u00e9resse \u00e0 la Provence int\u00e9rieure, du<br \/>\nLuberon aux Pr\u00e9alpes calcaires de Haute-Provence et \u00e0 la Dr\u00f4me proven\u00e7ale.<\/p>\n<p>Ce topo d\u00e9crit environ 900 voies dont la plupart n&#8217;exc\u00e8de pas le niveau 6b,<br \/>\npour des grimpeurs ne recherchant pas la difficult\u00e9 ou pour des familles. Pour<br \/>\nchaque itin\u00e9raire, tous les renseignements utiles sont indiqu\u00e9s : acc\u00e8s,<br \/>\nexposition, longueur de corde, difficult\u00e9, et m\u00eame une appr\u00e9ciation de<br \/>\nl&#8217;environnement de la falaise afin de pouvoir organiser une sortie o\u00f9 petits<br \/>\net grands pourront grimper en toute convivialit\u00e9.<\/p>\n<p>Vous y trouverez les sites internationalement connus comme Buoux ou C\u00e9\u00fcse,<br \/>\nOrpierre ou les Dentelles de Montmirail, mais aussi des secteurs bien plus<br \/>\nintimes o\u00f9 vous pourrez grimper en toute tranquillit\u00e9.<\/p>\n<p>En tout plus d&#8217;une dizaine de sites : \u00e0 proximit\u00e9 de chaque secteur c\u00e9l\u00e8bre<br \/>\nvous aurez la description d&#8217;une falaise moins connue mais pleine d&#8217;int\u00e9r\u00eat,<br \/>\ndont les descriptions sont souvent rares ou difficiles \u00e0 trouver.<br \/>\n167 p.<\/p>","protected":false},"excerpt":{"rendered":"<p>Ce nouveau volume d&#8217;Escalade-loisir s&#8217;int\u00e9resse \u00e0 la Provence int\u00e9rieure, du Luberon aux Pr\u00e9alpes calcaires de Haute-Provence et \u00e0 la Dr\u00f4me proven\u00e7ale. Ce topo d\u00e9crit environ 900 voies dont la plupart n&#8217;exc\u00e8de pas le niveau 6b, pour des grimpeurs ne recherchant pas la difficult\u00e9 ou pour des familles. Pour chaque itin\u00e9raire, tous les renseignements utiles sont [&#8230;]\n","protected":false},"featured_media":163108,"template":"","meta":[],"product_brand":[],"product_cat":[21539],"product_tag":[27136],"class_list":{"0":"post-148211","1":"product","2":"type-product","3":"status-publish","4":"has-post-thumbnail","6":"product_cat-fuehrerliteratur-sportklettern-bouldern","7":"product_tag-escalade-plaisir","8":"pa_autor-giffon","9":"pa_erscheinungsjahr-21842","10":"pa_region-frankreich","11":"pa_sprache-fr","13":"first","14":"onbackorder","15":"taxable","16":"shipping-taxable","17":"purchasable","18":"product-type-simple"},"_links":{"self":[{"href":"https:\/\/pizbube.ch\/en\/wp-json\/wp\/v2\/product\/148211","targetHints":{"allow":["GET"]}}],"collection":[{"href":"https:\/\/pizbube.ch\/en\/wp-json\/wp\/v2\/product"}],"about":[{"href":"https:\/\/pizbube.ch\/en\/wp-json\/wp\/v2\/types\/product"}],"wp:featuredmedia":[{"embeddable":true,"href":"https:\/\/pizbube.ch\/en\/wp-json\/wp\/v2\/media\/163108"}],"wp:attachment":[{"href":"https:\/\/pizbube.ch\/en\/wp-json\/wp\/v2\/media?parent=148211"}],"wp:term":[{"taxonomy":"product_brand","embeddable":true,"href":"https:\/\/pizbube.ch\/en\/wp-json\/wp\/v2\/product_brand?post=148211"},{"taxonomy":"product_cat","embeddable":true,"href":"https:\/\/pizbube.ch\/en\/wp-json\/wp\/v2\/product_cat?post=148211"},{"taxonomy":"product_tag","embeddable":true,"href":"https:\/\/pizbube.ch\/en\/wp-json\/wp\/v2\/product_tag?post=148211"}],"curies":[{"name":"wp","href":"https:\/\/api.w.org\/{rel}","templated":true}]}}