{"id":148212,"date":"2021-01-15T10:56:52","date_gmt":"2021-01-15T10:56:52","guid":{"rendered":"https:\/\/codengine3.ch\/?product=import-placeholder-for-203686"},"modified":"2021-01-15T14:25:40","modified_gmt":"2021-01-15T14:25:40","slug":"escalade-loisir-en-provence","status":"publish","type":"product","link":"https:\/\/pizbube.ch\/en\/shop\/escalade-loisir-en-provence\/","title":{"rendered":"Escalade loisir en Provence"},"content":{"rendered":"<p>\u00c9crit par un passionn\u00e9 qui parcourt depuis pr\u00e8s de trente ans les parois de<br \/>\nProvence et d`ailleurs, ce topo pr\u00e9sente une s\u00e9lection des plus belles voies<br \/>\nabordables de Provence dans les massifs les plus int\u00e9ressants : Garlaban,<br \/>\nSainte-Baume, Sainte-Victoire, Calanques&#8230;  <\/p>\n<p>Pour chaque itin\u00e9raire (800 environ au total), tous les renseignements utiles<br \/>\nsont indiqu\u00e9s : acc\u00e8s, exposition, longueur de corde, difficult\u00e9, et m\u00eame une<br \/>\nappr\u00e9ciation de l`environnement de la falaise afin de pouvoir organiser une<br \/>\nsortie o\u00f9 petits et grands pourront grimper en toute convivialit\u00e9.<\/p>","protected":false},"excerpt":{"rendered":"<p>\u00c9crit par un passionn\u00e9 qui parcourt depuis pr\u00e8s de trente ans les parois de Provence et d`ailleurs, ce topo pr\u00e9sente une s\u00e9lection des plus belles voies abordables de Provence dans les massifs les plus int\u00e9ressants : Garlaban, Sainte-Baume, Sainte-Victoire, Calanques&#8230; Pour chaque itin\u00e9raire (800 environ au total), tous les renseignements utiles sont indiqu\u00e9s : acc\u00e8s, [&#8230;]\n","protected":false},"featured_media":31345,"template":"","meta":[],"product_brand":[],"product_cat":[21539],"product_tag":[],"class_list":{"0":"post-148212","1":"product","2":"type-product","3":"status-publish","4":"has-post-thumbnail","6":"product_cat-fuehrerliteratur-sportklettern-bouldern","7":"pa_autor-giffon","8":"pa_erscheinungsjahr-21776","9":"pa_region-frankreich","10":"pa_sprache-fr","12":"first","13":"outofstock","14":"taxable","15":"shipping-taxable","16":"purchasable","17":"product-type-simple"},"_links":{"self":[{"href":"https:\/\/pizbube.ch\/en\/wp-json\/wp\/v2\/product\/148212","targetHints":{"allow":["GET"]}}],"collection":[{"href":"https:\/\/pizbube.ch\/en\/wp-json\/wp\/v2\/product"}],"about":[{"href":"https:\/\/pizbube.ch\/en\/wp-json\/wp\/v2\/types\/product"}],"wp:featuredmedia":[{"embeddable":true,"href":"https:\/\/pizbube.ch\/en\/wp-json\/wp\/v2\/media\/31345"}],"wp:attachment":[{"href":"https:\/\/pizbube.ch\/en\/wp-json\/wp\/v2\/media?parent=148212"}],"wp:term":[{"taxonomy":"product_brand","embeddable":true,"href":"https:\/\/pizbube.ch\/en\/wp-json\/wp\/v2\/product_brand?post=148212"},{"taxonomy":"product_cat","embeddable":true,"href":"https:\/\/pizbube.ch\/en\/wp-json\/wp\/v2\/product_cat?post=148212"},{"taxonomy":"product_tag","embeddable":true,"href":"https:\/\/pizbube.ch\/en\/wp-json\/wp\/v2\/product_tag?post=148212"}],"curies":[{"name":"wp","href":"https:\/\/api.w.org\/{rel}","templated":true}]}}