{"id":148213,"date":"2021-01-15T10:56:52","date_gmt":"2021-01-15T10:56:52","guid":{"rendered":"https:\/\/codengine3.ch\/?product=import-placeholder-for-207315"},"modified":"2025-10-01T10:01:45","modified_gmt":"2025-10-01T08:01:45","slug":"le-destel-montagnes-de-toulon","status":"publish","type":"product","link":"https:\/\/pizbube.ch\/en\/shop\/le-destel-montagnes-de-toulon\/","title":{"rendered":"Le Destel &#8211; Montagnes de Toulon"},"content":{"rendered":"<p>Escalade &#8211; Randonn\u00e9es &#8211; Grottes &amp; Canyons<\/p>\n<p>Id\u00e9alement situ\u00e9 entre Marseille et Toulon, entre proximit\u00e9 maritime et<br \/>\narri\u00e8re-pays varois, le Destel, ce m\u00e9connu, passe ici pour un \u00ab Petit Verdon<br \/>\n\u00bb. Certes il n\u2019en a pas la profondeur, ni l\u2019ampleur, mais son cadre pr\u00e9serv\u00e9,<br \/>\nsauvage et quelque peu atypique pour la r\u00e9gion a de quoi s\u00e9duire, voire<br \/>\npassionner. Il b\u00e9n\u00e9ficie du climat toulonnais avec ses hivers cl\u00e9ments et son<br \/>\nrecord national d\u2019ensoleillement. Les faces multiples de ses nombreux secteurs<br \/>\noccupent la totalit\u00e9 des expositions possibles et permettent ainsi de jouer<br \/>\nselon les saisons avec le soleil ou avec l\u2019ombre.<\/p>\n<p>L\u2019escalade y est possible toute l\u2019ann\u00e9e, m\u00eame les jours de Mistral dont il est<br \/>\nplut\u00f4t bien abrit\u00e9. La grimpe y est incroyablement vari\u00e9e : en dalle murs<br \/>\nraides ou fissures du 4c au 7c, ou dans ses nombreux d\u00e9vers et grottes dont le<br \/>\nDestel \u00e0 le secret et qui permettent une escalade ultra sportive jusqu\u2019au 8b.<br \/>\nLe choix des voies est tout aussi complet puisqu\u2019il va des couennes de 20m aux<br \/>\ngrandes voies de 200m ! Les randonn\u00e9es sont nombreuses et ludiques, facilement<br \/>\ncombinables entre elles selon nos envies et nos possibilit\u00e9s.<\/p>\n<p>L\u2019exploration des tr\u00e8s nombreuses grottes, souvent habit\u00e9es d\u00e8s le<br \/>\nN\u00e9olithique, parfois orn\u00e9es, ajoute encore un attrait historique \u00e0 ce lieu<br \/>\nunique et passionnant. Le village m\u00e9di\u00e9val d\u2019Evenos qui domine le ravin et<br \/>\ndont l\u2019histoire est intimement li\u00e9e \u00e0 celle du Destel est \u00e0 lui seul un but de<br \/>\nvisite. Enfin deux canyons, ludiques et faciles d\u2019acc\u00e8s compl\u00e8tent la palette<br \/>\ndes activit\u00e9s.<\/p>\n<p>Notre ouvrage en quelques chiffres : -19 secteurs de couennes pour 270<br \/>\nlongueurs -10 secteurs de Grandes voies pour 62 Itin\u00e9raires de 3 \u00e0 8<br \/>\nlongueurs. -Un total de plus de 800 longueurs \u00e0 grimper ! -6 randonn\u00e9es<br \/>\ncombinables entre elles pour faire des parcours sur mesure. -2 canyons -Une<br \/>\nquinzaine de grottes ludiques ou historiques -L\u2019Histoire du Destel, d\u2019Evenos<br \/>\net ses l\u00e9gendes -35 aquarelles in\u00e9dites -65 photos<\/p>","protected":false},"excerpt":{"rendered":"<p>Escalade &#8211; Randonn\u00e9es &#8211; Grottes &amp; Canyons Id\u00e9alement situ\u00e9 entre Marseille et Toulon, entre proximit\u00e9 maritime et arri\u00e8re-pays varois, le Destel, ce m\u00e9connu, passe ici pour un \u00ab Petit Verdon \u00bb. Certes il n\u2019en a pas la profondeur, ni l\u2019ampleur, mais son cadre pr\u00e9serv\u00e9, sauvage et quelque peu atypique pour la r\u00e9gion a de quoi [&#8230;]\n","protected":false},"featured_media":181089,"template":"","meta":[],"product_brand":[],"product_cat":[21539],"product_tag":[],"class_list":{"0":"post-148213","1":"product","2":"type-product","3":"status-publish","4":"has-post-thumbnail","6":"product_cat-fuehrerliteratur-sportklettern-bouldern","7":"pa_autor-fenouil","8":"pa_erscheinungsjahr-21586","9":"pa_region-frankreich","10":"pa_sprache-fr","12":"first","13":"instock","14":"taxable","15":"shipping-taxable","16":"purchasable","17":"product-type-simple"},"_links":{"self":[{"href":"https:\/\/pizbube.ch\/en\/wp-json\/wp\/v2\/product\/148213","targetHints":{"allow":["GET"]}}],"collection":[{"href":"https:\/\/pizbube.ch\/en\/wp-json\/wp\/v2\/product"}],"about":[{"href":"https:\/\/pizbube.ch\/en\/wp-json\/wp\/v2\/types\/product"}],"wp:featuredmedia":[{"embeddable":true,"href":"https:\/\/pizbube.ch\/en\/wp-json\/wp\/v2\/media\/181089"}],"wp:attachment":[{"href":"https:\/\/pizbube.ch\/en\/wp-json\/wp\/v2\/media?parent=148213"}],"wp:term":[{"taxonomy":"product_brand","embeddable":true,"href":"https:\/\/pizbube.ch\/en\/wp-json\/wp\/v2\/product_brand?post=148213"},{"taxonomy":"product_cat","embeddable":true,"href":"https:\/\/pizbube.ch\/en\/wp-json\/wp\/v2\/product_cat?post=148213"},{"taxonomy":"product_tag","embeddable":true,"href":"https:\/\/pizbube.ch\/en\/wp-json\/wp\/v2\/product_tag?post=148213"}],"curies":[{"name":"wp","href":"https:\/\/api.w.org\/{rel}","templated":true}]}}