{"id":148215,"date":"2021-01-15T10:56:52","date_gmt":"2021-01-15T10:56:52","guid":{"rendered":"https:\/\/codengine3.ch\/?product=import-placeholder-for-203702"},"modified":"2021-01-15T14:25:48","modified_gmt":"2021-01-15T14:25:48","slug":"wandern-in-der-toscana","status":"publish","type":"product","link":"https:\/\/pizbube.ch\/en\/shop\/wandern-in-der-toscana\/","title":{"rendered":"Wandern in der Toscana"},"content":{"rendered":"<p>Zuverl\u00e4ssige und detaillierte Wegbeschreibungen f\u00fcr die Planung und<br \/>\nDurchf\u00fchrung der Touren. Zahlreiche farbige Abbildung machen Appetit auf das<br \/>\nNaturerlebnis und wecken die Vorfreude. Markante Naturerscheinungen,<br \/>\nverborgene Sch\u00f6nheiten, r\u00e4tselhafte Spuren &#8211; was unterwegs besonders auff\u00e4llt,<br \/>\nwird am Ende des Textes vorgestellt und erkl\u00e4rt. 35 Touren, exakte Karten,<br \/>\nH\u00f6henprofile. 40 Farbfotos, 36 Karten. 153 S.<\/p>","protected":false},"excerpt":{"rendered":"<p>Zuverl\u00e4ssige und detaillierte Wegbeschreibungen f\u00fcr die Planung und Durchf\u00fchrung der Touren. Zahlreiche farbige Abbildung machen Appetit auf das Naturerlebnis und wecken die Vorfreude. Markante Naturerscheinungen, verborgene Sch\u00f6nheiten, r\u00e4tselhafte Spuren &#8211; was unterwegs besonders auff\u00e4llt, wird am Ende des Textes vorgestellt und erkl\u00e4rt. 35 Touren, exakte Karten, H\u00f6henprofile. 40 Farbfotos, 36 Karten. 153 S.<\/p>","protected":false},"featured_media":31365,"template":"","meta":[],"product_brand":[],"product_cat":[21605],"product_tag":[],"class_list":{"0":"post-148215","1":"product","2":"type-product","3":"status-publish","4":"has-post-thumbnail","6":"product_cat-wanderfuehrer-trekking","7":"pa_autor-hennig","8":"pa_erscheinungsjahr-21830","9":"pa_region-italien","10":"pa_sprache-de","12":"first","13":"instock","14":"taxable","15":"shipping-taxable","16":"purchasable","17":"product-type-simple"},"_links":{"self":[{"href":"https:\/\/pizbube.ch\/en\/wp-json\/wp\/v2\/product\/148215","targetHints":{"allow":["GET"]}}],"collection":[{"href":"https:\/\/pizbube.ch\/en\/wp-json\/wp\/v2\/product"}],"about":[{"href":"https:\/\/pizbube.ch\/en\/wp-json\/wp\/v2\/types\/product"}],"wp:featuredmedia":[{"embeddable":true,"href":"https:\/\/pizbube.ch\/en\/wp-json\/wp\/v2\/media\/31365"}],"wp:attachment":[{"href":"https:\/\/pizbube.ch\/en\/wp-json\/wp\/v2\/media?parent=148215"}],"wp:term":[{"taxonomy":"product_brand","embeddable":true,"href":"https:\/\/pizbube.ch\/en\/wp-json\/wp\/v2\/product_brand?post=148215"},{"taxonomy":"product_cat","embeddable":true,"href":"https:\/\/pizbube.ch\/en\/wp-json\/wp\/v2\/product_cat?post=148215"},{"taxonomy":"product_tag","embeddable":true,"href":"https:\/\/pizbube.ch\/en\/wp-json\/wp\/v2\/product_tag?post=148215"}],"curies":[{"name":"wp","href":"https:\/\/api.w.org\/{rel}","templated":true}]}}