{"id":148216,"date":"2021-01-15T10:56:52","date_gmt":"2021-01-15T10:56:52","guid":{"rendered":"https:\/\/codengine3.ch\/?product=import-placeholder-for-202444"},"modified":"2024-06-19T08:47:26","modified_gmt":"2024-06-19T06:47:26","slug":"elba-wanderfuehrer","status":"publish","type":"product","link":"https:\/\/pizbube.ch\/en\/shop\/elba-wanderfuehrer\/","title":{"rendered":"Elba Wanderf\u00fchrer"},"content":{"rendered":"<p><span class=\"value\">Mit der Grande Traversata Elbana<\/span><\/p>\n<p><span class=\"value\">Wie muss die perfekte Insel f\u00fcr Wanderer aussehen? Gebirgig nat\u00fcrlich, mit schroffen Gipfeln und sanften H\u00f6hen, dazu der w\u00fcrzige Duft der Macchia und Traumstr\u00e4nde am kristallklaren Meer. Elba erf\u00fcllt all diese Tr\u00e4ume. Der Rother Wanderf\u00fchrer \u00bbElba\u00ab stellt die 41 sch\u00f6nsten K\u00fcsten- und Bergwanderungen auf Italiens drittgr\u00f6\u00dfter Insel vor.<\/span><\/p>\n<p>Elba ist ein ideales Gebiet f\u00fcr Wanderer: Die Gipfel \u2013 obwohl nicht allzu hoch \u2013 wirken nahezu alpin und sind herrliche Aussichtspl\u00e4tze. Kultur l\u00e4sst sich auf einem Spaziergang durch die Inselhauptstadt Portoferraio erleben und auch rund um die malerische Stadt gibt es herrliche Wanderm\u00f6glichkeiten. Beschaulich sind die Wanderungen durch die urspr\u00fcnglichen D\u00f6rfer, spannend die Klettertouren auf markante Felsen. Abenteuerlustige Weitwanderer, die die Insel zu Fu\u00df durchqueren m\u00f6chten, finden in diesem Rother Wanderf\u00fchrer auch die Beschreibung der 72 Kilometer langen \u00bbGrande Traversata Elbana\u00ab, Elbas gro\u00dfem Weitwanderweg, der in vier Tagen die gesamte Insel durchquert. Ein Abenteuer, das fernab von Menschen und Tourismus die Vielfalt der Natur Elbas entdecken l\u00e4sst.<\/p>\n<p>Jede Wanderung im Wanderf\u00fchrer Elba wird mit allen wichtigen Angaben, zuverl\u00e4ssiger Wegbeschreibung, Kartenausschnitt mit Routenverlauf und H\u00f6henprofil vorgestellt. Zudem gibt es zahlreiche Tipps zu Einkehr, Sehensw\u00fcrdigkeiten, Badestellen und interessanten Varianten. Gepr\u00fcfte GPS-Daten, die zum Download von der Internetseite des Rother Bergverlags bereitstehen, machen die Orientierung unterwegs einfach. Praktisch ist auch die extra Tourenkarte mit eingezeichneten Routenverl\u00e4ufen zum Herausnehmen.<\/p>\n<p>160 Seiten mit 94 Farbabbildungen<br \/>\n45 H\u00f6henprofile, 44 Wanderk\u00e4rtchen im Ma\u00dfstab 1:30.000 und 1:50.000, ein<br \/>\nStadtplan sowie zwei \u00dcbersichtskarten im Ma\u00dfstab 1:150.000 und 1:300.000.<\/p>\n<p>Mit extra Tourenkarte im Ma\u00dfstab 1:35.000.<br \/>\n8. \u00fcberarbeitete Auflg. 2024<\/p>","protected":false},"excerpt":{"rendered":"<p>Mit der Grande Traversata Elbana Wie muss die perfekte Insel f\u00fcr Wanderer aussehen? Gebirgig nat\u00fcrlich, mit schroffen Gipfeln und sanften H\u00f6hen, dazu der w\u00fcrzige Duft der Macchia und Traumstr\u00e4nde am kristallklaren Meer. Elba erf\u00fcllt all diese Tr\u00e4ume. Der Rother Wanderf\u00fchrer \u00bbElba\u00ab stellt die 41 sch\u00f6nsten K\u00fcsten- und Bergwanderungen auf Italiens drittgr\u00f6\u00dfter Insel vor. Elba ist [&#8230;]\n","protected":false},"featured_media":173500,"template":"","meta":[],"product_brand":[],"product_cat":[21605],"product_tag":[],"class_list":{"0":"post-148216","1":"product","2":"type-product","3":"status-publish","4":"has-post-thumbnail","6":"product_cat-wanderfuehrer-trekking","7":"pa_autor-winter","8":"pa_erscheinungsjahr-27339","9":"pa_region-italien","10":"pa_sprache-de","12":"first","13":"instock","14":"taxable","15":"shipping-taxable","16":"purchasable","17":"product-type-simple"},"_links":{"self":[{"href":"https:\/\/pizbube.ch\/en\/wp-json\/wp\/v2\/product\/148216","targetHints":{"allow":["GET"]}}],"collection":[{"href":"https:\/\/pizbube.ch\/en\/wp-json\/wp\/v2\/product"}],"about":[{"href":"https:\/\/pizbube.ch\/en\/wp-json\/wp\/v2\/types\/product"}],"wp:featuredmedia":[{"embeddable":true,"href":"https:\/\/pizbube.ch\/en\/wp-json\/wp\/v2\/media\/173500"}],"wp:attachment":[{"href":"https:\/\/pizbube.ch\/en\/wp-json\/wp\/v2\/media?parent=148216"}],"wp:term":[{"taxonomy":"product_brand","embeddable":true,"href":"https:\/\/pizbube.ch\/en\/wp-json\/wp\/v2\/product_brand?post=148216"},{"taxonomy":"product_cat","embeddable":true,"href":"https:\/\/pizbube.ch\/en\/wp-json\/wp\/v2\/product_cat?post=148216"},{"taxonomy":"product_tag","embeddable":true,"href":"https:\/\/pizbube.ch\/en\/wp-json\/wp\/v2\/product_tag?post=148216"}],"curies":[{"name":"wp","href":"https:\/\/api.w.org\/{rel}","templated":true}]}}