{"id":148217,"date":"2021-01-15T10:56:52","date_gmt":"2021-01-15T10:56:52","guid":{"rendered":"https:\/\/codengine3.ch\/?product=import-placeholder-for-202139"},"modified":"2025-04-16T12:29:27","modified_gmt":"2025-04-16T10:29:27","slug":"isola-d-elba-125000","status":"publish","type":"product","link":"https:\/\/pizbube.ch\/en\/shop\/isola-d-elba-125000\/","title":{"rendered":"Isola d`Elba 1:25`000"},"content":{"rendered":"<p>WK 2468<br \/>\nWanden &#8211; Rad &#8211; Seekarte. GPS-genau<\/p>\n<p>Die KOMPASS Wanderkarten \u00fcberzeugen durch eine GPS-genaue und aktuelle Karte<br \/>\nzur einfachen Orientierung den beigelegten Kurzf\u00fchrer zu Wissenswerten in der<br \/>\nRegion lesefreundliche Optik im idealen Ma\u00dfstab von 1:25.000<\/p>\n<p><span class=\"value\">3in1 Wanderkarte 1:25000 mit Aktiv Guide inklusive Karte zur offline Verwendung in der KOMPASS-App. Fahrradfahren<\/span><\/p>\n<p><span class=\"value\">Die 3in1 Wanderkarte ist jetzt noch \u00fcbersichtlicher und besser lesbar. Der Aktiv Guide informiert Sie rund um das Thema Outdoor und die kostenlose App f\u00fcr unterwegs gibt es auch noch dazu. Das bildet die perfekte Grundlage f\u00fcr die Planung einer Wandertour. Die pr\u00e4zise Kartografie zeigt alle begehbaren Wanderwege inklusive Klassifizierung. Informationen wie Schwimmb\u00e4der, Klettersteige, Kinderspielpl\u00e4tze, H\u00fctten und vieles mehr sind in der Karte ebenfalls enthalten. Dank der rei\u00df- und wetterfesten Papierqualit\u00e4t ist die Karte bei jedem Wetter ein treuer Begleiter.<br \/>\n&#8211; Die Insel Elba liegt rund 10 km vor der K\u00fcste der Toskana und geh\u00f6rt ganz sicher ins Portfolio eines jeden Wanderfreaks. Auf rund 28 km L\u00e4nge und ca 20 km Breite lockt eine F\u00fclle von Wanderungen \u2013 bis auf rund 1000Meter H\u00f6he.<br \/>\n&#8211; Die angenehmen Temperaturen, die Bl\u00fctenpracht, die gut markierten Wege, die tolle Infrastruktur sind beste Voraussetzungen f\u00fcr einen aktiven Urlaub. Im Westen Elbas hat das Massiv des Monte Capanne (h\u00f6chster Berg mit 1018m ) facettenreiche Strecken zu bieten. Im Osten Elbas erreichen die Gipfel bis zu 516Metern H\u00f6he.<br \/>\n&#8211; Und immer mit dabei: zerkl\u00fcftete K\u00fcstenabschnitte, pittoreske Buchten, wunderbare Ausblicke, dichte W\u00e4lder, feine Sandstr\u00e4nde und idyllische D\u00f6rfer zum Genie\u00dfen. Elba ist eine charmante Mischung aus mediterraner Lebensfreude und abwechslungsreichem Aktiv-Genuss. Die Hauptstadt Portoferraio ist auch der wichtigste Hafen und hat eine sch\u00f6ne Altstadt.<\/span><\/p>","protected":false},"excerpt":{"rendered":"<p>WK 2468 Wanden &#8211; Rad &#8211; Seekarte. GPS-genau Die KOMPASS Wanderkarten \u00fcberzeugen durch eine GPS-genaue und aktuelle Karte zur einfachen Orientierung den beigelegten Kurzf\u00fchrer zu Wissenswerten in der Region lesefreundliche Optik im idealen Ma\u00dfstab von 1:25.000 3in1 Wanderkarte 1:25000 mit Aktiv Guide inklusive Karte zur offline Verwendung in der KOMPASS-App. Fahrradfahren Die 3in1 Wanderkarte ist [&#8230;]\n","protected":false},"featured_media":179357,"template":"","meta":[],"product_brand":[],"product_cat":[21543],"product_tag":[],"class_list":{"0":"post-148217","1":"product","2":"type-product","3":"status-publish","4":"has-post-thumbnail","6":"product_cat-landkarten","7":"pa_autor-kompass","8":"pa_erscheinungsjahr-27415","9":"pa_region-italien","10":"pa_sprache-de-en-it","12":"first","13":"instock","14":"taxable","15":"shipping-taxable","16":"purchasable","17":"product-type-simple"},"_links":{"self":[{"href":"https:\/\/pizbube.ch\/en\/wp-json\/wp\/v2\/product\/148217","targetHints":{"allow":["GET"]}}],"collection":[{"href":"https:\/\/pizbube.ch\/en\/wp-json\/wp\/v2\/product"}],"about":[{"href":"https:\/\/pizbube.ch\/en\/wp-json\/wp\/v2\/types\/product"}],"wp:featuredmedia":[{"embeddable":true,"href":"https:\/\/pizbube.ch\/en\/wp-json\/wp\/v2\/media\/179357"}],"wp:attachment":[{"href":"https:\/\/pizbube.ch\/en\/wp-json\/wp\/v2\/media?parent=148217"}],"wp:term":[{"taxonomy":"product_brand","embeddable":true,"href":"https:\/\/pizbube.ch\/en\/wp-json\/wp\/v2\/product_brand?post=148217"},{"taxonomy":"product_cat","embeddable":true,"href":"https:\/\/pizbube.ch\/en\/wp-json\/wp\/v2\/product_cat?post=148217"},{"taxonomy":"product_tag","embeddable":true,"href":"https:\/\/pizbube.ch\/en\/wp-json\/wp\/v2\/product_tag?post=148217"}],"curies":[{"name":"wp","href":"https:\/\/api.w.org\/{rel}","templated":true}]}}