{"id":148218,"date":"2021-01-15T10:56:52","date_gmt":"2021-01-15T10:56:52","guid":{"rendered":"https:\/\/codengine3.ch\/?product=import-placeholder-for-208499"},"modified":"2023-10-04T08:45:12","modified_gmt":"2023-10-04T06:45:12","slug":"toscana-150000","status":"publish","type":"product","link":"https:\/\/pizbube.ch\/en\/shop\/toscana-150000\/","title":{"rendered":"Toscana 1:50`000"},"content":{"rendered":"<p>Herz der Toskana &#8211; Heart of Tuscany &#8211; Nel cuore della Toscana &#8211; WK 2440<br \/>\n4 Wanderkarten mit Radrouten.<br \/>\nWK 2440 Toscana &#8211; Herz der Toskana (4-K)<\/p>\n<p>KOMPASS Karten enthalten alles Wissenswerte f\u00fcr den Outdoor-Genie\u00dfer. Wander-<br \/>\nund Radwege mit Markierungen je nach Schwierigkeitsgrad, entsprechende<br \/>\nH\u00f6henlinien und Vegetationsformen sowie umfassende touristische Informationen.<br \/>\nAusgezeichnet mit dem ITB BuchAward 2010.<\/p>\n<p>Englisch \/ Deutsch \/ Italienisch, 4 Karten; mit Download-M\u00f6glichkeit Kompass-<br \/>\nApp<\/p>","protected":false},"excerpt":{"rendered":"<p>Herz der Toskana &#8211; Heart of Tuscany &#8211; Nel cuore della Toscana &#8211; WK 2440 4 Wanderkarten mit Radrouten. WK 2440 Toscana &#8211; Herz der Toskana (4-K) KOMPASS Karten enthalten alles Wissenswerte f\u00fcr den Outdoor-Genie\u00dfer. Wander- und Radwege mit Markierungen je nach Schwierigkeitsgrad, entsprechende H\u00f6henlinien und Vegetationsformen sowie umfassende touristische Informationen. Ausgezeichnet mit dem ITB [&#8230;]\n","protected":false},"featured_media":161034,"template":"","meta":[],"product_brand":[],"product_cat":[21543],"product_tag":[],"class_list":{"0":"post-148218","1":"product","2":"type-product","3":"status-publish","4":"has-post-thumbnail","6":"product_cat-landkarten","7":"pa_autor-kompass","8":"pa_erscheinungsjahr-27013","9":"pa_region-italien","10":"pa_sprache-de","11":"pa_sprache-en","12":"pa_sprache-it","14":"first","15":"instock","16":"taxable","17":"shipping-taxable","18":"purchasable","19":"product-type-simple"},"_links":{"self":[{"href":"https:\/\/pizbube.ch\/en\/wp-json\/wp\/v2\/product\/148218","targetHints":{"allow":["GET"]}}],"collection":[{"href":"https:\/\/pizbube.ch\/en\/wp-json\/wp\/v2\/product"}],"about":[{"href":"https:\/\/pizbube.ch\/en\/wp-json\/wp\/v2\/types\/product"}],"wp:featuredmedia":[{"embeddable":true,"href":"https:\/\/pizbube.ch\/en\/wp-json\/wp\/v2\/media\/161034"}],"wp:attachment":[{"href":"https:\/\/pizbube.ch\/en\/wp-json\/wp\/v2\/media?parent=148218"}],"wp:term":[{"taxonomy":"product_brand","embeddable":true,"href":"https:\/\/pizbube.ch\/en\/wp-json\/wp\/v2\/product_brand?post=148218"},{"taxonomy":"product_cat","embeddable":true,"href":"https:\/\/pizbube.ch\/en\/wp-json\/wp\/v2\/product_cat?post=148218"},{"taxonomy":"product_tag","embeddable":true,"href":"https:\/\/pizbube.ch\/en\/wp-json\/wp\/v2\/product_tag?post=148218"}],"curies":[{"name":"wp","href":"https:\/\/api.w.org\/{rel}","templated":true}]}}