{"id":148219,"date":"2021-01-15T10:56:52","date_gmt":"2021-01-15T10:56:52","guid":{"rendered":"https:\/\/codengine3.ch\/?product=import-placeholder-for-200648"},"modified":"2024-04-19T11:15:29","modified_gmt":"2024-04-19T09:15:29","slug":"muzzerone","status":"publish","type":"product","link":"https:\/\/pizbube.ch\/en\/shop\/muzzerone\/","title":{"rendered":"MUZZERONE"},"content":{"rendered":"<p>Kurze und lange Routen an der steilen K\u00fcste zwischen Porto Venere und Cinque<br \/>\nTerre.<\/p>\n<p>Muzzerone: Wei\u00dfe Felsw\u00e4nde direkt \u00fcber dem blauen Meer grenzen nahezu<br \/>\nunvermittelt an den K\u00fcstenstreifen mit dem UNESCO-Weltkulturerbe Cinque Terre\u2026<br \/>\nDer Blick streift von Porto Venere \u00fcber die Insel Palmaria bis zu den<br \/>\nApuanischen Alpen und nach Korsika.<br \/>\nM\u00f6wen kreisen im Himmel: Es scheint ein Traum zu sein und doch ist es<br \/>\nRealit\u00e4t.<\/p>\n<p>Klettern kann man hier das ganze Jahr, bis die Sonne im Meer versinkt. Kurze,<br \/>\nselten wirklich extreme Routen finden sich ebenso wie gut abgesicherte<br \/>\nMehrseill\u00e4ngenwege \u2013 atemberaubende Tiefblicke gibt es gratis dazu.<\/p>\n<p>Die Neuausgabe dieses F\u00fchrers beschreibt mit beeindruckenden Fotos (und Videos<br \/>\nper App) aus der Vogelperspektive ein gro\u00dfartiges und au\u00dfergew\u00f6hnliches<br \/>\nKlettergebiet, das vom malerischen Hafenst\u00e4dtchen Porto Venere nur eine knappe<br \/>\nhalbe Stunde zu Fu\u00df oder 10 Minuten mit dem Auto entfernt ist.<\/p>","protected":false},"excerpt":{"rendered":"<ul>\n<li><a href=\"https:\/\/youtu.be\/sFPuGhi21iQ\" target=\"_blank\" rel=\"noopener\">Video: Trailer Muzzerone<\/a><\/li>\n<\/ul>","protected":false},"featured_media":158560,"template":"","meta":[],"product_brand":[],"product_cat":[21539],"product_tag":[27338],"class_list":{"0":"post-148219","1":"product","2":"type-product","3":"status-publish","4":"has-post-thumbnail","6":"product_cat-fuehrerliteratur-sportklettern-bouldern","7":"product_tag-la-spezia","8":"pa_autor-battistella","9":"pa_erscheinungsjahr-21574","10":"pa_region-italien","11":"pa_sprache-de","13":"first","14":"instock","15":"taxable","16":"shipping-taxable","17":"purchasable","18":"product-type-simple"},"_links":{"self":[{"href":"https:\/\/pizbube.ch\/en\/wp-json\/wp\/v2\/product\/148219","targetHints":{"allow":["GET"]}}],"collection":[{"href":"https:\/\/pizbube.ch\/en\/wp-json\/wp\/v2\/product"}],"about":[{"href":"https:\/\/pizbube.ch\/en\/wp-json\/wp\/v2\/types\/product"}],"wp:featuredmedia":[{"embeddable":true,"href":"https:\/\/pizbube.ch\/en\/wp-json\/wp\/v2\/media\/158560"}],"wp:attachment":[{"href":"https:\/\/pizbube.ch\/en\/wp-json\/wp\/v2\/media?parent=148219"}],"wp:term":[{"taxonomy":"product_brand","embeddable":true,"href":"https:\/\/pizbube.ch\/en\/wp-json\/wp\/v2\/product_brand?post=148219"},{"taxonomy":"product_cat","embeddable":true,"href":"https:\/\/pizbube.ch\/en\/wp-json\/wp\/v2\/product_cat?post=148219"},{"taxonomy":"product_tag","embeddable":true,"href":"https:\/\/pizbube.ch\/en\/wp-json\/wp\/v2\/product_tag?post=148219"}],"curies":[{"name":"wp","href":"https:\/\/api.w.org\/{rel}","templated":true}]}}