{"id":148221,"date":"2021-01-15T10:56:52","date_gmt":"2021-01-15T10:56:52","guid":{"rendered":"https:\/\/codengine3.ch\/?product=import-placeholder-for-200372"},"modified":"2024-11-23T12:49:56","modified_gmt":"2024-11-23T11:49:56","slug":"bernd-arnold-barfuss-im-sand","status":"publish","type":"product","link":"https:\/\/pizbube.ch\/en\/shop\/bernd-arnold-barfuss-im-sand\/","title":{"rendered":"Bernd Arnold &#8211; Barfuss im Sand"},"content":{"rendered":"<p>Der zweite Band einer Trilogie \u00fcber sein Leben.<\/p>\n<p>Der s\u00e4chsische Kletterer Bernd Arnold hat einen festen Platz in der Hall of<br \/>\nFame der weltbesten Kletterer. Vom Ende der Sechzigerjahre an, war er f\u00fcr mehr<br \/>\nals ein Jahrzehnt einer der Wegbereiter des Sports. Im heimischen<br \/>\nElbsandsteingebirge hat er mit \u00fcber 900 Erstbegehungen Ma\u00dfst\u00e4be gesetzt und<br \/>\ndamit ein bewundernswertes Werk hinterlassen. Sein Markenzeichen war die<br \/>\nBarfu\u00dfkletterei.<\/p>\n<p>Peter Brunnert dokumentiert diese bemerkenswerte Bergsteigerpers\u00f6nlichkeit in<br \/>\neinem aufwendig recherchierten und reich bebilderten Buch. Es beschreibt die<br \/>\nZeit von 1947 bis 1988 und ist somit der zweite Band einer Trilogie \u00fcber sein<br \/>\nLeben.<\/p>\n<p>Band 1 der Trilogie findest Du hier: <strong><a href=\"https:\/\/pizbube.ch\/en\/shop\/bernd-arnold-ein-grenzgang\/\" target=\"_blank\" rel=\"noopener\">Bernd Arnold \u2013 Ein Grenzgang<\/a><br \/>\n<\/strong>Der dritte Band der Trilogie \u00fcber sein Leben: <strong><a href=\"https:\/\/pizbube.ch\/en\/shop\/bernd-arnold-riders-on-the-storm\/\" target=\"_blank\" rel=\"noopener\">Bernd Arnold \u2013 Riders on the Storm<\/a><\/strong><\/p>\n<p>336 Seiten; Hardcover mit Schutzumschlag, Format 18,5 x 23 cm<\/p>","protected":false},"excerpt":{"rendered":"<ul>\n<li><a href=\"https:\/\/pizbube.ch\/wp-content\/uploads\/attachments\/a_003\/2476FF0BDD11747EA54989173F7CF092.pdf\" target=\"_blank\" rel=\"noopener\">PDF: Leseprobe_Barfuss_im_Sand<\/a><\/li>\n<\/ul>","protected":false},"featured_media":177333,"template":"","meta":[],"product_brand":[],"product_cat":[21542],"product_tag":[],"class_list":{"0":"post-148221","1":"product","2":"type-product","3":"status-publish","4":"has-post-thumbnail","6":"product_cat-sachbuecher-dokumentationen","7":"pa_autor-brunnert","8":"pa_erscheinungsjahr-21558","9":"pa_region-deutschland","10":"pa_sprache-de","12":"first","13":"instock","14":"taxable","15":"shipping-taxable","16":"purchasable","17":"product-type-simple"},"_links":{"self":[{"href":"https:\/\/pizbube.ch\/en\/wp-json\/wp\/v2\/product\/148221","targetHints":{"allow":["GET"]}}],"collection":[{"href":"https:\/\/pizbube.ch\/en\/wp-json\/wp\/v2\/product"}],"about":[{"href":"https:\/\/pizbube.ch\/en\/wp-json\/wp\/v2\/types\/product"}],"wp:featuredmedia":[{"embeddable":true,"href":"https:\/\/pizbube.ch\/en\/wp-json\/wp\/v2\/media\/177333"}],"wp:attachment":[{"href":"https:\/\/pizbube.ch\/en\/wp-json\/wp\/v2\/media?parent=148221"}],"wp:term":[{"taxonomy":"product_brand","embeddable":true,"href":"https:\/\/pizbube.ch\/en\/wp-json\/wp\/v2\/product_brand?post=148221"},{"taxonomy":"product_cat","embeddable":true,"href":"https:\/\/pizbube.ch\/en\/wp-json\/wp\/v2\/product_cat?post=148221"},{"taxonomy":"product_tag","embeddable":true,"href":"https:\/\/pizbube.ch\/en\/wp-json\/wp\/v2\/product_tag?post=148221"}],"curies":[{"name":"wp","href":"https:\/\/api.w.org\/{rel}","templated":true}]}}