{"id":148225,"date":"2021-01-15T10:56:52","date_gmt":"2021-01-15T10:56:52","guid":{"rendered":"https:\/\/codengine3.ch\/?product=import-placeholder-for-200522"},"modified":"2022-10-03T15:05:00","modified_gmt":"2022-10-03T13:05:00","slug":"leben-in-den-kleinen-felsen-klettern-in-der-ddr","status":"publish","type":"product","link":"https:\/\/pizbube.ch\/en\/shop\/leben-in-den-kleinen-felsen-klettern-in-der-ddr\/","title":{"rendered":"Leben in den kleinen Felsen &#8211; Klettern in der DDR"},"content":{"rendered":"<p>Der Klettersport war weitab vom Mainstream und die eingeschworene<br \/>\nGemeinschaft, die ihn betrieb, lie\u00df sich viel einfallen, um Hindernisse, wie<br \/>\nMaterialmangel und Reisebeschr\u00e4nkungen zu umgehen. In der Boofe und am<br \/>\nLagerfeuer r\u00fcckten die Menschen zusammen. Das Kletterwochenende war mehr, als<br \/>\nnur eine Flucht aus der Realit\u00e4t &#8211; es war ein Leben in der Gemeinschaft ohne<br \/>\ndoppeltes Gesicht. F\u00fcr viele war es ein zweites Zuhause.<\/p>\n<p>Das Buch nimmt uns mit auf eine Reise durch alle Klettergebiete des Arbeiter-<br \/>\nund Bauernstaates, streift deren Besonderheiten und l\u00e4sst zahlreiche<br \/>\nProtagonisten der damaligen Szene zu Worte kommen. Diese sind es auch, die den<br \/>\nZeithorizont in die Vergangenheit \u00f6ffnen und den Blick auf die vom Autor<br \/>\nselbst nicht erlebten fr\u00fchen Jahrzehnte der DDR richten.<\/p>\n<p>Der Klettersport war beides, Flucht aus der Banalit\u00e4t des Alltags genauso, wie<br \/>\nauch ein verzerrtes Spiegelbild der gesellschaftlichen Verh\u00e4ltnisse der<br \/>\ndamaligen Zeit. Das Spannungsfeld zwischen der Freiheit in der Freizeit und<br \/>\ndem trotzdem latent vorhandenen Ordnungsdruck eines deutschen Beamtenstaates<br \/>\nf\u00fchrt besonders in exotischen Randsportarten, wie es das Klettern damals war,<br \/>\nzur Ausbildung einer eigenen Subkultur, deren Atmosph\u00e4re das Buch einf\u00e4ngt.<\/p>","protected":false},"excerpt":{"rendered":"<p>Der Klettersport war weitab vom Mainstream und die eingeschworene Gemeinschaft, die ihn betrieb, lie\u00df sich viel einfallen, um Hindernisse, wie Materialmangel und Reisebeschr\u00e4nkungen zu umgehen. In der Boofe und am Lagerfeuer r\u00fcckten die Menschen zusammen. Das Kletterwochenende war mehr, als nur eine Flucht aus der Realit\u00e4t &#8211; es war ein Leben in der Gemeinschaft ohne [&#8230;]\n","protected":false},"featured_media":27169,"template":"","meta":[],"product_brand":[],"product_cat":[21542],"product_tag":[],"class_list":{"0":"post-148225","1":"product","2":"type-product","3":"status-publish","4":"has-post-thumbnail","6":"product_cat-sachbuecher-dokumentationen","7":"pa_autor-krug","8":"pa_erscheinungsjahr-21574","9":"pa_region-deutschland","10":"pa_sprache-de","12":"first","13":"outofstock","14":"taxable","15":"shipping-taxable","16":"purchasable","17":"product-type-simple"},"_links":{"self":[{"href":"https:\/\/pizbube.ch\/en\/wp-json\/wp\/v2\/product\/148225","targetHints":{"allow":["GET"]}}],"collection":[{"href":"https:\/\/pizbube.ch\/en\/wp-json\/wp\/v2\/product"}],"about":[{"href":"https:\/\/pizbube.ch\/en\/wp-json\/wp\/v2\/types\/product"}],"wp:featuredmedia":[{"embeddable":true,"href":"https:\/\/pizbube.ch\/en\/wp-json\/wp\/v2\/media\/27169"}],"wp:attachment":[{"href":"https:\/\/pizbube.ch\/en\/wp-json\/wp\/v2\/media?parent=148225"}],"wp:term":[{"taxonomy":"product_brand","embeddable":true,"href":"https:\/\/pizbube.ch\/en\/wp-json\/wp\/v2\/product_brand?post=148225"},{"taxonomy":"product_cat","embeddable":true,"href":"https:\/\/pizbube.ch\/en\/wp-json\/wp\/v2\/product_cat?post=148225"},{"taxonomy":"product_tag","embeddable":true,"href":"https:\/\/pizbube.ch\/en\/wp-json\/wp\/v2\/product_tag?post=148225"}],"curies":[{"name":"wp","href":"https:\/\/api.w.org\/{rel}","templated":true}]}}