{"id":148228,"date":"2021-01-15T10:56:53","date_gmt":"2021-01-15T10:56:53","guid":{"rendered":"https:\/\/codengine3.ch\/?product=import-placeholder-for-201792"},"modified":"2021-01-15T12:04:38","modified_gmt":"2021-01-15T12:04:38","slug":"klaettring-i-sverige","status":"publish","type":"product","link":"https:\/\/pizbube.ch\/en\/shop\/klaettring-i-sverige\/","title":{"rendered":"Kl\u00e4ttring i Sverige"},"content":{"rendered":"<p>En guidebok till Sveriges b\u00e4sta kl\u00e4tteromraden &#8211; totalt 450 leder!(Topo-<br \/>\nKletterf\u00fchrer von ganz Schweden)  <\/p>\n<p>Kl\u00e4ttring i Sverige (Climbing in Sweden) by Patrik Leje and Jonas Paulsson, is<br \/>\na guidebook that presents the 16 best areas in the country. A total of 450<br \/>\nroutes are described.  <\/p>","protected":false},"excerpt":{"rendered":"<p>En guidebok till Sveriges b\u00e4sta kl\u00e4tteromraden &#8211; totalt 450 leder!(Topo- Kletterf\u00fchrer von ganz Schweden) Kl\u00e4ttring i Sverige (Climbing in Sweden) by Patrik Leje and Jonas Paulsson, is a guidebook that presents the 16 best areas in the country. A total of 450 routes are described.<\/p>","protected":false},"featured_media":29179,"template":"","meta":[],"product_brand":[],"product_cat":[21539],"product_tag":[],"class_list":{"0":"post-148228","1":"product","2":"type-product","3":"status-publish","4":"has-post-thumbnail","6":"product_cat-fuehrerliteratur-sportklettern-bouldern","7":"pa_autor-leje-paulsson","8":"pa_erscheinungsjahr-22151","9":"pa_region-skandinavien-norwegen-schweden-finnland","10":"pa_sprache-s","12":"first","13":"outofstock","14":"taxable","15":"shipping-taxable","16":"purchasable","17":"product-type-simple"},"_links":{"self":[{"href":"https:\/\/pizbube.ch\/en\/wp-json\/wp\/v2\/product\/148228","targetHints":{"allow":["GET"]}}],"collection":[{"href":"https:\/\/pizbube.ch\/en\/wp-json\/wp\/v2\/product"}],"about":[{"href":"https:\/\/pizbube.ch\/en\/wp-json\/wp\/v2\/types\/product"}],"wp:featuredmedia":[{"embeddable":true,"href":"https:\/\/pizbube.ch\/en\/wp-json\/wp\/v2\/media\/29179"}],"wp:attachment":[{"href":"https:\/\/pizbube.ch\/en\/wp-json\/wp\/v2\/media?parent=148228"}],"wp:term":[{"taxonomy":"product_brand","embeddable":true,"href":"https:\/\/pizbube.ch\/en\/wp-json\/wp\/v2\/product_brand?post=148228"},{"taxonomy":"product_cat","embeddable":true,"href":"https:\/\/pizbube.ch\/en\/wp-json\/wp\/v2\/product_cat?post=148228"},{"taxonomy":"product_tag","embeddable":true,"href":"https:\/\/pizbube.ch\/en\/wp-json\/wp\/v2\/product_tag?post=148228"}],"curies":[{"name":"wp","href":"https:\/\/api.w.org\/{rel}","templated":true}]}}