{"id":148231,"date":"2021-01-15T10:56:53","date_gmt":"2021-01-15T10:56:53","guid":{"rendered":"https:\/\/codengine3.ch\/?product=import-placeholder-for-208513"},"modified":"2024-11-18T17:07:29","modified_gmt":"2024-11-18T16:07:29","slug":"montserrat-free-climbs-the-very-best","status":"publish","type":"product","link":"https:\/\/pizbube.ch\/en\/shop\/montserrat-free-climbs-the-very-best\/","title":{"rendered":"MONTSERRAT Free Climbs &#8211; The Very Best"},"content":{"rendered":"<p>Montserrat se puede considerar como una de las monta\u00f1as m\u00e1s espirituales del planeta. Pero esta monta\u00f1a no solo atrae a los escaladores por su significado religioso, a unos 50 kil\u00f3metros de Barcelona, Montserrat es una de las cimas m\u00e1s importantes de toda Catalu\u00f1a. En este libro podremos encontrar rutas de varios d\u00edas e itinerarios de una sola jornada. Incluye im\u00e1genes de gran calidad, croquis de las rutas e informaci\u00f3n pr\u00e1ctica de gran utilidad.<\/p>\n<p>A selection of more than a thousand routes from single-pitch sport problems to<br \/>\nfull day climbing on big walls &#8211; both sport and trad.<\/p>\n<p>There are full colour photo topos and action shots, in over 400 pages,<br \/>\ncovering all Montserrat regions.<br \/>\nIn English, Spanish and Catalan.<\/p>","protected":false},"excerpt":{"rendered":"<p>Montserrat se puede considerar como una de las monta\u00f1as m\u00e1s espirituales del planeta. Pero esta monta\u00f1a no solo atrae a los escaladores por su significado religioso, a unos 50 kil\u00f3metros de Barcelona, Montserrat es una de las cimas m\u00e1s importantes de toda Catalu\u00f1a. En este libro podremos encontrar rutas de varios d\u00edas e itinerarios de [&#8230;]\n","protected":false},"featured_media":168908,"template":"","meta":[],"product_brand":[],"product_cat":[21539],"product_tag":[],"class_list":{"0":"post-148231","1":"product","2":"type-product","3":"status-publish","4":"has-post-thumbnail","6":"product_cat-fuehrerliteratur-sportklettern-bouldern","7":"pa_autor-castellnou-ferret","8":"pa_erscheinungsjahr-21597","9":"pa_region-spanien","10":"pa_sprache-es-en","12":"first","13":"outofstock","14":"taxable","15":"shipping-taxable","16":"purchasable","17":"product-type-simple"},"_links":{"self":[{"href":"https:\/\/pizbube.ch\/en\/wp-json\/wp\/v2\/product\/148231","targetHints":{"allow":["GET"]}}],"collection":[{"href":"https:\/\/pizbube.ch\/en\/wp-json\/wp\/v2\/product"}],"about":[{"href":"https:\/\/pizbube.ch\/en\/wp-json\/wp\/v2\/types\/product"}],"wp:featuredmedia":[{"embeddable":true,"href":"https:\/\/pizbube.ch\/en\/wp-json\/wp\/v2\/media\/168908"}],"wp:attachment":[{"href":"https:\/\/pizbube.ch\/en\/wp-json\/wp\/v2\/media?parent=148231"}],"wp:term":[{"taxonomy":"product_brand","embeddable":true,"href":"https:\/\/pizbube.ch\/en\/wp-json\/wp\/v2\/product_brand?post=148231"},{"taxonomy":"product_cat","embeddable":true,"href":"https:\/\/pizbube.ch\/en\/wp-json\/wp\/v2\/product_cat?post=148231"},{"taxonomy":"product_tag","embeddable":true,"href":"https:\/\/pizbube.ch\/en\/wp-json\/wp\/v2\/product_tag?post=148231"}],"curies":[{"name":"wp","href":"https:\/\/api.w.org\/{rel}","templated":true}]}}