{"id":148232,"date":"2021-01-15T10:56:53","date_gmt":"2021-01-15T10:56:53","guid":{"rendered":"https:\/\/codengine3.ch\/?product=import-placeholder-for-202158"},"modified":"2024-10-29T11:10:17","modified_gmt":"2024-10-29T10:10:17","slug":"montserrat-ascensiones-de-leyenda","status":"publish","type":"product","link":"https:\/\/pizbube.ch\/en\/shop\/montserrat-ascensiones-de-leyenda\/","title":{"rendered":"Montserrat &#8211; Ascensiones de leyenda"},"content":{"rendered":"<p>Beschreibung von 100 klassischen Routen in Montserrat und ihre Geschichte:<br \/>\nTopos und Abbildungen.<\/p>\n<p>Antonio Garc\u00eda Picazo, autor de Montserrat. Las m\u00e1s bellas ascensiones y Mont<br \/>\nRebei. Biograf\u00eda alpin\u00edstica, publica ahora este libro.<\/p>\n<p>En \u00e9l y siguiendo la t\u00f3nica de sus anteriores publicaciones, hace una<br \/>\nrecopilaci\u00f3n de las que para \u00e9l son las m\u00e1s bellas y significativas escaladas<br \/>\nen su querida Montserrat. Cada una de estas v\u00edas se acompa\u00f1a de los<br \/>\ncorrespondientes croquis, curiosidades montserratinas, de la historia que las<br \/>\nrodea, como an\u00e9cdotas y primeras ascensiones. Por supuesto da todo tipo de<br \/>\ndetalles \u00fatiles para realizar las v\u00edas.<\/p>","protected":false},"excerpt":{"rendered":"<p>Beschreibung von 100 klassischen Routen in Montserrat und ihre Geschichte: Topos und Abbildungen. Antonio Garc\u00eda Picazo, autor de Montserrat. Las m\u00e1s bellas ascensiones y Mont Rebei. Biograf\u00eda alpin\u00edstica, publica ahora este libro. En \u00e9l y siguiendo la t\u00f3nica de sus anteriores publicaciones, hace una recopilaci\u00f3n de las que para \u00e9l son las m\u00e1s bellas y [&#8230;]\n","protected":false},"featured_media":29545,"template":"","meta":[],"product_brand":[],"product_cat":[21539],"product_tag":[],"class_list":{"0":"post-148232","1":"product","2":"type-product","3":"status-publish","4":"has-post-thumbnail","6":"product_cat-fuehrerliteratur-sportklettern-bouldern","7":"pa_autor-picazo","8":"pa_erscheinungsjahr-21750","9":"pa_region-spanien","10":"pa_sprache-s","12":"first","13":"instock","14":"taxable","15":"shipping-taxable","16":"purchasable","17":"product-type-simple"},"_links":{"self":[{"href":"https:\/\/pizbube.ch\/en\/wp-json\/wp\/v2\/product\/148232","targetHints":{"allow":["GET"]}}],"collection":[{"href":"https:\/\/pizbube.ch\/en\/wp-json\/wp\/v2\/product"}],"about":[{"href":"https:\/\/pizbube.ch\/en\/wp-json\/wp\/v2\/types\/product"}],"wp:featuredmedia":[{"embeddable":true,"href":"https:\/\/pizbube.ch\/en\/wp-json\/wp\/v2\/media\/29545"}],"wp:attachment":[{"href":"https:\/\/pizbube.ch\/en\/wp-json\/wp\/v2\/media?parent=148232"}],"wp:term":[{"taxonomy":"product_brand","embeddable":true,"href":"https:\/\/pizbube.ch\/en\/wp-json\/wp\/v2\/product_brand?post=148232"},{"taxonomy":"product_cat","embeddable":true,"href":"https:\/\/pizbube.ch\/en\/wp-json\/wp\/v2\/product_cat?post=148232"},{"taxonomy":"product_tag","embeddable":true,"href":"https:\/\/pizbube.ch\/en\/wp-json\/wp\/v2\/product_tag?post=148232"}],"curies":[{"name":"wp","href":"https:\/\/api.w.org\/{rel}","templated":true}]}}