{"id":148233,"date":"2021-01-15T10:56:53","date_gmt":"2021-01-15T10:56:53","guid":{"rendered":"https:\/\/codengine3.ch\/?product=import-placeholder-for-207494"},"modified":"2025-03-04T12:45:14","modified_gmt":"2025-03-04T11:45:14","slug":"montserrat-cara-sur-vias-largas-volumen-1","status":"publish","type":"product","link":"https:\/\/pizbube.ch\/en\/shop\/montserrat-cara-sur-vias-largas-volumen-1\/","title":{"rendered":"Montserrat: CaraSur &#8211; vias largas volumen 1"},"content":{"rendered":"<p>A new guide from the Spanish publisher Supercrack covering the long multi-<br \/>\npitch routes at Montserrat. The guide is well illustrated will full colour<br \/>\ntopos and a good selection of action shots; also included are detailed maps<br \/>\nwhich makes getting to a chosen crag very straightforward. SPANISH TEXT<\/p>\n<p>&nbsp;<\/p>\n<p>Esta gu\u00eda, segunda parte de las dos dedicadas a Monserrat Sur contiene v\u00edas de m\u00e1s de un largo de la cara sur de Montserrat con concesiones de zonas algo m\u00e1s arriba.<br \/>\nLa gu\u00eda consta de 14 cap\u00edtulos:<\/p>\n<p>1 Bauma de Can Sol\u00e0<br \/>\n2 Vermell del Xincarr\u00f3<br \/>\n3 Cova de l&#8217;Arcada<br \/>\n4 Clot del Boixar<br \/>\n5 La Proa<br \/>\n6 El Fara\u00f3<br \/>\n7 Can Jorba<br \/>\n8 Montgr\u00f2s-Plecs<br \/>\n9 La Vinya Nova<br \/>\n10 L&#8217;Artiga Alta<br \/>\n11 El Clot de la M\u00f2nica<br \/>\n12 Torrent del Misser<br \/>\n13 Collbat\u00f3<br \/>\n14 Coves del Salnitre<\/p>","protected":false},"excerpt":{"rendered":"<p>A new guide from the Spanish publisher Supercrack covering the long multi- pitch routes at Montserrat. The guide is well illustrated will full colour topos and a good selection of action shots; also included are detailed maps which makes getting to a chosen crag very straightforward. SPANISH TEXT &nbsp; Esta gu\u00eda, segunda parte de las [&#8230;]\n","protected":false},"featured_media":168059,"template":"","meta":[],"product_brand":[],"product_cat":[21539],"product_tag":[],"class_list":{"0":"post-148233","1":"product","2":"type-product","3":"status-publish","4":"has-post-thumbnail","6":"product_cat-fuehrerliteratur-sportklettern-bouldern","7":"pa_autor-alfonso","8":"pa_erscheinungsjahr-21621","9":"pa_region-spanien","10":"pa_sprache-es","12":"first","13":"instock","14":"taxable","15":"shipping-taxable","16":"purchasable","17":"product-type-simple"},"_links":{"self":[{"href":"https:\/\/pizbube.ch\/en\/wp-json\/wp\/v2\/product\/148233","targetHints":{"allow":["GET"]}}],"collection":[{"href":"https:\/\/pizbube.ch\/en\/wp-json\/wp\/v2\/product"}],"about":[{"href":"https:\/\/pizbube.ch\/en\/wp-json\/wp\/v2\/types\/product"}],"wp:featuredmedia":[{"embeddable":true,"href":"https:\/\/pizbube.ch\/en\/wp-json\/wp\/v2\/media\/168059"}],"wp:attachment":[{"href":"https:\/\/pizbube.ch\/en\/wp-json\/wp\/v2\/media?parent=148233"}],"wp:term":[{"taxonomy":"product_brand","embeddable":true,"href":"https:\/\/pizbube.ch\/en\/wp-json\/wp\/v2\/product_brand?post=148233"},{"taxonomy":"product_cat","embeddable":true,"href":"https:\/\/pizbube.ch\/en\/wp-json\/wp\/v2\/product_cat?post=148233"},{"taxonomy":"product_tag","embeddable":true,"href":"https:\/\/pizbube.ch\/en\/wp-json\/wp\/v2\/product_tag?post=148233"}],"curies":[{"name":"wp","href":"https:\/\/api.w.org\/{rel}","templated":true}]}}