{"id":148234,"date":"2021-01-15T10:56:53","date_gmt":"2021-01-15T10:56:53","guid":{"rendered":"https:\/\/codengine3.ch\/?product=import-placeholder-for-207043"},"modified":"2026-01-28T10:56:26","modified_gmt":"2026-01-28T09:56:26","slug":"montserrat-cara-sur-vias-cortas-volumen-i","status":"publish","type":"product","link":"https:\/\/pizbube.ch\/en\/shop\/montserrat-cara-sur-vias-cortas-volumen-i\/","title":{"rendered":"Montserrat cara sur. V\u00edas cortas. Volumen I"},"content":{"rendered":"<p>V\u00edas cortas<\/p>\n<p>Esta gu\u00eda, primera parte de las dos dedicadas a Monserrat Sur contiene v\u00edas de<br \/>\nun largo de las zonas bajas de la cara sur de Montserrat con concesiones de<br \/>\nzonas algo m\u00e1s arriba. Los criterios a la hora de seleccionar el contenido de<br \/>\nla gu\u00eda son la cercan\u00eda a los aparcamientos (entre 5&#8242; y 1 h) y pertenecer a la<br \/>\ncara Sur.<\/p>\n<p>La gu\u00eda consta de 13 cap\u00edtulos:<br \/>\n1. Bauma de Can Sol\u00e0 (2 sectores), 2. Vermell del Xincarr\u00f3, 3. El Castell, 4.<br \/>\nClot del Boixar, 5. La Tonsura-Agulla del Senglar, 6. El Fara\u00f3 de baix, 7. La<br \/>\nPalomera, 8. Can Jorba, 9. La Vinya Nova, 10. L&#8217;Artiga Baixa, 11. El Clot de<br \/>\nla M\u00f2nica, 12. Torrent del Misser, 13. Collbat\u00f3<\/p>\n<p>This is the 2018 edition.<br \/>\nSpanish text. Colour crag photos plus action shots plus colour drawn topos.<\/p>","protected":false},"excerpt":{"rendered":"<p>V\u00edas cortas Esta gu\u00eda, primera parte de las dos dedicadas a Monserrat Sur contiene v\u00edas de un largo de las zonas bajas de la cara sur de Montserrat con concesiones de zonas algo m\u00e1s arriba. Los criterios a la hora de seleccionar el contenido de la gu\u00eda son la cercan\u00eda a los aparcamientos (entre 5&#8242; [&#8230;]\n","protected":false},"featured_media":168058,"template":"","meta":[],"product_brand":[],"product_cat":[21539],"product_tag":[],"class_list":{"0":"post-148234","1":"product","2":"type-product","3":"status-publish","4":"has-post-thumbnail","6":"product_cat-fuehrerliteratur-sportklettern-bouldern","7":"pa_autor-alfonso","8":"pa_erscheinungsjahr-21546","9":"pa_region-spanien","10":"pa_sprache-es","12":"first","13":"instock","14":"taxable","15":"shipping-taxable","16":"purchasable","17":"product-type-simple"},"_links":{"self":[{"href":"https:\/\/pizbube.ch\/en\/wp-json\/wp\/v2\/product\/148234","targetHints":{"allow":["GET"]}}],"collection":[{"href":"https:\/\/pizbube.ch\/en\/wp-json\/wp\/v2\/product"}],"about":[{"href":"https:\/\/pizbube.ch\/en\/wp-json\/wp\/v2\/types\/product"}],"wp:featuredmedia":[{"embeddable":true,"href":"https:\/\/pizbube.ch\/en\/wp-json\/wp\/v2\/media\/168058"}],"wp:attachment":[{"href":"https:\/\/pizbube.ch\/en\/wp-json\/wp\/v2\/media?parent=148234"}],"wp:term":[{"taxonomy":"product_brand","embeddable":true,"href":"https:\/\/pizbube.ch\/en\/wp-json\/wp\/v2\/product_brand?post=148234"},{"taxonomy":"product_cat","embeddable":true,"href":"https:\/\/pizbube.ch\/en\/wp-json\/wp\/v2\/product_cat?post=148234"},{"taxonomy":"product_tag","embeddable":true,"href":"https:\/\/pizbube.ch\/en\/wp-json\/wp\/v2\/product_tag?post=148234"}],"curies":[{"name":"wp","href":"https:\/\/api.w.org\/{rel}","templated":true}]}}