{"id":148238,"date":"2021-01-15T10:56:53","date_gmt":"2021-01-15T10:56:53","guid":{"rendered":"https:\/\/codengine3.ch\/?product=import-placeholder-for-200376"},"modified":"2022-09-04T11:14:06","modified_gmt":"2022-09-04T09:14:06","slug":"escalade-au-dessus-de-leau-psicobloc-et-deep-water-soloing-en-france","status":"publish","type":"product","link":"https:\/\/pizbube.ch\/en\/shop\/escalade-au-dessus-de-leau-psicobloc-et-deep-water-soloing-en-france\/","title":{"rendered":"ESCALADE AU-DESSUS DE L&#8217;EAU &#8211; Psicobloc et deep-water soloing en France"},"content":{"rendered":"<p>Venez d\u00e9couvrir l&#8217;une des facettes les plus ludiques de l&#8217;escalade ! Grimper<br \/>\nsans corde au-dessus de l&#8217;eau, puis se laisser tomber de quelques m\u00e8tres pour<br \/>\nune petite baignade rafra\u00eechissante, voil\u00e0 le programme !<\/p>\n<p>De la Piade (Toulon), secteur historique de Patrick Edlinger, en passant par<br \/>\nles Gorges du Tarn, jusqu&#8217;aux secteurs plus m\u00e9connus des Alpes, d\u00e9couvrez les<br \/>\nplus beaux spots de psicobloc en France&#8230;<\/p>\n<p>\u00c9crit en collaboration avec les grimpeurs locaux, ce topo-guide vous pr\u00e9sente<br \/>\nune vingtaine de secteurs. Quel que soit votre niveau, vous y trouverez les<br \/>\ninformations essentielles pour vous faire plaisir dans chacun des secteurs :<br \/>\nacc\u00e8s p\u00e9destre ou marin, cotations, trac\u00e9s des voies lorsque ceux-ci ont \u00e9t\u00e9<br \/>\nrecens\u00e9s par les grimpeurs locaux, dangers objectifs, des id\u00e9es de falaises \u00e0<br \/>\nproximit\u00e9&#8230;<\/p>\n<p>Spots r\u00e9pertori\u00e9s : Nice, Antibes, Toulon, La Ciotat, Marseille, Gorges du<br \/>\nVerdon, Gorges de l H\u00e9rault, Gorges du Tarn, Annecy, Biarritz.<\/p>","protected":false},"excerpt":{"rendered":"<p>Venez d\u00e9couvrir l&#8217;une des facettes les plus ludiques de l&#8217;escalade ! Grimper sans corde au-dessus de l&#8217;eau, puis se laisser tomber de quelques m\u00e8tres pour une petite baignade rafra\u00eechissante, voil\u00e0 le programme ! De la Piade (Toulon), secteur historique de Patrick Edlinger, en passant par les Gorges du Tarn, jusqu&#8217;aux secteurs plus m\u00e9connus des Alpes, [&#8230;]\n","protected":false},"featured_media":26723,"template":"","meta":[],"product_brand":[],"product_cat":[21539],"product_tag":[],"class_list":{"0":"post-148238","1":"product","2":"type-product","3":"status-publish","4":"has-post-thumbnail","6":"product_cat-fuehrerliteratur-sportklettern-bouldern","7":"pa_autor-barnier","8":"pa_erscheinungsjahr-21586","9":"pa_region-frankreich","10":"pa_sprache-fr","12":"first","13":"outofstock","14":"taxable","15":"shipping-taxable","16":"purchasable","17":"product-type-simple"},"_links":{"self":[{"href":"https:\/\/pizbube.ch\/en\/wp-json\/wp\/v2\/product\/148238","targetHints":{"allow":["GET"]}}],"collection":[{"href":"https:\/\/pizbube.ch\/en\/wp-json\/wp\/v2\/product"}],"about":[{"href":"https:\/\/pizbube.ch\/en\/wp-json\/wp\/v2\/types\/product"}],"wp:featuredmedia":[{"embeddable":true,"href":"https:\/\/pizbube.ch\/en\/wp-json\/wp\/v2\/media\/26723"}],"wp:attachment":[{"href":"https:\/\/pizbube.ch\/en\/wp-json\/wp\/v2\/media?parent=148238"}],"wp:term":[{"taxonomy":"product_brand","embeddable":true,"href":"https:\/\/pizbube.ch\/en\/wp-json\/wp\/v2\/product_brand?post=148238"},{"taxonomy":"product_cat","embeddable":true,"href":"https:\/\/pizbube.ch\/en\/wp-json\/wp\/v2\/product_cat?post=148238"},{"taxonomy":"product_tag","embeddable":true,"href":"https:\/\/pizbube.ch\/en\/wp-json\/wp\/v2\/product_tag?post=148238"}],"curies":[{"name":"wp","href":"https:\/\/api.w.org\/{rel}","templated":true}]}}