{"id":148240,"date":"2021-01-15T10:56:53","date_gmt":"2021-01-15T10:56:53","guid":{"rendered":"https:\/\/codengine3.ch\/?product=import-placeholder-for-204900"},"modified":"2021-06-08T09:19:35","modified_gmt":"2021-06-08T07:19:35","slug":"psicobloc-mallorca","status":"publish","type":"product","link":"https:\/\/pizbube.ch\/en\/shop\/psicobloc-mallorca\/","title":{"rendered":"Psicobloc Mallorca"},"content":{"rendered":"<p>El psicobloc consiste en escalar sin cuerda un acantilado sobre el mar&#8230; en<br \/>\neste caso, el mar Mediterr\u00e1neo ser\u00e1 nuestro crash pad y la roca mallorquina la<br \/>\nprotagonista de nuestros lances; una actividad deportiva \u00fanica que a\u00fana lo<br \/>\nmejor de la escalada deportiva y el bloque: la emoci\u00f3n y la diversi\u00f3n est\u00e1n<br \/>\naseguradas.<\/p>\n<p>More than 600 routes; phototopos, accessmaps: psicobloc- sportclimbing-<br \/>\nboulder. 191 p.; 2nd edition 2011<\/p>","protected":false},"excerpt":{"rendered":"<p>El psicobloc consiste en escalar sin cuerda un acantilado sobre el mar&#8230; en este caso, el mar Mediterr\u00e1neo ser\u00e1 nuestro crash pad y la roca mallorquina la protagonista de nuestros lances; una actividad deportiva \u00fanica que a\u00fana lo mejor de la escalada deportiva y el bloque: la emoci\u00f3n y la diversi\u00f3n est\u00e1n aseguradas. More than [&#8230;]\n","protected":false},"featured_media":33443,"template":"","meta":[],"product_brand":[],"product_cat":[21539],"product_tag":[],"class_list":{"0":"post-148240","1":"product","2":"type-product","3":"status-publish","4":"has-post-thumbnail","6":"product_cat-fuehrerliteratur-sportklettern-bouldern","7":"pa_autor-riera","8":"pa_erscheinungsjahr-21610","9":"pa_region-spanien","10":"pa_sprache-e","11":"pa_sprache-sp","13":"first","14":"onbackorder","15":"taxable","16":"shipping-taxable","17":"purchasable","18":"product-type-simple"},"_links":{"self":[{"href":"https:\/\/pizbube.ch\/en\/wp-json\/wp\/v2\/product\/148240","targetHints":{"allow":["GET"]}}],"collection":[{"href":"https:\/\/pizbube.ch\/en\/wp-json\/wp\/v2\/product"}],"about":[{"href":"https:\/\/pizbube.ch\/en\/wp-json\/wp\/v2\/types\/product"}],"wp:featuredmedia":[{"embeddable":true,"href":"https:\/\/pizbube.ch\/en\/wp-json\/wp\/v2\/media\/33443"}],"wp:attachment":[{"href":"https:\/\/pizbube.ch\/en\/wp-json\/wp\/v2\/media?parent=148240"}],"wp:term":[{"taxonomy":"product_brand","embeddable":true,"href":"https:\/\/pizbube.ch\/en\/wp-json\/wp\/v2\/product_brand?post=148240"},{"taxonomy":"product_cat","embeddable":true,"href":"https:\/\/pizbube.ch\/en\/wp-json\/wp\/v2\/product_cat?post=148240"},{"taxonomy":"product_tag","embeddable":true,"href":"https:\/\/pizbube.ch\/en\/wp-json\/wp\/v2\/product_tag?post=148240"}],"curies":[{"name":"wp","href":"https:\/\/api.w.org\/{rel}","templated":true}]}}