{"id":148242,"date":"2021-01-15T10:57:00","date_gmt":"2021-01-15T10:57:00","guid":{"rendered":"https:\/\/codengine3.ch\/?product=import-placeholder-for-200377"},"modified":"2025-01-28T12:48:22","modified_gmt":"2025-01-28T11:48:22","slug":"arrampicare-tra-basure-e-fene","status":"publish","type":"product","link":"https:\/\/pizbube.ch\/en\/shop\/arrampicare-tra-basure-e-fene\/","title":{"rendered":"ARRAMPICARE TRA BASURE E FENE (Liguria)"},"content":{"rendered":"<p>Topoguidebook for western Liguria:<br \/>\nclimbing at the impressive rocks of Toiranos<br \/>\n192 pages<br \/>\nlanguage italian \/ english<\/p>\n<p>A gennaio 2014 i settori di arrampicata sono 25 per un totale di 500 vie,<br \/>\nmentre nella zona boulder si contano una ventina di passaggi; i settori si<br \/>\npossono raggruppare in:<\/p>\n<p>&#8211; AREA GROTTE: Cascata, Paretone, Bocca di rosa, Arena, Belvederew,<br \/>\nIntermedio, Placche grigie, Legnaia, Sasso del rio, Gumbi, Grotte, Parco<br \/>\ngiochi, Santa Lucia, Red rock;<br \/>\n&#8211; AREA CAVA: Placca dell&#8217;artista, Litigometro, Cristalleria, Placca Rosa, Mc<br \/>\nCarthy, Placca pupillo;<br \/>\n&#8211; AREA GROTTINO: Grottino, Picco di eolo;<br \/>\n&#8211; AREA GROA: Groa, Cascata pietrificata;<br \/>\n&#8211; AREA DARI: Palestrina;<br \/>\n&#8211; AREA BOULDER: Beo.<\/p>\n<p><span class=\"value\">Guida con descrizione delle 500 vie di arrampicata realizzate sulla roccia di Toirano. Falesie calcaree racchiuse in un contesto naturalistico aspro e selvaggio caratterizzato da poderosi contrafforti che si ergono fin oltre i 1000 metri di quota. La qualit\u00e0 della roccia offre uno scenario arrampicatorio completo, in grado di ingolosire e soddisfare i pi\u00f9 disparati stili d\u2019arrampicata con 500 itinerari tracciati su roccia compatta e cristallina, caratterizzata da prese nette, erosioni a gocce e scanalature, colate e canne, per ogni difficolt\u00e0 che spaziano dal terzo grado all\u20198b, con mono tiri dai 6 ai 37m, multi tiri fino a 230 m di sviluppo e tracciati boulder su massi naturali, e settori dedicati agli \u201capprendisti\u201d. <\/span><\/p>\n<p><span class=\"value\">Da queste brevi frasi, tratte dall\u2019introduzione della guida, si direbbe che ci sono tutte le premesse per arrampicate mozzafiato, per tutti i livelli, in un\u2019area che negli ultimi anni si \u00e8 dotata anche di ricettivit\u00e0 a basso impatto, quali B&amp;B e agriturismi. La guida \u00e8 un agile strumento da sfogliare durante le arrampicate toiranesi, per scoprire i dati tecnici delle vie (lunghezze, chiodatura, difficolt\u00e0), la loro distribuzione sul territorio, e per soddisfare le curiosit\u00e0 naturalistico-storico-sociali in cui vi immergete, insomma tutto quel che necessita ai climber pi\u00f9 esigenti, che non si nutrono di solo calcare e magnesite. <\/span><\/p>","protected":false},"excerpt":{"rendered":"<p>Topoguidebook for western Liguria: climbing at the impressive rocks of Toiranos 192 pages language italian \/ english A gennaio 2014 i settori di arrampicata sono 25 per un totale di 500 vie, mentre nella zona boulder si contano una ventina di passaggi; i settori si possono raggruppare in: &#8211; AREA GROTTE: Cascata, Paretone, Bocca di [&#8230;]\n","protected":false},"featured_media":172621,"template":"","meta":[],"product_brand":[],"product_cat":[21539],"product_tag":[27430,27163],"class_list":{"0":"post-148242","1":"product","2":"type-product","3":"status-publish","4":"has-post-thumbnail","6":"product_cat-fuehrerliteratur-sportklettern-bouldern","7":"product_tag-ligurien","8":"product_tag-toirano","9":"pa_autor-a-s-d-climbers-toirano","10":"pa_erscheinungsjahr-21568","11":"pa_region-italien","12":"pa_sprache-it-en","14":"first","15":"instock","16":"taxable","17":"shipping-taxable","18":"purchasable","19":"product-type-simple"},"_links":{"self":[{"href":"https:\/\/pizbube.ch\/en\/wp-json\/wp\/v2\/product\/148242","targetHints":{"allow":["GET"]}}],"collection":[{"href":"https:\/\/pizbube.ch\/en\/wp-json\/wp\/v2\/product"}],"about":[{"href":"https:\/\/pizbube.ch\/en\/wp-json\/wp\/v2\/types\/product"}],"wp:featuredmedia":[{"embeddable":true,"href":"https:\/\/pizbube.ch\/en\/wp-json\/wp\/v2\/media\/172621"}],"wp:attachment":[{"href":"https:\/\/pizbube.ch\/en\/wp-json\/wp\/v2\/media?parent=148242"}],"wp:term":[{"taxonomy":"product_brand","embeddable":true,"href":"https:\/\/pizbube.ch\/en\/wp-json\/wp\/v2\/product_brand?post=148242"},{"taxonomy":"product_cat","embeddable":true,"href":"https:\/\/pizbube.ch\/en\/wp-json\/wp\/v2\/product_cat?post=148242"},{"taxonomy":"product_tag","embeddable":true,"href":"https:\/\/pizbube.ch\/en\/wp-json\/wp\/v2\/product_tag?post=148242"}],"curies":[{"name":"wp","href":"https:\/\/api.w.org\/{rel}","templated":true}]}}