{"id":148245,"date":"2021-01-15T10:57:00","date_gmt":"2021-01-15T10:57:00","guid":{"rendered":"https:\/\/codengine3.ch\/?product=import-placeholder-for-205024"},"modified":"2024-01-30T09:47:22","modified_gmt":"2024-01-30T08:47:22","slug":"oltrefinale-rock-climbing-in-west-liguria","status":"publish","type":"product","link":"https:\/\/pizbube.ch\/en\/shop\/oltrefinale-rock-climbing-in-west-liguria\/","title":{"rendered":"oltrefinale &#8211; Rock climbing in West Liguria"},"content":{"rendered":"<p>Hinter dem Titel `oltrefinale` verbergen sich \u00fcber 115 Felssektoren mit \u00fcber<br \/>\n2000 Routen in 6 T\u00e4lern `jenseits` von Finale und der franz\u00f6sischen Grenze:<br \/>\nEuskal, Court, Red Wall, Castelbianco, Terminal, Toirano, Planetarium.<\/p>\n<p>Oltrefinale ist der ultimative F\u00fchrer zu den alternativen Kletterg\u00e4rten rund<br \/>\num Finale und beschreibt die Sportkletterm\u00f6glichkeiten in den T\u00e4lern westlich<br \/>\nder Ortschaft, in der Region Ligurien. Insgesamt sind dies sechs T\u00e4ler:<\/p>\n<p>Val Varatella, Val Nimbalto, Val Pennavaire, Valle Argentina, Val Nervia und<br \/>\nVal Tanaro. Zusammen bieten sie mehr als 100 Kletterg\u00e4rten mit tausenden<br \/>\nRouten aller Schwierigkeitsgrade auf kompaktem Kalkgestein. Die wundervolle<br \/>\nmediterrane Umgebung mit ihren Felsw\u00e4nden ist ideal f\u00fcr die Kombination aus<br \/>\nEin- und Mehrseill\u00e4ngen-Routen. Das Buch gibt Informationen zur Art und Weise<br \/>\ndes Kletterns in jedem einzelnen Klettergarten, zur besten Jahreszeit,<br \/>\nbeschreibt den Zustieg und bietet genaue Topos, Routenlisten und<br \/>\n\u00dcbersichtskarten.<\/p>\n<p>La nuova guida, giunta alla terza edizione, di Oltrefinale, che descrive tutte<br \/>\nle pareti del Ponente ligure ad ovest di Finale. Sono sei vallate (val<br \/>\nVaratella, Val Nimbalto, Val Neva e Pennavaire, Val Tanaro, Valle Argentina e<br \/>\nVal Nervia) che negli ultimi anni hannop visto uno grandissimo sviluppo dell&#8216;<br \/>\narrampicata sportiva: oggi si contano oi\u00f9 di 115 falesie con 2000 vie<\/p>\n<p>Rock Climbing Nel Polente Ligure:<br \/>\nEuskal, Court, Red Wall, Castelbianco, Terminal, Toirano, Planetarium.<br \/>\nAll the secret crags of the Riviera finally revealed. The new super area for<br \/>\nclimbing just outside of Finale Ligure.<\/p>\n<p>5 valleys (Varatella, Nimbalto Val, Val Pennavaire, Argentina Valley and<br \/>\nNervia Valley), 80 cliffs, 1200 routes, 20,000 bolts , a huge job.<\/p>\n<p>The Riviera di Ponente has become in the last 10 years the biggest Italian<br \/>\narea for climbing. Not only Finale Ligure, but new areas for climbing in the<br \/>\nhinterland of Pietra Ligure, Loano, Albenga and San Remo.<\/p>\n<p>Each crag is described in this guide by a short introduction, access and other<br \/>\ninformation with the use of symbols to highlight the main features of the<br \/>\nwall. For the most important walls there is a further division into sectors,<br \/>\nagain with the use of symbols, then you come to the description of the routes<br \/>\nthat are presented by their name, length, difficulty, beauty and the line<br \/>\nbelow the name of the author and for the routes of grade 7 (the great barrier<br \/>\nof the &#8217;80s), also the name of the first climber who did the redpoint ascent<br \/>\n(RP).<\/p>","protected":false},"excerpt":{"rendered":"<p>Hinter dem Titel `oltrefinale` verbergen sich \u00fcber 115 Felssektoren mit \u00fcber 2000 Routen in 6 T\u00e4lern `jenseits` von Finale und der franz\u00f6sischen Grenze: Euskal, Court, Red Wall, Castelbianco, Terminal, Toirano, Planetarium. Oltrefinale ist der ultimative F\u00fchrer zu den alternativen Kletterg\u00e4rten rund um Finale und beschreibt die Sportkletterm\u00f6glichkeiten in den T\u00e4lern westlich der Ortschaft, in der [&#8230;]\n","protected":false},"featured_media":39538,"template":"","meta":[],"product_brand":[],"product_cat":[21539],"product_tag":[],"class_list":{"0":"post-148245","1":"product","2":"type-product","3":"status-publish","4":"has-post-thumbnail","6":"product_cat-fuehrerliteratur-sportklettern-bouldern","7":"pa_autor-gallo","8":"pa_erscheinungsjahr-21550","9":"pa_region-italien","10":"pa_sprache-d","11":"pa_sprache-e","12":"pa_sprache-i","14":"first","15":"outofstock","16":"taxable","17":"shipping-taxable","18":"purchasable","19":"product-type-simple"},"_links":{"self":[{"href":"https:\/\/pizbube.ch\/en\/wp-json\/wp\/v2\/product\/148245","targetHints":{"allow":["GET"]}}],"collection":[{"href":"https:\/\/pizbube.ch\/en\/wp-json\/wp\/v2\/product"}],"about":[{"href":"https:\/\/pizbube.ch\/en\/wp-json\/wp\/v2\/types\/product"}],"wp:featuredmedia":[{"embeddable":true,"href":"https:\/\/pizbube.ch\/en\/wp-json\/wp\/v2\/media\/39538"}],"wp:attachment":[{"href":"https:\/\/pizbube.ch\/en\/wp-json\/wp\/v2\/media?parent=148245"}],"wp:term":[{"taxonomy":"product_brand","embeddable":true,"href":"https:\/\/pizbube.ch\/en\/wp-json\/wp\/v2\/product_brand?post=148245"},{"taxonomy":"product_cat","embeddable":true,"href":"https:\/\/pizbube.ch\/en\/wp-json\/wp\/v2\/product_cat?post=148245"},{"taxonomy":"product_tag","embeddable":true,"href":"https:\/\/pizbube.ch\/en\/wp-json\/wp\/v2\/product_tag?post=148245"}],"curies":[{"name":"wp","href":"https:\/\/api.w.org\/{rel}","templated":true}]}}