{"id":148249,"date":"2021-01-15T10:57:00","date_gmt":"2021-01-15T10:57:00","guid":{"rendered":"https:\/\/codengine3.ch\/?product=import-placeholder-for-206642"},"modified":"2021-01-15T14:50:28","modified_gmt":"2021-01-15T14:50:28","slug":"dieses-klare-licht-in-den-bergen","status":"publish","type":"product","link":"https:\/\/pizbube.ch\/en\/shop\/dieses-klare-licht-in-den-bergen\/","title":{"rendered":"Dieses klare Licht in den Bergen"},"content":{"rendered":"<p>Die 24-j\u00e4hrige Marion erf\u00fcllt sich einen Traum und zieht nach Chamonix in<br \/>\nFrankreich, wo sie einen Buchladen \u00fcbernimmt. Einer ihrer Kunden ist der gut<br \/>\naussehende Bergf\u00fchrer Pierre, mit dem sie die Faszination f\u00fcr die Bergwelt<br \/>\nteilt. Er nimmt sie mit auf seine Touren, sie verliebt sich in ihn, und sie<br \/>\nheiraten.<\/p>\n<p>Doch es beginnt eine unaufhaltsame Entfremdung, die ihren H\u00f6hepunkt erreicht,<br \/>\nals eines Tages eine Gletscherleiche gefunden wird: Es ist Pierres Vater, der,<br \/>\nselbst Bergf\u00fchrer, vor Jahrzehnten im Eis verschwand. Marion ist schockiert,<br \/>\ndenn er sieht aus wie Pierre heute. Da begreift sie, dass ihr Traum vom<br \/>\nLebensgl\u00fcck gescheitert ist, und zieht eine unheimliche Konsequenz.  <\/p>","protected":false},"excerpt":{"rendered":"<p>Die 24-j\u00e4hrige Marion erf\u00fcllt sich einen Traum und zieht nach Chamonix in Frankreich, wo sie einen Buchladen \u00fcbernimmt. Einer ihrer Kunden ist der gut aussehende Bergf\u00fchrer Pierre, mit dem sie die Faszination f\u00fcr die Bergwelt teilt. Er nimmt sie mit auf seine Touren, sie verliebt sich in ihn, und sie heiraten. Doch es beginnt eine [&#8230;]\n","protected":false},"featured_media":35742,"template":"","meta":[],"product_brand":[],"product_cat":[21629],"product_tag":[],"class_list":{"0":"post-148249","1":"product","2":"type-product","3":"status-publish","4":"has-post-thumbnail","6":"product_cat-belletristik","7":"pa_autor-megnin","8":"pa_erscheinungsjahr-21610","9":"pa_region-frankreich","10":"pa_sprache-de","12":"first","13":"instock","14":"taxable","15":"shipping-taxable","16":"purchasable","17":"product-type-simple"},"_links":{"self":[{"href":"https:\/\/pizbube.ch\/en\/wp-json\/wp\/v2\/product\/148249","targetHints":{"allow":["GET"]}}],"collection":[{"href":"https:\/\/pizbube.ch\/en\/wp-json\/wp\/v2\/product"}],"about":[{"href":"https:\/\/pizbube.ch\/en\/wp-json\/wp\/v2\/types\/product"}],"wp:featuredmedia":[{"embeddable":true,"href":"https:\/\/pizbube.ch\/en\/wp-json\/wp\/v2\/media\/35742"}],"wp:attachment":[{"href":"https:\/\/pizbube.ch\/en\/wp-json\/wp\/v2\/media?parent=148249"}],"wp:term":[{"taxonomy":"product_brand","embeddable":true,"href":"https:\/\/pizbube.ch\/en\/wp-json\/wp\/v2\/product_brand?post=148249"},{"taxonomy":"product_cat","embeddable":true,"href":"https:\/\/pizbube.ch\/en\/wp-json\/wp\/v2\/product_cat?post=148249"},{"taxonomy":"product_tag","embeddable":true,"href":"https:\/\/pizbube.ch\/en\/wp-json\/wp\/v2\/product_tag?post=148249"}],"curies":[{"name":"wp","href":"https:\/\/api.w.org\/{rel}","templated":true}]}}