{"id":148250,"date":"2021-01-15T10:57:00","date_gmt":"2021-01-15T10:57:00","guid":{"rendered":"https:\/\/codengine3.ch\/?product=import-placeholder-for-206995"},"modified":"2021-01-15T14:54:06","modified_gmt":"2021-01-15T14:54:06","slug":"der-waechter-des-matterhorns","status":"publish","type":"product","link":"https:\/\/pizbube.ch\/en\/shop\/der-waechter-des-matterhorns\/","title":{"rendered":"Der W\u00e4chter des Matterhorns"},"content":{"rendered":"<p>Mein Leben auf der H\u00f6rnlih\u00fctte  <\/p>\n<p>Wenn Kurt Lauber von der Zermatter Bergrettung Gl\u00fcck hat, ist es Tag, das<br \/>\nWetter gut und er kann per Helikopter ein paar unerfahrene Touristen<br \/>\neinsammeln, die sich \u00fcbersch\u00e4tzt haben. Doch wenn es schlecht l\u00e4uft, erlauben<br \/>\nGel\u00e4nde, Schneesturm und Dunkelheit nur eine Rettung zu Fu\u00df. Dann ist er schon<br \/>\nmal 17 Stunden unterwegs, um Verletzte oder im schlimmsten Fall t\u00f6dlich<br \/>\nVerungl\u00fcckte zu bergen. Ein abenteuerliches &#8211; und abwechslungsreiches Leben.<\/p>\n<p>Denn Kurt Lauber ist seit \u00fcber 15 Jahren au\u00dferdem H\u00fcttenwirt auf der<br \/>\nH\u00f6rnlih\u00fctte am Matterhorn auf 3260 Meter H\u00f6he. Spannend und mitrei\u00dfend erz\u00e4hlt<br \/>\ner, was er in \u00fcber 1000 Rettungseins\u00e4tzen erlebt hat, die nicht immer spurlos<br \/>\nan ihm vor\u00fcbergehen, und gibt Einblicke in den aufreibenden H\u00fcttenalltag mit<br \/>\nsechs Mitarbeitern &#8211; ein beeindruckender Bericht vom Leben und Arbeiten vor<br \/>\ndem Panorama des m\u00e4chtigen Matterhorns.<\/p>\n<p>Taschenbuchausgabe 2015  <\/p>","protected":false},"excerpt":{"rendered":"<ul>\n<li><a href=\"https:\/\/pizbube.ch\/wp-content\/uploads\/attachments\/a_003\/240829C596932DE97BC382454B0E3159.pdf\" target=\"_blank\" rel=\"noopener\">PDF: Leseprobe W\u00e4chter des Matterhorns.pdf<\/a><\/li>\n<\/ul>","protected":false},"featured_media":36568,"template":"","meta":[],"product_brand":[],"product_cat":[21542],"product_tag":[],"class_list":{"0":"post-148250","1":"product","2":"type-product","3":"status-publish","4":"has-post-thumbnail","6":"product_cat-sachbuecher-dokumentationen","7":"pa_autor-lauber","8":"pa_erscheinungsjahr-21597","9":"pa_region-schweiz","10":"pa_sprache-de","12":"first","13":"instock","14":"taxable","15":"shipping-taxable","16":"purchasable","17":"product-type-simple"},"_links":{"self":[{"href":"https:\/\/pizbube.ch\/en\/wp-json\/wp\/v2\/product\/148250","targetHints":{"allow":["GET"]}}],"collection":[{"href":"https:\/\/pizbube.ch\/en\/wp-json\/wp\/v2\/product"}],"about":[{"href":"https:\/\/pizbube.ch\/en\/wp-json\/wp\/v2\/types\/product"}],"wp:featuredmedia":[{"embeddable":true,"href":"https:\/\/pizbube.ch\/en\/wp-json\/wp\/v2\/media\/36568"}],"wp:attachment":[{"href":"https:\/\/pizbube.ch\/en\/wp-json\/wp\/v2\/media?parent=148250"}],"wp:term":[{"taxonomy":"product_brand","embeddable":true,"href":"https:\/\/pizbube.ch\/en\/wp-json\/wp\/v2\/product_brand?post=148250"},{"taxonomy":"product_cat","embeddable":true,"href":"https:\/\/pizbube.ch\/en\/wp-json\/wp\/v2\/product_cat?post=148250"},{"taxonomy":"product_tag","embeddable":true,"href":"https:\/\/pizbube.ch\/en\/wp-json\/wp\/v2\/product_tag?post=148250"}],"curies":[{"name":"wp","href":"https:\/\/api.w.org\/{rel}","templated":true}]}}