{"id":148251,"date":"2021-01-15T10:57:00","date_gmt":"2021-01-15T10:57:00","guid":{"rendered":"https:\/\/codengine3.ch\/?product=import-placeholder-for-206828"},"modified":"2021-08-16T15:46:02","modified_gmt":"2021-08-16T13:46:02","slug":"nur-der-berg-ist-mein-boss","status":"publish","type":"product","link":"https:\/\/pizbube.ch\/en\/shop\/nur-der-berg-ist-mein-boss\/","title":{"rendered":"Nur der Berg ist mein Boss"},"content":{"rendered":"<p>Das Leben des S\u00fcdtiroler Extremkletterers und Bergf\u00fchrers Christoph Hainz. Mit<br \/>\neinem Vorwort von Hans Kammerlander sowie Beitr\u00e4gen von Thomas Engel und Gerda<br \/>\nSchwienbacher<\/p>\n<p>Die Freiheit eines Lebens in und mit den Bergen<\/p>\n<p>Der Name Christoph Hainz ist untrennbar mit der Bergwelt S\u00fcdtirols verbunden.<br \/>\nBekannt wurde er vor allem durch die Erstbegehung von zahlreichen extrem<br \/>\nschwierigen Felsrouten in den Dolomiten sowie Eis- und Mixedklettereien im<br \/>\nTauferer Ahrntal. Bis heute findet er gro\u00dfe Abenteuer direkt bei sich vor der<br \/>\nHaust\u00fcr und klettert anhaltend auf hohem Niveau.<\/p>\n<p>In diesem Buch erz\u00e4hlt Hainz von seiner Kindheit auf einem Bergbauernhof im<br \/>\nM\u00fchlwalder Tal &#8211; ein Leben in Kargheit, aber auch in Freiheit,<br \/>\nSelbstverantwortung und Naturn\u00e4he. In teils haarstr\u00e4ubenden, teils lustigen<br \/>\nGeschichten schildert er Highlights seiner Bergsteigerkarriere: von seinen<br \/>\n&#171;Hausbergen&#187;, den Drei Zinnen in den Dolomiten, \u00fcber die Eiger-Nordwand bis<br \/>\nhin zur Erstbegehung des Nordpfeilers am Shivling im Himalaya oder der<br \/>\nAlleinbesteigung des Fitz Roy in Patagonien.<\/p>\n<p>F\u00fcr Christoph Hainz ist Bergsteigen etwas Ganzheitliches. Es umfasst und<br \/>\ndurchzieht alle Aspekte seines Lebens. Ausgleich vom Abenteuer und Erf\u00fcllung<br \/>\nim Alltag findet er in seiner T\u00e4tigkeit als Berg- und Skif\u00fchrer, die er als<br \/>\nBerufung und nicht als Job empfindet und die ihm die Freiheit eines<br \/>\nselbstbestimmten Lebens gibt.<\/p>","protected":false},"excerpt":{"rendered":"<p>Das Leben des S\u00fcdtiroler Extremkletterers und Bergf\u00fchrers Christoph Hainz. Mit einem Vorwort von Hans Kammerlander sowie Beitr\u00e4gen von Thomas Engel und Gerda Schwienbacher Die Freiheit eines Lebens in und mit den Bergen Der Name Christoph Hainz ist untrennbar mit der Bergwelt S\u00fcdtirols verbunden. Bekannt wurde er vor allem durch die Erstbegehung von zahlreichen extrem schwierigen [&#8230;]\n","protected":false},"featured_media":36248,"template":"","meta":[],"product_brand":[],"product_cat":[21542],"product_tag":[],"class_list":{"0":"post-148251","1":"product","2":"type-product","3":"status-publish","4":"has-post-thumbnail","6":"product_cat-sachbuecher-dokumentationen","7":"pa_autor-hainz","8":"pa_erscheinungsjahr-21586","9":"pa_region-italien","10":"pa_sprache-de","12":"first","13":"instock","14":"taxable","15":"shipping-taxable","16":"purchasable","17":"product-type-simple"},"_links":{"self":[{"href":"https:\/\/pizbube.ch\/en\/wp-json\/wp\/v2\/product\/148251","targetHints":{"allow":["GET"]}}],"collection":[{"href":"https:\/\/pizbube.ch\/en\/wp-json\/wp\/v2\/product"}],"about":[{"href":"https:\/\/pizbube.ch\/en\/wp-json\/wp\/v2\/types\/product"}],"wp:featuredmedia":[{"embeddable":true,"href":"https:\/\/pizbube.ch\/en\/wp-json\/wp\/v2\/media\/36248"}],"wp:attachment":[{"href":"https:\/\/pizbube.ch\/en\/wp-json\/wp\/v2\/media?parent=148251"}],"wp:term":[{"taxonomy":"product_brand","embeddable":true,"href":"https:\/\/pizbube.ch\/en\/wp-json\/wp\/v2\/product_brand?post=148251"},{"taxonomy":"product_cat","embeddable":true,"href":"https:\/\/pizbube.ch\/en\/wp-json\/wp\/v2\/product_cat?post=148251"},{"taxonomy":"product_tag","embeddable":true,"href":"https:\/\/pizbube.ch\/en\/wp-json\/wp\/v2\/product_tag?post=148251"}],"curies":[{"name":"wp","href":"https:\/\/api.w.org\/{rel}","templated":true}]}}