{"id":148252,"date":"2021-01-15T10:57:00","date_gmt":"2021-01-15T10:57:00","guid":{"rendered":"https:\/\/codengine3.ch\/?product=import-placeholder-for-208742"},"modified":"2025-11-04T12:18:59","modified_gmt":"2025-11-04T11:18:59","slug":"himmelwaerts-bergfuehrerinnen-im-portrait","status":"publish","type":"product","link":"https:\/\/pizbube.ch\/en\/shop\/himmelwaerts-bergfuehrerinnen-im-portrait\/","title":{"rendered":"Himmelw\u00e4rts &#8211; Bergf\u00fchrerinnen im Portrait"},"content":{"rendered":"<p>Knapp 40 Frauen z\u00e4hlt der Schweizer Bergf\u00fchrerverband. Und 1300 M\u00e4nner. 1986<br \/>\nerhielt Nicole Niquille als erste Frau das Schweizer Diplom als Bergf\u00fchrerin.<br \/>\nEinfach war das f\u00fcr die Pionierin damals nicht in einem Land, in dem f\u00fcnf<br \/>\nJahre zuvor erst die Gleichstellung der Geschlechter in der Verfassung<br \/>\nverankert worden war.<\/p>\n<p>Nicole Niquille legte damit eine Spur, der bis heute \u00fcber drei Dutzend Frauen<br \/>\ngefolgt sind. Sie sind wenige, aber sie wissen genau, wo sie hinwollen:<br \/>\nhimmelw\u00e4rts. Zw\u00f6lf Frauen \u2013 bekannte Bergf\u00fchrerinnen wie die Abenteurerin<br \/>\nEvelyne Binsack und die Vorreiterin Nicole Niquille ebenso wie eine junge<br \/>\nAspirantin aus Deutschland oder die H\u00f6hlenforscherin, die erkl\u00e4rt: \u00bbJeder Gast<br \/>\nein graues Haar\u00ab \u2013 erz\u00e4hlen in diesem Buch von der Leidenschaft, die sie<br \/>\nantreibt: ihre Liebe zu den Bergen an andere Menschen weitergeben.<\/p>\n<p>Nicht nur sportliche, sondern auch pers\u00f6nliche Tr\u00e4ume verwirklichen. Und<br \/>\nnebenbei mit so manch einem Vorurteil aufr\u00e4umen.Fotos von Ephraim Bieri,<br \/>\nRiccardo G\u00f6tz und Christian Jaeggi.<\/p>\n<p>256 Seiten, 20.4 \u00d7 14.5 cm, Gebunden<br \/>\n1. Auflage2019<\/p>","protected":false},"excerpt":{"rendered":"<p>Knapp 40 Frauen z\u00e4hlt der Schweizer Bergf\u00fchrerverband. Und 1300 M\u00e4nner. 1986 erhielt Nicole Niquille als erste Frau das Schweizer Diplom als Bergf\u00fchrerin. Einfach war das f\u00fcr die Pionierin damals nicht in einem Land, in dem f\u00fcnf Jahre zuvor erst die Gleichstellung der Geschlechter in der Verfassung verankert worden war. Nicole Niquille legte damit eine Spur, [&#8230;]\n","protected":false},"featured_media":181098,"template":"","meta":[],"product_brand":[],"product_cat":[21542],"product_tag":[],"class_list":{"0":"post-148252","1":"product","2":"type-product","3":"status-publish","4":"has-post-thumbnail","6":"product_cat-sachbuecher-dokumentationen","7":"pa_autor-schwegler","8":"pa_erscheinungsjahr-21586","9":"pa_region-schweiz","10":"pa_sprache-de","12":"first","13":"instock","14":"taxable","15":"shipping-taxable","16":"purchasable","17":"product-type-simple"},"_links":{"self":[{"href":"https:\/\/pizbube.ch\/en\/wp-json\/wp\/v2\/product\/148252","targetHints":{"allow":["GET"]}}],"collection":[{"href":"https:\/\/pizbube.ch\/en\/wp-json\/wp\/v2\/product"}],"about":[{"href":"https:\/\/pizbube.ch\/en\/wp-json\/wp\/v2\/types\/product"}],"wp:featuredmedia":[{"embeddable":true,"href":"https:\/\/pizbube.ch\/en\/wp-json\/wp\/v2\/media\/181098"}],"wp:attachment":[{"href":"https:\/\/pizbube.ch\/en\/wp-json\/wp\/v2\/media?parent=148252"}],"wp:term":[{"taxonomy":"product_brand","embeddable":true,"href":"https:\/\/pizbube.ch\/en\/wp-json\/wp\/v2\/product_brand?post=148252"},{"taxonomy":"product_cat","embeddable":true,"href":"https:\/\/pizbube.ch\/en\/wp-json\/wp\/v2\/product_cat?post=148252"},{"taxonomy":"product_tag","embeddable":true,"href":"https:\/\/pizbube.ch\/en\/wp-json\/wp\/v2\/product_tag?post=148252"}],"curies":[{"name":"wp","href":"https:\/\/api.w.org\/{rel}","templated":true}]}}