{"id":148256,"date":"2021-01-15T10:57:00","date_gmt":"2021-01-15T10:57:00","guid":{"rendered":"https:\/\/codengine3.ch\/?product=import-placeholder-for-200380"},"modified":"2021-01-15T10:57:03","modified_gmt":"2021-01-15T10:57:03","slug":"dav-postkarten-9er-set","status":"publish","type":"product","link":"https:\/\/pizbube.ch\/en\/shop\/dav-postkarten-9er-set\/","title":{"rendered":"DAV-Postkarten 9er Set"},"content":{"rendered":"<p>Set mit 9 bunten Postkarten mit lustigen Bersteigerspr\u00fcchen&#8230;  <\/p>\n<p>Spr\u00fcche:<br \/>\nWir lieben die Berge!<br \/>\nEdelwei\u00df!<br \/>\nMia san glei da!<br \/>\nDes steilste St\u00fcckl hamma scho!<br \/>\nBesonders schwer wars eigentlich net.<br \/>\nI hab no nia geschnarcht!<br \/>\nGamaschen brauch ma gwiiiiss net!<br \/>\nUnd des da hint is der Gro\u00dfvenediger!<br \/>\nDa hint rei\u00dfts scho auf!<\/p>","protected":false},"excerpt":{"rendered":"<p>Set mit 9 bunten Postkarten mit lustigen Bersteigerspr\u00fcchen&#8230; Spr\u00fcche: Wir lieben die Berge! Edelwei\u00df! Mia san glei da! Des steilste St\u00fcckl hamma scho! Besonders schwer wars eigentlich net. I hab no nia geschnarcht! Gamaschen brauch ma gwiiiiss net! Und des da hint is der Gro\u00dfvenediger! Da hint rei\u00dfts scho auf!<\/p>","protected":false},"featured_media":43848,"template":"","meta":[],"product_brand":[],"product_cat":[21853],"product_tag":[],"class_list":{"0":"post-148256","1":"product","2":"type-product","3":"status-publish","4":"has-post-thumbnail","6":"product_cat-ansichtskarten","7":"pa_autor-dav","8":"pa_erscheinungsjahr-21571","9":"pa_region-deutschland","10":"pa_sprache-de-bayerisch","12":"first","13":"instock","14":"taxable","15":"shipping-taxable","16":"purchasable","17":"product-type-simple"},"_links":{"self":[{"href":"https:\/\/pizbube.ch\/en\/wp-json\/wp\/v2\/product\/148256","targetHints":{"allow":["GET"]}}],"collection":[{"href":"https:\/\/pizbube.ch\/en\/wp-json\/wp\/v2\/product"}],"about":[{"href":"https:\/\/pizbube.ch\/en\/wp-json\/wp\/v2\/types\/product"}],"wp:featuredmedia":[{"embeddable":true,"href":"https:\/\/pizbube.ch\/en\/wp-json\/wp\/v2\/media\/43848"}],"wp:attachment":[{"href":"https:\/\/pizbube.ch\/en\/wp-json\/wp\/v2\/media?parent=148256"}],"wp:term":[{"taxonomy":"product_brand","embeddable":true,"href":"https:\/\/pizbube.ch\/en\/wp-json\/wp\/v2\/product_brand?post=148256"},{"taxonomy":"product_cat","embeddable":true,"href":"https:\/\/pizbube.ch\/en\/wp-json\/wp\/v2\/product_cat?post=148256"},{"taxonomy":"product_tag","embeddable":true,"href":"https:\/\/pizbube.ch\/en\/wp-json\/wp\/v2\/product_tag?post=148256"}],"curies":[{"name":"wp","href":"https:\/\/api.w.org\/{rel}","templated":true}]}}