{"id":148259,"date":"2021-01-15T10:57:00","date_gmt":"2021-01-15T10:57:00","guid":{"rendered":"https:\/\/codengine3.ch\/?product=import-placeholder-for-200381"},"modified":"2021-01-15T10:57:04","modified_gmt":"2021-01-15T10:57:04","slug":"toppturar-i-sunnfjord","status":"publish","type":"product","link":"https:\/\/pizbube.ch\/en\/shop\/toppturar-i-sunnfjord\/","title":{"rendered":"Toppturar i Sunnfjord"},"content":{"rendered":"<p>78 skiturar i Astrup sitt rike &#8211; 78 ski tours in Sunnfjord (skitouring<br \/>\nguidebook in Norwegian language only)<\/p>\n<p>I denne boka blir du guida til 67 av dei flottaste toppane, og du kan velje<br \/>\nmellom 136 ruter i F\u00f8rde, Gaular, Naustdal og J\u00f8lster. Sunnfjord byr p\u00e5<br \/>\nsn\u00f8rike turar der du f\u00e5r alt fr\u00e5 bratte brearmar til kystutsikt, perfekte<br \/>\nkvite sider, dalar og renner fr\u00e5 b\u00e5de avrunda og spisse toppar. Blant toppane<br \/>\nfinn du dessutan nokre av Nikolai Astrup sine kjende fjellmotiv.<\/p>\n<p>Toppturar i Sunnfjord presenterer ei rikhaldig breidde av vegval til kjende<br \/>\nklassikarar og heilt \u00abnye\u00bb toppar og ruter, eksponerte renner og gode<br \/>\nnybyrjar- og familieturar. Boka gir deg detaljerte opplysningar om vanskegrad,<br \/>\neksponeringsgrad,himmelretning, brattheit, stigning og fall for kvar topp og<br \/>\nrute. Forfattarane  <\/p>\n<p>har g\u00e5tt alle toppturane og samla detaljert informasjon for rutene, som etter<br \/>\nGPS-sporing er teikna inn p\u00e5 kart og flyfoto. I eigne kapittel finn du \u00f2g<br \/>\nkunnskap om skred og ferdsel i vinterfjellet og eit tilbakeblikk i ski- og<br \/>\nfjellhistoria i omr\u00e5det. Boka er dessutan rikt illustrert med turbilete.  <\/p>","protected":false},"excerpt":{"rendered":"<p>78 skiturar i Astrup sitt rike &#8211; 78 ski tours in Sunnfjord (skitouring guidebook in Norwegian language only) I denne boka blir du guida til 67 av dei flottaste toppane, og du kan velje mellom 136 ruter i F\u00f8rde, Gaular, Naustdal og J\u00f8lster. Sunnfjord byr p\u00e5 sn\u00f8rike turar der du f\u00e5r alt fr\u00e5 bratte brearmar [&#8230;]\n","protected":false},"featured_media":26740,"template":"","meta":[],"product_brand":[],"product_cat":[21540],"product_tag":[],"class_list":{"0":"post-148259","1":"product","2":"type-product","3":"status-publish","4":"has-post-thumbnail","6":"product_cat-fuehrerliteratur-alpin-winter","7":"pa_autor-kapstad-et-alt","8":"pa_erscheinungsjahr-21574","9":"pa_region-skandinavien-norwegen-schweden-finnland","10":"pa_sprache-norweg","12":"first","13":"instock","14":"taxable","15":"shipping-taxable","16":"purchasable","17":"product-type-simple"},"_links":{"self":[{"href":"https:\/\/pizbube.ch\/en\/wp-json\/wp\/v2\/product\/148259","targetHints":{"allow":["GET"]}}],"collection":[{"href":"https:\/\/pizbube.ch\/en\/wp-json\/wp\/v2\/product"}],"about":[{"href":"https:\/\/pizbube.ch\/en\/wp-json\/wp\/v2\/types\/product"}],"wp:featuredmedia":[{"embeddable":true,"href":"https:\/\/pizbube.ch\/en\/wp-json\/wp\/v2\/media\/26740"}],"wp:attachment":[{"href":"https:\/\/pizbube.ch\/en\/wp-json\/wp\/v2\/media?parent=148259"}],"wp:term":[{"taxonomy":"product_brand","embeddable":true,"href":"https:\/\/pizbube.ch\/en\/wp-json\/wp\/v2\/product_brand?post=148259"},{"taxonomy":"product_cat","embeddable":true,"href":"https:\/\/pizbube.ch\/en\/wp-json\/wp\/v2\/product_cat?post=148259"},{"taxonomy":"product_tag","embeddable":true,"href":"https:\/\/pizbube.ch\/en\/wp-json\/wp\/v2\/product_tag?post=148259"}],"curies":[{"name":"wp","href":"https:\/\/api.w.org\/{rel}","templated":true}]}}