{"id":148261,"date":"2021-01-15T10:57:00","date_gmt":"2021-01-15T10:57:00","guid":{"rendered":"https:\/\/codengine3.ch\/?product=import-placeholder-for-200523"},"modified":"2021-01-15T10:58:27","modified_gmt":"2021-01-15T10:58:27","slug":"toppturar-i-vossafjell","status":"publish","type":"product","link":"https:\/\/pizbube.ch\/en\/shop\/toppturar-i-vossafjell\/","title":{"rendered":"Toppturar i Vossafjell"},"content":{"rendered":"<p>La deg inspirera til nye skieventyr i Vossafjella med denne rikt illustrerte<br \/>\nguiden.<\/p>\n<p>Boka skildrar 50 turar p\u00e5 37 fjell med nedk\u00f8yringar av ulik vanskegrad.<br \/>\nTurane er systematiserte etter omr\u00e5de, topp og rute. Den gjer deg ogs\u00e5 ei<br \/>\ninnf\u00f8ring i grunnleggjande skredkunnskap.<\/p>\n<p>Forfattar \u00d8yvind Birkeland har g\u00e5tt desse fjella opp og ned og p\u00e5 langs sidan<br \/>\nhan var gutunge og deler gode erfaringar med alle som tenkjer seg til fjells &#8211;<br \/>\nh\u00f8gt til fjells!<\/p>","protected":false},"excerpt":{"rendered":"<p>La deg inspirera til nye skieventyr i Vossafjella med denne rikt illustrerte guiden. Boka skildrar 50 turar p\u00e5 37 fjell med nedk\u00f8yringar av ulik vanskegrad. Turane er systematiserte etter omr\u00e5de, topp og rute. Den gjer deg ogs\u00e5 ei innf\u00f8ring i grunnleggjande skredkunnskap. Forfattar \u00d8yvind Birkeland har g\u00e5tt desse fjella opp og ned og p\u00e5 langs [&#8230;]\n","protected":false},"featured_media":27167,"template":"","meta":[],"product_brand":[],"product_cat":[21540],"product_tag":[],"class_list":{"0":"post-148261","1":"product","2":"type-product","3":"status-publish","4":"has-post-thumbnail","6":"product_cat-fuehrerliteratur-alpin-winter","7":"pa_autor-birkeland","8":"pa_erscheinungsjahr-21610","9":"pa_region-skandinavien-norwegen-schweden-finnland","10":"pa_sprache-norw","12":"first","13":"instock","14":"taxable","15":"shipping-taxable","16":"purchasable","17":"product-type-simple"},"_links":{"self":[{"href":"https:\/\/pizbube.ch\/en\/wp-json\/wp\/v2\/product\/148261","targetHints":{"allow":["GET"]}}],"collection":[{"href":"https:\/\/pizbube.ch\/en\/wp-json\/wp\/v2\/product"}],"about":[{"href":"https:\/\/pizbube.ch\/en\/wp-json\/wp\/v2\/types\/product"}],"wp:featuredmedia":[{"embeddable":true,"href":"https:\/\/pizbube.ch\/en\/wp-json\/wp\/v2\/media\/27167"}],"wp:attachment":[{"href":"https:\/\/pizbube.ch\/en\/wp-json\/wp\/v2\/media?parent=148261"}],"wp:term":[{"taxonomy":"product_brand","embeddable":true,"href":"https:\/\/pizbube.ch\/en\/wp-json\/wp\/v2\/product_brand?post=148261"},{"taxonomy":"product_cat","embeddable":true,"href":"https:\/\/pizbube.ch\/en\/wp-json\/wp\/v2\/product_cat?post=148261"},{"taxonomy":"product_tag","embeddable":true,"href":"https:\/\/pizbube.ch\/en\/wp-json\/wp\/v2\/product_tag?post=148261"}],"curies":[{"name":"wp","href":"https:\/\/api.w.org\/{rel}","templated":true}]}}