{"id":148265,"date":"2021-01-15T10:57:01","date_gmt":"2021-01-15T10:57:01","guid":{"rendered":"https:\/\/codengine3.ch\/?product=import-placeholder-for-207484"},"modified":"2021-01-15T16:03:47","modified_gmt":"2021-01-15T16:03:47","slug":"mont-blanc-mini-carte-de-randonnee-125000-m3531et","status":"publish","type":"product","link":"https:\/\/pizbube.ch\/en\/shop\/mont-blanc-mini-carte-de-randonnee-125000-m3531et\/","title":{"rendered":"Mont-Blanc Mini Carte de Randonn\u00e9e 1:25`000 \/ M3531ET"},"content":{"rendered":"<p>Les mini Top 25 sont des cartes de randonn\u00e9e \u00e0 l`\u00e9chelle du 1\/25000\u00e8me.<br \/>\nPr\u00e9cises, d\u00e9taill\u00e9es elles sont \u00e0 la fois une ressource indispensable<br \/>\npour le randonneur et ont cette particularit\u00e9 fort appr\u00e9ciable de<br \/>\npouvoir sans probl\u00e8me se glisser dans la poche.<\/p>\n<p>La carte de randonn\u00e9e M3531ET couvre en totalit\u00e9 les communes de Bourg-Saint-<br \/>\nMaurice, Saint-Gervais-les-Bains et Les Contamines-Montjoie.<\/p>\n<p>Sur la carte M3531ET, vous trouverez le glacier de tre la t\u00eate, le mont blanc,<br \/>\nles grandes jorasses, le glacier du g\u00e9ant et la r\u00e9serve naturelle des<br \/>\ncontamines-montjoie. Vous y d\u00e9couvrirez \u00e9galement la mer de glace, l`aiguille<br \/>\ndu midi, le col des veis, le col du petit saint-bernard et le mont miravidi ou<br \/>\nde mirande. Vous prendrez plaisir \u00e0 visiter l`aiguille ou dent du g\u00e9ant, le<br \/>\nprarion, la pointe de la terrasse, le glacier du tacul et l`aiguille des veis.<br \/>\nMais songez aussi \u00e0 voir les grandes aiguilles, le val montjoie, l`ar\u00eate de<br \/>\nrochefort, l`aiguille de bionnassay et la montagne de la seigne .<\/p>","protected":false},"excerpt":{"rendered":"<p>Les mini Top 25 sont des cartes de randonn\u00e9e \u00e0 l`\u00e9chelle du 1\/25000\u00e8me. Pr\u00e9cises, d\u00e9taill\u00e9es elles sont \u00e0 la fois une ressource indispensable pour le randonneur et ont cette particularit\u00e9 fort appr\u00e9ciable de pouvoir sans probl\u00e8me se glisser dans la poche. La carte de randonn\u00e9e M3531ET couvre en totalit\u00e9 les communes de Bourg-Saint- Maurice, Saint-Gervais-les-Bains [&#8230;]\n","protected":false},"featured_media":37619,"template":"","meta":[],"product_brand":[],"product_cat":[21543],"product_tag":[],"class_list":{"0":"post-148265","1":"product","2":"type-product","3":"status-publish","4":"has-post-thumbnail","6":"product_cat-landkarten","7":"pa_autor-ign","8":"pa_erscheinungsjahr-21621","9":"pa_region-frankreich","10":"pa_sprache-fr","12":"first","13":"outofstock","14":"taxable","15":"shipping-taxable","16":"purchasable","17":"product-type-simple"},"_links":{"self":[{"href":"https:\/\/pizbube.ch\/en\/wp-json\/wp\/v2\/product\/148265","targetHints":{"allow":["GET"]}}],"collection":[{"href":"https:\/\/pizbube.ch\/en\/wp-json\/wp\/v2\/product"}],"about":[{"href":"https:\/\/pizbube.ch\/en\/wp-json\/wp\/v2\/types\/product"}],"wp:featuredmedia":[{"embeddable":true,"href":"https:\/\/pizbube.ch\/en\/wp-json\/wp\/v2\/media\/37619"}],"wp:attachment":[{"href":"https:\/\/pizbube.ch\/en\/wp-json\/wp\/v2\/media?parent=148265"}],"wp:term":[{"taxonomy":"product_brand","embeddable":true,"href":"https:\/\/pizbube.ch\/en\/wp-json\/wp\/v2\/product_brand?post=148265"},{"taxonomy":"product_cat","embeddable":true,"href":"https:\/\/pizbube.ch\/en\/wp-json\/wp\/v2\/product_cat?post=148265"},{"taxonomy":"product_tag","embeddable":true,"href":"https:\/\/pizbube.ch\/en\/wp-json\/wp\/v2\/product_tag?post=148265"}],"curies":[{"name":"wp","href":"https:\/\/api.w.org\/{rel}","templated":true}]}}