{"id":148277,"date":"2021-01-15T10:57:01","date_gmt":"2021-01-15T10:57:01","guid":{"rendered":"https:\/\/codengine3.ch\/?product=import-placeholder-for-206135"},"modified":"2024-09-03T10:03:48","modified_gmt":"2024-09-03T08:03:48","slug":"sunnmorsalpane-ost-150000","status":"publish","type":"product","link":"https:\/\/pizbube.ch\/en\/shop\/sunnmorsalpane-ost-150000\/","title":{"rendered":"Sunnm\u00f8rsalpane Ost 1:50`000"},"content":{"rendered":"<p>Turkart Sunnmorsalpane Ost<\/p>\n<p>Wanderkartenmappe Sunnmorsalpene Ost im Ma\u00dfstab 1:50.000 (Topographische<br \/>\nKarten mit UTM-Gitter)<\/p>\n<p>Diese Wanderkarten im Ma\u00dfstab 1:50.000 decken den \u00f6stlichen Teil von<br \/>\nSunnmorsalpene ab. Sie finden alle wichtigen Informationen wie markierte und<br \/>\nunmarkierte Fu\u00dfwege, markierte und preparierte Skipisten, markierte Skipisten,<br \/>\nbeleuchtete Skipisten, Skilifte, Abfahrtspisten, Badepl\u00e4tze,<br \/>\nAngelm\u00f6glichkeiten, Stadien, Kletterm\u00f6glichkeiten, Langlaufloipen,<br \/>\nLuftsportanlagen, Naturpfade, Schie\u00dfbahnen, Ski-Spielpl\u00e4tze, Sessellifte,<br \/>\nHallenb\u00e4der, bewirtschaftete und unbewirtschaftete Touristenh\u00fctten,<br \/>\nWanderwege, Aussichtspunkte, Sporthallen, Schwimmdocks, Bootsablegestellen,<br \/>\nBibliotheken, Post\u00e4mter, Jachth\u00e4fen, Tankstellen, Autof\u00e4hren,<br \/>\nEntsorungsstellen f\u00fcr Wohnmobile, Campingh\u00fctten, Campingpl\u00e4tze, Flugpl\u00e4tze,<br \/>\nHotels, Tourist Information, Cafeterien, Parkpl\u00e4tze, geologische<br \/>\nSehensw\u00fcrdigkeiten, Erholung im Freien, Altertumsdenkm\u00e4ler, Kulturzentren,<br \/>\nSehensw\u00fcrdigkeiten, Stra\u00dfen, Wege, bewohnte Gebiete und Geb\u00e4ude, Schulen,<br \/>\nKirchen, andere kulturelle Merkmale, Grenzen, Reliefs, Vegetation und<br \/>\nBodenbedeckung, Verkehrswege usw.<br \/>\nDes weiteren sind auf der R\u00fcckseite der Karten kurze, informative Texte in<br \/>\nnorwegischer Sprache und die wichtigsten Notrufnummern abgedruckt.<\/p>\n<p>Zweisprachige Legende in Norwegisch und Englisch<\/p>","protected":false},"excerpt":{"rendered":"<p>Turkart Sunnmorsalpane Ost Wanderkartenmappe Sunnmorsalpene Ost im Ma\u00dfstab 1:50.000 (Topographische Karten mit UTM-Gitter) Diese Wanderkarten im Ma\u00dfstab 1:50.000 decken den \u00f6stlichen Teil von Sunnmorsalpene ab. Sie finden alle wichtigen Informationen wie markierte und unmarkierte Fu\u00dfwege, markierte und preparierte Skipisten, markierte Skipisten, beleuchtete Skipisten, Skilifte, Abfahrtspisten, Badepl\u00e4tze, Angelm\u00f6glichkeiten, Stadien, Kletterm\u00f6glichkeiten, Langlaufloipen, Luftsportanlagen, Naturpfade, Schie\u00dfbahnen, Ski-Spielpl\u00e4tze, Sessellifte, [&#8230;]\n","protected":false},"featured_media":174697,"template":"","meta":[],"product_brand":[],"product_cat":[21543],"product_tag":[],"class_list":{"0":"post-148277","1":"product","2":"type-product","3":"status-publish","4":"has-post-thumbnail","6":"product_cat-landkarten","7":"pa_autor-ugland-it","8":"pa_erscheinungsjahr-21597","9":"pa_region-skandinavien-norwegen-schweden-finnland","10":"pa_sprache-en-norw","12":"first","13":"onbackorder","14":"taxable","15":"shipping-taxable","16":"purchasable","17":"product-type-simple"},"_links":{"self":[{"href":"https:\/\/pizbube.ch\/en\/wp-json\/wp\/v2\/product\/148277","targetHints":{"allow":["GET"]}}],"collection":[{"href":"https:\/\/pizbube.ch\/en\/wp-json\/wp\/v2\/product"}],"about":[{"href":"https:\/\/pizbube.ch\/en\/wp-json\/wp\/v2\/types\/product"}],"wp:featuredmedia":[{"embeddable":true,"href":"https:\/\/pizbube.ch\/en\/wp-json\/wp\/v2\/media\/174697"}],"wp:attachment":[{"href":"https:\/\/pizbube.ch\/en\/wp-json\/wp\/v2\/media?parent=148277"}],"wp:term":[{"taxonomy":"product_brand","embeddable":true,"href":"https:\/\/pizbube.ch\/en\/wp-json\/wp\/v2\/product_brand?post=148277"},{"taxonomy":"product_cat","embeddable":true,"href":"https:\/\/pizbube.ch\/en\/wp-json\/wp\/v2\/product_cat?post=148277"},{"taxonomy":"product_tag","embeddable":true,"href":"https:\/\/pizbube.ch\/en\/wp-json\/wp\/v2\/product_tag?post=148277"}],"curies":[{"name":"wp","href":"https:\/\/api.w.org\/{rel}","templated":true}]}}