{"id":148286,"date":"2021-01-15T10:57:01","date_gmt":"2021-01-15T10:57:01","guid":{"rendered":"https:\/\/codengine3.ch\/?product=import-placeholder-for-200390"},"modified":"2021-01-15T10:57:07","modified_gmt":"2021-01-15T10:57:07","slug":"schneeschuhtouren-in-den-suedtiroler-bergen","status":"publish","type":"product","link":"https:\/\/pizbube.ch\/en\/shop\/schneeschuhtouren-in-den-suedtiroler-bergen\/","title":{"rendered":"Schneeschuhtouren in den S\u00fcdtiroler Bergen"},"content":{"rendered":"<p>Schneeschuhwandern ist ein popul\u00e4rer Sport wie noch nie: von Jung bis Alt<br \/>\ngeh\u00f6rt das Schneeschuhwandern zu den beliebtesten Wintersportarten. In diesem<br \/>\nF\u00fchrer werden 73 der sch\u00f6nsten Schneeschuhrouten in S\u00fcdtirol mit spektakul\u00e4ren<br \/>\nund informativen Luftbildern sowie 3D-Karten vorgestellt.<\/p>\n<p>Jede Tour ist versehen mit den wichtigsten technischen Daten wie Anfahrt,<br \/>\nAusgangspunkt, Parkm\u00f6glichkeiten, Gehzeit, H\u00f6henunterschied, Schwierigkeit,<br \/>\nKarten sowie einer detaillierten Wegbeschreibung. Eine phantastische<br \/>\nLuftbildaufnahme oder eine 3D-Karte mit eingezeichneter Route vervollst\u00e4ndigt<br \/>\ndie jeweilige Schneeschuhroute.<\/p>","protected":false},"excerpt":{"rendered":"<p>Schneeschuhwandern ist ein popul\u00e4rer Sport wie noch nie: von Jung bis Alt geh\u00f6rt das Schneeschuhwandern zu den beliebtesten Wintersportarten. In diesem F\u00fchrer werden 73 der sch\u00f6nsten Schneeschuhrouten in S\u00fcdtirol mit spektakul\u00e4ren und informativen Luftbildern sowie 3D-Karten vorgestellt. Jede Tour ist versehen mit den wichtigsten technischen Daten wie Anfahrt, Ausgangspunkt, Parkm\u00f6glichkeiten, Gehzeit, H\u00f6henunterschied, Schwierigkeit, Karten sowie [&#8230;]\n","protected":false},"featured_media":26778,"template":"","meta":[],"product_brand":[],"product_cat":[21540],"product_tag":[],"class_list":{"0":"post-148286","1":"product","2":"type-product","3":"status-publish","4":"has-post-thumbnail","6":"product_cat-fuehrerliteratur-alpin-winter","7":"pa_autor-botte-et-alt","8":"pa_erscheinungsjahr-21610","9":"pa_region-italien","10":"pa_sprache-de","12":"first","13":"instock","14":"taxable","15":"shipping-taxable","16":"purchasable","17":"product-type-simple"},"_links":{"self":[{"href":"https:\/\/pizbube.ch\/en\/wp-json\/wp\/v2\/product\/148286","targetHints":{"allow":["GET"]}}],"collection":[{"href":"https:\/\/pizbube.ch\/en\/wp-json\/wp\/v2\/product"}],"about":[{"href":"https:\/\/pizbube.ch\/en\/wp-json\/wp\/v2\/types\/product"}],"wp:featuredmedia":[{"embeddable":true,"href":"https:\/\/pizbube.ch\/en\/wp-json\/wp\/v2\/media\/26778"}],"wp:attachment":[{"href":"https:\/\/pizbube.ch\/en\/wp-json\/wp\/v2\/media?parent=148286"}],"wp:term":[{"taxonomy":"product_brand","embeddable":true,"href":"https:\/\/pizbube.ch\/en\/wp-json\/wp\/v2\/product_brand?post=148286"},{"taxonomy":"product_cat","embeddable":true,"href":"https:\/\/pizbube.ch\/en\/wp-json\/wp\/v2\/product_cat?post=148286"},{"taxonomy":"product_tag","embeddable":true,"href":"https:\/\/pizbube.ch\/en\/wp-json\/wp\/v2\/product_tag?post=148286"}],"curies":[{"name":"wp","href":"https:\/\/api.w.org\/{rel}","templated":true}]}}