{"id":148290,"date":"2021-01-15T10:57:02","date_gmt":"2021-01-15T10:57:02","guid":{"rendered":"https:\/\/codengine3.ch\/?product=import-placeholder-for-204444"},"modified":"2021-01-15T14:33:16","modified_gmt":"2021-01-15T14:33:16","slug":"schneeschuhwandern-in-suedtirol","status":"publish","type":"product","link":"https:\/\/pizbube.ch\/en\/shop\/schneeschuhwandern-in-suedtirol\/","title":{"rendered":"Schneeschuhwandern in S\u00fcdtirol"},"content":{"rendered":"<p>Die 40 sch\u00f6nsten Touren<br \/>\nAuf der F\u00e4hrte von Schneeh\u00fchnern und Hasen: Wandern im unber\u00fchrten Schnee.  <\/p>\n<p>Schnee, den noch niemand betreten hat, Wege, die noch keiner gegangen ist: Wer<br \/>\nim Winter S\u00fcdtirol pur &#8211; abseits der Skipisten und Sessellifte &#8211; erleben will,<br \/>\nmacht sich am besten mit Schneeschuhen auf den Weg. Der begeisterte<br \/>\nWintersportler Oswald Stimpfl stapfte durch S\u00fcdtirols tief verschneite<br \/>\nLandschaft und hielt eine Auswahl der lohnendsten Touren in Text und Fotos<br \/>\nfest. Kartenausschnitte und ein kompakter Infoteil mit Angaben zu Gehzeit,<br \/>\nH\u00f6henmetern und Schwierigkeitsgrad erg\u00e4nzen die Tourenbeschreibung. Dar\u00fcber<br \/>\nhinaus gibt Stimpfl Einkehrtipps, erz\u00e4hlt allerlei Wissenswertes und verweist<br \/>\nauf Natursch\u00f6nheiten am Wegesrand. Der Alpin-Fachmann Georg Oberrauch liefert<br \/>\nneben Wandervorschl\u00e4gen wichtige Zusatzinformationen zu Ausr\u00fcstung, Gehtechnik<br \/>\nund Sicherheit am Berg. Kurz: Das Buch ist ein idealer Begleiter f\u00fcr<br \/>\nNaturliebhaber und Freizeitsportler, f\u00fcr Neueinsteiger wie f\u00fcr erfahrene<br \/>\nSchneeschuhwanderer.  <\/p>","protected":false},"excerpt":{"rendered":"<p>Die 40 sch\u00f6nsten Touren Auf der F\u00e4hrte von Schneeh\u00fchnern und Hasen: Wandern im unber\u00fchrten Schnee. Schnee, den noch niemand betreten hat, Wege, die noch keiner gegangen ist: Wer im Winter S\u00fcdtirol pur &#8211; abseits der Skipisten und Sessellifte &#8211; erleben will, macht sich am besten mit Schneeschuhen auf den Weg. Der begeisterte Wintersportler Oswald Stimpfl [&#8230;]\n","protected":false},"featured_media":32317,"template":"","meta":[],"product_brand":[],"product_cat":[21540],"product_tag":[],"class_list":{"0":"post-148290","1":"product","2":"type-product","3":"status-publish","4":"has-post-thumbnail","6":"product_cat-fuehrerliteratur-alpin-winter","7":"pa_autor-stimpfl-oberrauch","8":"pa_erscheinungsjahr-21920","9":"pa_region-italien","10":"pa_sprache-de","12":"first","13":"instock","14":"taxable","15":"shipping-taxable","16":"purchasable","17":"product-type-simple"},"_links":{"self":[{"href":"https:\/\/pizbube.ch\/en\/wp-json\/wp\/v2\/product\/148290","targetHints":{"allow":["GET"]}}],"collection":[{"href":"https:\/\/pizbube.ch\/en\/wp-json\/wp\/v2\/product"}],"about":[{"href":"https:\/\/pizbube.ch\/en\/wp-json\/wp\/v2\/types\/product"}],"wp:featuredmedia":[{"embeddable":true,"href":"https:\/\/pizbube.ch\/en\/wp-json\/wp\/v2\/media\/32317"}],"wp:attachment":[{"href":"https:\/\/pizbube.ch\/en\/wp-json\/wp\/v2\/media?parent=148290"}],"wp:term":[{"taxonomy":"product_brand","embeddable":true,"href":"https:\/\/pizbube.ch\/en\/wp-json\/wp\/v2\/product_brand?post=148290"},{"taxonomy":"product_cat","embeddable":true,"href":"https:\/\/pizbube.ch\/en\/wp-json\/wp\/v2\/product_cat?post=148290"},{"taxonomy":"product_tag","embeddable":true,"href":"https:\/\/pizbube.ch\/en\/wp-json\/wp\/v2\/product_tag?post=148290"}],"curies":[{"name":"wp","href":"https:\/\/api.w.org\/{rel}","templated":true}]}}