{"id":148291,"date":"2021-01-15T10:57:02","date_gmt":"2021-01-15T10:57:02","guid":{"rendered":"https:\/\/codengine3.ch\/?product=import-placeholder-for-208076"},"modified":"2021-01-15T17:49:57","modified_gmt":"2021-01-15T17:49:57","slug":"suedtirol-ost-schneeschuhfuehrer","status":"publish","type":"product","link":"https:\/\/pizbube.ch\/en\/shop\/suedtirol-ost-schneeschuhfuehrer\/","title":{"rendered":"S\u00fcdtirol Ost &#8211; Schneeschuhf\u00fchrer"},"content":{"rendered":"<p>Eisacktal, Pustertal, Dolomiten &#8211; 60 Schneeschuhtouren<\/p>\n<p>Das \u00f6stliche S\u00fcdtirol mit dem Schwerpunkt Dolomiten ist ein wahres<br \/>\nSchneeschuhparadies: Die Gletscherberge des Alpenhauptkamms und die steilen<br \/>\nFelsberge der Dolomiten h\u00fcllen sich im Winter in eine wei\u00dfe Unzug\u00e4nglichkeit,<br \/>\ndie ihre besondere Faszination noch mehr unterstreicht. Gleichzeitig kommen<br \/>\nkleinere, sanftere Gipfel zur Geltung \u2013 echte Logenpl\u00e4tze vor den unnahbaren<br \/>\nSch\u00f6nen. Verschlungene Wege f\u00fchren durch verschneite W\u00e4lder auf sanfte Almen.<br \/>\nViele Almh\u00fctten sind auch im Winter bewirtschaftet und verw\u00f6hnen ihre G\u00e4ste<br \/>\nmit S\u00fcdtiroler K\u00fcche.<\/p>\n<p>In den Dolomiten erwartet den Schneeschuhgeher eine weitere Besonderheit:<br \/>\ntraumhaft sch\u00f6ne H\u00f6henwege, die unter steilen Wandabbr\u00fcchen und meist entlang<br \/>\nder Waldgrenze angelegt sind. Zu diesen Juwelen f\u00fcr die Liebhaber der<br \/>\n\u00bbB\u00e4rentatzen\u00ab z\u00e4hlen u. a. der Adolf-Munkel-Weg im Villn\u00f6sser Tal oder der<br \/>\nLabyrinthsteig am Latemar.<\/p>\n<p>Dieser Rother Schneeschuhf\u00fchrer enth\u00e4lt neben schwierigen und anspruchsvollen<br \/>\nRouten f\u00fcr den alpin versierten Bergsteiger, wie etwa den Monte Castello, auch<br \/>\nviele leichte Touren, ideal geeignet sowohl f\u00fcr Einsteiger als auch f\u00fcr<br \/>\nGenie\u00dfer, die in S\u00fcdtirols Bergen erholsame und stressfreie Tage verbringen<br \/>\nwollen.  <\/p>\n<p>Die Autorin Evamaria Wecker gibt zahlreiche Hinweise zu Ausr\u00fcstung,<br \/>\nLawinengefahr, bester Jahreszeit und eine \u00dcbersicht der Top-Touren. Jede<br \/>\nSchneeschuhwanderung wird mit allen wichtigen Informationen zu<br \/>\nH\u00f6henunterschieden und Gehzeiten, Anforderungen, Lawinengef\u00e4hrdung,<br \/>\nHangausrichtung und Einkehrm\u00f6glichkeiten vorgestellt. Dazu kommen eine genaue<br \/>\nWegbeschreibung, eine Wanderkarte mit eingezeichnetem Routenverlauf und ein<br \/>\naussagekr\u00e4ftiges H\u00f6hendiagramm. F\u00fcr alle Touren stehen zudem GPS-Daten zum<br \/>\nDownload bereit. Sch\u00f6ne Naturaufnahmen machen zudem Lust darauf, in die<br \/>\nwinterliche Bergwelt einzutauchen.  <\/p>\n<p>1. Auflage 2014; 160 Seiten mit 98 Farbabbildungen; 60 H\u00f6henprofile, 60<br \/>\nTourenk\u00e4rtchen im Ma\u00dfstab 1:50.000 und 1:75.000, eine \u00dcbersichtskarte  <\/p>","protected":false},"excerpt":{"rendered":"<ul>\n<li><a href=\"https:\/\/pizbube.ch\/wp-content\/uploads\/attachments\/a_028\/C1A07C08B3EF174DA6243F59C2ED8E72.pdf\" target=\"_blank\" rel=\"noopener\">PDF: S\u00fcdtirol Ost Schneeschuhf\u00fchrer_inhalt<\/a><\/li>\n<\/ul>","protected":false},"featured_media":39281,"template":"","meta":[],"product_brand":[],"product_cat":[21540],"product_tag":[],"class_list":{"0":"post-148291","1":"product","2":"type-product","3":"status-publish","4":"has-post-thumbnail","6":"product_cat-fuehrerliteratur-alpin-winter","7":"pa_autor-wecker","8":"pa_erscheinungsjahr-21550","9":"pa_region-italien","10":"pa_sprache-de","12":"first","13":"instock","14":"taxable","15":"shipping-taxable","16":"purchasable","17":"product-type-simple"},"_links":{"self":[{"href":"https:\/\/pizbube.ch\/en\/wp-json\/wp\/v2\/product\/148291","targetHints":{"allow":["GET"]}}],"collection":[{"href":"https:\/\/pizbube.ch\/en\/wp-json\/wp\/v2\/product"}],"about":[{"href":"https:\/\/pizbube.ch\/en\/wp-json\/wp\/v2\/types\/product"}],"wp:featuredmedia":[{"embeddable":true,"href":"https:\/\/pizbube.ch\/en\/wp-json\/wp\/v2\/media\/39281"}],"wp:attachment":[{"href":"https:\/\/pizbube.ch\/en\/wp-json\/wp\/v2\/media?parent=148291"}],"wp:term":[{"taxonomy":"product_brand","embeddable":true,"href":"https:\/\/pizbube.ch\/en\/wp-json\/wp\/v2\/product_brand?post=148291"},{"taxonomy":"product_cat","embeddable":true,"href":"https:\/\/pizbube.ch\/en\/wp-json\/wp\/v2\/product_cat?post=148291"},{"taxonomy":"product_tag","embeddable":true,"href":"https:\/\/pizbube.ch\/en\/wp-json\/wp\/v2\/product_tag?post=148291"}],"curies":[{"name":"wp","href":"https:\/\/api.w.org\/{rel}","templated":true}]}}