{"id":148292,"date":"2021-01-15T10:57:02","date_gmt":"2021-01-15T10:57:02","guid":{"rendered":"https:\/\/codengine3.ch\/?product=import-placeholder-for-200775"},"modified":"2024-10-31T08:42:05","modified_gmt":"2024-10-31T07:42:05","slug":"sellaronda-e-valli-ladine-1-25-000-skikarte","status":"publish","type":"product","link":"https:\/\/pizbube.ch\/en\/shop\/sellaronda-e-valli-ladine-1-25-000-skikarte\/","title":{"rendered":"Sellaronda e Valli Ladine 1: 25 000 (Skikarte)"},"content":{"rendered":"<p>Skikarte des Skiparadieses in den Dolomiten (2 Karten: 1: 25 000 und 1: 50<br \/>\n000):<br \/>\nVal Gardena \/ Gr\u00f6den- Alta Badia- Arabba- Val di Fassa- Carezza \/ Karersee-<br \/>\nTre Valli- Marmolada- Civetta- Cortina.<\/p>\n<p>Topographic skiing map of Sellaronda in the Dolomites in Italy. Good, clear<br \/>\nmap with clockwise and anti-clockwise routes, plus an English key. Also<br \/>\nincludes details of ski lifts etc. Key in English. (2 maps in one: 1: 25 000<br \/>\nand 1: 50 000)<\/p>\n<p>Diese Skikarte von Tabacco liefert nicht nur die klassische Einteilung nach<br \/>\nSchwierigkeitsgraden (blau, rot und schwarz) der Pisten und die M\u00f6glichkeit,<br \/>\nihr Gef\u00e4lle anhand der H\u00f6henlinien zu \u00fcberpr\u00fcfen, sondern erm\u00f6glicht es dem<br \/>\nBenutzer auch, ihre reale Ausdehnung zu erkennen. Mit dieser grafischen<br \/>\nDarstellung k\u00f6nnen Skisportler vorher \u00fcberpr\u00fcfen, welche Strecke sie zu<br \/>\nbew\u00e4ltigen haben; wenn sie dann in die Sch\u00f6nheit der Pisten der Sellaronda<br \/>\neintauchen, k\u00f6nnen sie ihre Position ohne weitere technische Hilfsmittel sehr<br \/>\nleicht feststellen. Au\u00dferdem sind Verbindungen und \u00dcberg\u00e4nge zwischen einer<br \/>\nPiste eines bestimmten Schwierigkeitsgrades und einer anderen leicht<br \/>\nerkennbar. F\u00fcr Freunde des Tourensports sind auch die wichtigsten und<br \/>\nsch\u00f6nsten Tourenwege eingezeichnet.<\/p>\n<p>Die Karte ist im Ma\u00dfstab 1:25.000 ausgef\u00fchrt, mit Geobezug, versehen mit den<br \/>\nKoordinaten mit dem Datum WGS 84 und daher in Verbindung mit jedem GPS-Ger\u00e4t<br \/>\nverwendbar.<br \/>\nDie Karte ist mit einer n\u00fctzlichen Legende f\u00fcr alle Lifte ausgestattet, die<br \/>\nnach Skigebieten katalogisiert sind. Neben den \u00fcblichen Angaben von Start- und<br \/>\nZielh\u00f6he ist auch die Art der Lifte und die Anzahl der Passagiere, die in<br \/>\neiner Transporteinheit bef\u00f6rdert werden k\u00f6nnen, verf\u00fcgbar.<\/p>","protected":false},"excerpt":{"rendered":"<p>Skikarte des Skiparadieses in den Dolomiten (2 Karten: 1: 25 000 und 1: 50 000): Val Gardena \/ Gr\u00f6den- Alta Badia- Arabba- Val di Fassa- Carezza \/ Karersee- Tre Valli- Marmolada- Civetta- Cortina. Topographic skiing map of Sellaronda in the Dolomites in Italy. Good, clear map with clockwise and anti-clockwise routes, plus an English key. [&#8230;]\n","protected":false},"featured_media":39814,"template":"","meta":[],"product_brand":[],"product_cat":[21543],"product_tag":[],"class_list":{"0":"post-148292","1":"product","2":"type-product","3":"status-publish","4":"has-post-thumbnail","6":"product_cat-landkarten","7":"pa_autor-tabacco","8":"pa_erscheinungsjahr-21550","9":"pa_region-italien","10":"pa_sprache-de-it-en","12":"first","13":"outofstock","14":"taxable","15":"shipping-taxable","16":"purchasable","17":"product-type-simple"},"_links":{"self":[{"href":"https:\/\/pizbube.ch\/en\/wp-json\/wp\/v2\/product\/148292","targetHints":{"allow":["GET"]}}],"collection":[{"href":"https:\/\/pizbube.ch\/en\/wp-json\/wp\/v2\/product"}],"about":[{"href":"https:\/\/pizbube.ch\/en\/wp-json\/wp\/v2\/types\/product"}],"wp:featuredmedia":[{"embeddable":true,"href":"https:\/\/pizbube.ch\/en\/wp-json\/wp\/v2\/media\/39814"}],"wp:attachment":[{"href":"https:\/\/pizbube.ch\/en\/wp-json\/wp\/v2\/media?parent=148292"}],"wp:term":[{"taxonomy":"product_brand","embeddable":true,"href":"https:\/\/pizbube.ch\/en\/wp-json\/wp\/v2\/product_brand?post=148292"},{"taxonomy":"product_cat","embeddable":true,"href":"https:\/\/pizbube.ch\/en\/wp-json\/wp\/v2\/product_cat?post=148292"},{"taxonomy":"product_tag","embeddable":true,"href":"https:\/\/pizbube.ch\/en\/wp-json\/wp\/v2\/product_tag?post=148292"}],"curies":[{"name":"wp","href":"https:\/\/api.w.org\/{rel}","templated":true}]}}