{"id":148294,"date":"2021-01-15T10:57:02","date_gmt":"2021-01-15T10:57:02","guid":{"rendered":"https:\/\/codengine3.ch\/?product=import-placeholder-for-206927"},"modified":"2021-01-15T14:53:29","modified_gmt":"2021-01-15T14:53:29","slug":"suedtirol-west-schneeschuhtourenfuehrer","status":"publish","type":"product","link":"https:\/\/pizbube.ch\/en\/shop\/suedtirol-west-schneeschuhtourenfuehrer\/","title":{"rendered":"S\u00fcdtirol West &#8211; Schneeschuhtourenf\u00fchrer"},"content":{"rendered":"<p>\nVinschgau, Ultental, Passeiertal, Sarntal &#8211; 58 Touren  <\/p>\n<p>Der Westen S\u00fcdtirols ist ein echter Geheimtipp f\u00fcr Schneeschuhgeher: Wer<br \/>\nm\u00f6chte nicht abseits des Pistenrummels durch einsame Winterlandschaften<br \/>\nstapfen und anschlie\u00dfend bei Spinatkn\u00f6deln und einem Glas Rotwein auf der<br \/>\nH\u00fcttenterrasse S\u00fcdtiroler Gastfreundschaft genie\u00dfen? Der Rother<br \/>\nSchneeschuhf\u00fchrer \u00bbS\u00fcdtirol West\u00ab pr\u00e4sentiert die sch\u00f6nsten Touren im<br \/>\nVinschgau, Ultental, Passeiertal und Sarntal. Unter den 58 Touren finden sich<br \/>\nleichte Wanderungen f\u00fcr Einsteiger und Genie\u00dfer sowie auch schwierige und<br \/>\nanspruchsvolle Routen f\u00fcr versierte Bergsteiger.  <\/p>\n<p>Jede Schneeschuhtour wird mit allen wichtigen Informationen zu Anforderungen,<br \/>\nH\u00f6henunterschieden, Gehzeiten, Lawinengef\u00e4hrdung und Hangausrichtung<br \/>\nvorgestellt. Eine genaue Wegbeschreibung, ein Kartenausschnitt mit<br \/>\neingezeichnetem Routenverlauf und ein aussagekr\u00e4ftiges H\u00f6hendiagramm machen<br \/>\ndie Orientierung einfach. F\u00fcr alle Touren stehen zudem GPS-Daten zum Download<br \/>\nbereit. Viele H\u00fctten sind auch im Winter bewirtschaftet; die<br \/>\nEinkehrm\u00f6glichkeiten werden bei jeder Tour vorgestellt. Der Einf\u00fchrungsteil<br \/>\ndes Schneeschuhf\u00fchrers informiert \u00fcber Ausr\u00fcstung, Lawinengefahr und beste<br \/>\nJahreszeit. Als Entscheidungshilfe liefert er au\u00dferdem eine \u00dcbersicht der Top-<br \/>\nTouren. Sch\u00f6ne Naturaufnahmen machen Lust darauf, in die winterliche Bergwelt<br \/>\neinzutauchen.<\/p>\n<p>Die vorgestellten Touren f\u00fchren auf stillen Pfaden durch Almgel\u00e4nde, \u00fcber<br \/>\nsanfte Graskuppen und durch romantische Winterw\u00e4lder, aber auch durch die<br \/>\nfaszinierende Gletscherwelt namhafter Gipfel wie Suldenspitze, Cevedale oder<br \/>\nK\u00f6nigspitze.<\/p>\n<p>1. Auflage 2016; 168 Seiten mit 118 Farbabbildungen<br \/>\n58 H\u00f6henprofile, 58 Tourenk\u00e4rtchen im Ma\u00dfstab 1:50.000 und 1:75.000, eine<br \/>\n\u00dcbersichtskarte  <\/p>","protected":false},"excerpt":{"rendered":"<ul>\n<li><a href=\"https:\/\/pizbube.ch\/wp-content\/uploads\/attachments\/a_022\/79FB7E15D6A943F7230F67C47E20B1CA.pdf\" target=\"_blank\" rel=\"noopener\">PDF: suedtirol_west_schneeschuhtouren_inhalt.pdf<\/a><\/li>\n<\/ul>","protected":false},"featured_media":36452,"template":"","meta":[],"product_brand":[],"product_cat":[21540],"product_tag":[],"class_list":{"0":"post-148294","1":"product","2":"type-product","3":"status-publish","4":"has-post-thumbnail","6":"product_cat-fuehrerliteratur-alpin-winter","7":"pa_autor-wecker","8":"pa_erscheinungsjahr-21571","9":"pa_region-italien","10":"pa_sprache-de","12":"first","13":"instock","14":"taxable","15":"shipping-taxable","16":"purchasable","17":"product-type-simple"},"_links":{"self":[{"href":"https:\/\/pizbube.ch\/en\/wp-json\/wp\/v2\/product\/148294","targetHints":{"allow":["GET"]}}],"collection":[{"href":"https:\/\/pizbube.ch\/en\/wp-json\/wp\/v2\/product"}],"about":[{"href":"https:\/\/pizbube.ch\/en\/wp-json\/wp\/v2\/types\/product"}],"wp:featuredmedia":[{"embeddable":true,"href":"https:\/\/pizbube.ch\/en\/wp-json\/wp\/v2\/media\/36452"}],"wp:attachment":[{"href":"https:\/\/pizbube.ch\/en\/wp-json\/wp\/v2\/media?parent=148294"}],"wp:term":[{"taxonomy":"product_brand","embeddable":true,"href":"https:\/\/pizbube.ch\/en\/wp-json\/wp\/v2\/product_brand?post=148294"},{"taxonomy":"product_cat","embeddable":true,"href":"https:\/\/pizbube.ch\/en\/wp-json\/wp\/v2\/product_cat?post=148294"},{"taxonomy":"product_tag","embeddable":true,"href":"https:\/\/pizbube.ch\/en\/wp-json\/wp\/v2\/product_tag?post=148294"}],"curies":[{"name":"wp","href":"https:\/\/api.w.org\/{rel}","templated":true}]}}