{"id":148295,"date":"2021-01-15T10:57:02","date_gmt":"2021-01-15T10:57:02","guid":{"rendered":"https:\/\/codengine3.ch\/?product=import-placeholder-for-207792"},"modified":"2021-01-15T16:58:41","modified_gmt":"2021-01-15T16:58:41","slug":"schneeschuhwandern-meraner-land","status":"publish","type":"product","link":"https:\/\/pizbube.ch\/en\/shop\/schneeschuhwandern-meraner-land\/","title":{"rendered":"Schneeschuhwandern Meraner Land"},"content":{"rendered":"<p>Passeiertal, Ultental, Vigiljoch, Hafling, V\u00f6ran und M\u00f6lten<\/p>\n<p>In diesem F\u00fchrer werden 50 der sch\u00f6nsten Schneeschuhrouten im Passeiertal,<br \/>\nUltental, Vigiljoch, Hafling, V\u00f6ran und M\u00f6lten mit spektakul\u00e4ren und<br \/>\ninformativen Luftbildern vorgestellt. Jede Tour ist versehen mit den<br \/>\nwichtigsten technischen Daten wie Anfahrt, Ausgangspunkt, Parkm\u00f6glichkeiten,<br \/>\nGehzeit, H\u00f6henunterschied, Schwierigkeit, Kartenmaterial sowie einer<br \/>\ndetaillierten Wegbeschreibung. Eine phantastische Luftbildaufnahme mit<br \/>\neingezeichneter Route vervollst\u00e4ndigt die jeweilige Schneeschuhtour.<\/p>\n<p>&#8211; Detaillierte Routenbeschreibung f\u00fcr jede Schneeschuhtour<br \/>\n&#8211; Luftbildaufnahmen mit eingezeichneter Route<br \/>\n&#8211; Angabe von allen technischen Details<\/p>","protected":false},"excerpt":{"rendered":"<p>Passeiertal, Ultental, Vigiljoch, Hafling, V\u00f6ran und M\u00f6lten In diesem F\u00fchrer werden 50 der sch\u00f6nsten Schneeschuhrouten im Passeiertal, Ultental, Vigiljoch, Hafling, V\u00f6ran und M\u00f6lten mit spektakul\u00e4ren und informativen Luftbildern vorgestellt. Jede Tour ist versehen mit den wichtigsten technischen Daten wie Anfahrt, Ausgangspunkt, Parkm\u00f6glichkeiten, Gehzeit, H\u00f6henunterschied, Schwierigkeit, Kartenmaterial sowie einer detaillierten Wegbeschreibung. Eine phantastische Luftbildaufnahme mit eingezeichneter [&#8230;]\n","protected":false},"featured_media":38455,"template":"","meta":[],"product_brand":[],"product_cat":[21540],"product_tag":[],"class_list":{"0":"post-148295","1":"product","2":"type-product","3":"status-publish","4":"has-post-thumbnail","6":"product_cat-fuehrerliteratur-alpin-winter","7":"pa_autor-gufler-loesch-runer","8":"pa_erscheinungsjahr-21597","9":"pa_region-italien","10":"pa_sprache-de","12":"first","13":"instock","14":"taxable","15":"shipping-taxable","16":"purchasable","17":"product-type-simple"},"_links":{"self":[{"href":"https:\/\/pizbube.ch\/en\/wp-json\/wp\/v2\/product\/148295","targetHints":{"allow":["GET"]}}],"collection":[{"href":"https:\/\/pizbube.ch\/en\/wp-json\/wp\/v2\/product"}],"about":[{"href":"https:\/\/pizbube.ch\/en\/wp-json\/wp\/v2\/types\/product"}],"wp:featuredmedia":[{"embeddable":true,"href":"https:\/\/pizbube.ch\/en\/wp-json\/wp\/v2\/media\/38455"}],"wp:attachment":[{"href":"https:\/\/pizbube.ch\/en\/wp-json\/wp\/v2\/media?parent=148295"}],"wp:term":[{"taxonomy":"product_brand","embeddable":true,"href":"https:\/\/pizbube.ch\/en\/wp-json\/wp\/v2\/product_brand?post=148295"},{"taxonomy":"product_cat","embeddable":true,"href":"https:\/\/pizbube.ch\/en\/wp-json\/wp\/v2\/product_cat?post=148295"},{"taxonomy":"product_tag","embeddable":true,"href":"https:\/\/pizbube.ch\/en\/wp-json\/wp\/v2\/product_tag?post=148295"}],"curies":[{"name":"wp","href":"https:\/\/api.w.org\/{rel}","templated":true}]}}