{"id":148296,"date":"2021-01-15T10:57:02","date_gmt":"2021-01-15T10:57:02","guid":{"rendered":"https:\/\/codengine3.ch\/?product=import-placeholder-for-208687"},"modified":"2024-09-28T09:57:01","modified_gmt":"2024-09-28T07:57:01","slug":"les-alpes-de-haute-provence-a-pied","status":"publish","type":"product","link":"https:\/\/pizbube.ch\/en\/shop\/les-alpes-de-haute-provence-a-pied\/","title":{"rendered":"Les Alpes-de-Haute-Provence&#8230; \u00e0 pied"},"content":{"rendered":"<p>Forcalquier, Digne-les-Bains, Barcelonnette : sites naturels et sauvages.<\/p>\n<p>\u00c0 deux pas de Marseille, Grenoble, Nice, Gap et Avignon, les Alpes-de-Haute-<br \/>\nProvence offrent un choix de promenades et randonn\u00e9es pour tous : de l&#8217;Ubaye<br \/>\nau Pays de Giono, des Pr\u00e9alpes de Digne et de Sisteron \u00e0 la Durance, dans la<br \/>\nR\u00e9serve g\u00e9ologique de Haute-Provence et dans les parcs naturels du Verdon, du<br \/>\nLuberon et du Mercantour, mille et une curiosit\u00e9s vous attendent au d\u00e9tour<br \/>\nd&#8217;un chemin.<\/p>\n<p>Ces 36 circuits ont \u00e9t\u00e9 s\u00e9lectionn\u00e9s pour s&#8217;adapter \u00e0 toutes les envies et<br \/>\ncapacit\u00e9s : itin\u00e9raires faciles pour les familles autour de Forcalquier ou de<br \/>\nCastellane, circuits de d\u00e9couverte vers Moustiers-Sainte-Marie et ses<br \/>\nfa\u00efences, sentiers sportifs vers Barcelonnette, Sisteron ou encore Annot.<\/p>\n<p>Format : 20 x 13,5 cm<br \/>\n96 pages<\/p>","protected":false},"excerpt":{"rendered":"<p>Forcalquier, Digne-les-Bains, Barcelonnette : sites naturels et sauvages. \u00c0 deux pas de Marseille, Grenoble, Nice, Gap et Avignon, les Alpes-de-Haute- Provence offrent un choix de promenades et randonn\u00e9es pour tous : de l&#8217;Ubaye au Pays de Giono, des Pr\u00e9alpes de Digne et de Sisteron \u00e0 la Durance, dans la R\u00e9serve g\u00e9ologique de Haute-Provence et dans [&#8230;]\n","protected":false},"featured_media":175091,"template":"","meta":[],"product_brand":[],"product_cat":[21605],"product_tag":[27180],"class_list":{"0":"post-148296","1":"product","2":"type-product","3":"status-publish","4":"has-post-thumbnail","6":"product_cat-wanderfuehrer-trekking","7":"product_tag-les-alpes-de-haute-provence","8":"pa_autor-ffrandonnee","9":"pa_erscheinungsjahr-27339","10":"pa_region-frankreich","11":"pa_sprache-fr","13":"first","14":"instock","15":"taxable","16":"shipping-taxable","17":"purchasable","18":"product-type-simple"},"_links":{"self":[{"href":"https:\/\/pizbube.ch\/en\/wp-json\/wp\/v2\/product\/148296","targetHints":{"allow":["GET"]}}],"collection":[{"href":"https:\/\/pizbube.ch\/en\/wp-json\/wp\/v2\/product"}],"about":[{"href":"https:\/\/pizbube.ch\/en\/wp-json\/wp\/v2\/types\/product"}],"wp:featuredmedia":[{"embeddable":true,"href":"https:\/\/pizbube.ch\/en\/wp-json\/wp\/v2\/media\/175091"}],"wp:attachment":[{"href":"https:\/\/pizbube.ch\/en\/wp-json\/wp\/v2\/media?parent=148296"}],"wp:term":[{"taxonomy":"product_brand","embeddable":true,"href":"https:\/\/pizbube.ch\/en\/wp-json\/wp\/v2\/product_brand?post=148296"},{"taxonomy":"product_cat","embeddable":true,"href":"https:\/\/pizbube.ch\/en\/wp-json\/wp\/v2\/product_cat?post=148296"},{"taxonomy":"product_tag","embeddable":true,"href":"https:\/\/pizbube.ch\/en\/wp-json\/wp\/v2\/product_tag?post=148296"}],"curies":[{"name":"wp","href":"https:\/\/api.w.org\/{rel}","templated":true}]}}