{"id":148297,"date":"2021-01-15T10:57:02","date_gmt":"2021-01-15T10:57:02","guid":{"rendered":"https:\/\/codengine3.ch\/?product=import-placeholder-for-203592"},"modified":"2021-01-15T14:24:45","modified_gmt":"2021-01-15T14:24:45","slug":"vtopo-vtt-vaucluse-2018-2019","status":"publish","type":"product","link":"https:\/\/pizbube.ch\/en\/shop\/vtopo-vtt-vaucluse-2018-2019\/","title":{"rendered":"VTOPO VTT Vaucluse 2018-2019"},"content":{"rendered":"<p>\nCe VTOPO Vaucluse pr\u00e9sente 77 itin\u00e9raires VTT pour tous ; des balades<br \/>\nfamiliales, des randonn\u00e9es plus techniques, mais aussi de vraies sessions<br \/>\nenduro et de belles itin\u00e9rances de 2 \u00e0 3 jours.<\/p>\n<p>La difficult\u00e9 de chaque parcours est estim\u00e9e gr\u00e2ce \u00e0 un syst\u00e8me de cotation<br \/>\npertinent, allant de V1 \u00e0 V6. Avec des donn\u00e9es claires et d\u00e9taill\u00e9es, des<br \/>\ncartes pr\u00e9cises, des infos utiles et des photos de qualit\u00e9, ce VTOPO est un<br \/>\nouvrage r\u00e9f\u00e9rent, indispensable pour profiter \u00e0 100% de l\u2019\u00e9norme potentiel de<br \/>\nce territoire.<\/p>","protected":false},"excerpt":{"rendered":"<p>Ce VTOPO Vaucluse pr\u00e9sente 77 itin\u00e9raires VTT pour tous ; des balades familiales, des randonn\u00e9es plus techniques, mais aussi de vraies sessions enduro et de belles itin\u00e9rances de 2 \u00e0 3 jours. La difficult\u00e9 de chaque parcours est estim\u00e9e gr\u00e2ce \u00e0 un syst\u00e8me de cotation pertinent, allant de V1 \u00e0 V6. Avec des donn\u00e9es claires [&#8230;]\n","protected":false},"featured_media":40727,"template":"","meta":[],"product_brand":[],"product_cat":[21606],"product_tag":[],"class_list":{"0":"post-148297","1":"product","2":"type-product","3":"status-publish","4":"has-post-thumbnail","6":"product_cat-mountainbikefuehrer","7":"pa_autor-brancart-dechavanne-garnier","8":"pa_erscheinungsjahr-21574","9":"pa_region-frankreich","10":"pa_sprache-fr","12":"first","13":"instock","14":"taxable","15":"shipping-taxable","16":"purchasable","17":"product-type-simple"},"_links":{"self":[{"href":"https:\/\/pizbube.ch\/en\/wp-json\/wp\/v2\/product\/148297","targetHints":{"allow":["GET"]}}],"collection":[{"href":"https:\/\/pizbube.ch\/en\/wp-json\/wp\/v2\/product"}],"about":[{"href":"https:\/\/pizbube.ch\/en\/wp-json\/wp\/v2\/types\/product"}],"wp:featuredmedia":[{"embeddable":true,"href":"https:\/\/pizbube.ch\/en\/wp-json\/wp\/v2\/media\/40727"}],"wp:attachment":[{"href":"https:\/\/pizbube.ch\/en\/wp-json\/wp\/v2\/media?parent=148297"}],"wp:term":[{"taxonomy":"product_brand","embeddable":true,"href":"https:\/\/pizbube.ch\/en\/wp-json\/wp\/v2\/product_brand?post=148297"},{"taxonomy":"product_cat","embeddable":true,"href":"https:\/\/pizbube.ch\/en\/wp-json\/wp\/v2\/product_cat?post=148297"},{"taxonomy":"product_tag","embeddable":true,"href":"https:\/\/pizbube.ch\/en\/wp-json\/wp\/v2\/product_tag?post=148297"}],"curies":[{"name":"wp","href":"https:\/\/api.w.org\/{rel}","templated":true}]}}