{"id":148299,"date":"2021-01-15T10:57:02","date_gmt":"2021-01-15T10:57:02","guid":{"rendered":"https:\/\/codengine3.ch\/?product=import-placeholder-for-204626"},"modified":"2025-04-04T17:55:52","modified_gmt":"2025-04-04T15:55:52","slug":"grimper-en-provence-verte-climbing-in-provence-verte","status":"publish","type":"product","link":"https:\/\/pizbube.ch\/en\/shop\/grimper-en-provence-verte-climbing-in-provence-verte\/","title":{"rendered":"Grimper en Provence Verte &#8211; Climbing in Provence Verte"},"content":{"rendered":"<p>La Provence Verte, est une entit\u00e9 g\u00e9ographique qui concerne 37 communes du<br \/>\nbassin versant du fleuve Argens, au centre Est du d\u00e9partement du Var. Entre<br \/>\nVerdon, Sainte Baume et Sainte Victoire ce territoire a forg\u00e9 son identit\u00e9<br \/>\nautour d&#8217;un paysage vallonn\u00e9 et accueillant, oc\u00e9an de verdure sous protection<br \/>\nrapproch\u00e9e.<\/p>\n<p>Les pages de ce nouveau topo-guide (il s&#8217;agit bien d&#8217;un nouvel ouvrage et non<br \/>\nd&#8217;une simple r\u00e9\u00e9dition) d\u00e9crivent les sites d&#8217;escalade &#171;divulgables&#187; de ce<br \/>\nterritoire. Cela signifie qu?il existe un consensus entre les propri\u00e9taires<br \/>\ndes terrains, les ouvreurs, la F\u00e9d\u00e9ration Fran\u00e7aise de la Montagne et de<br \/>\nl&#8217;Escalade, les environnementalistes et l&#8217;administration, afin que ces voies<br \/>\npuissent \u00eatre port\u00e9es \u00e0 la connaissance du public.La description de ces sites<br \/>\nest organis\u00e9e en deux parties :<\/p>\n<p>&#8211; La premi\u00e8re, et de tr\u00e8s loin la plus importante, concerne la commune de<br \/>\nCorrens avec tout d&#8217;abord le c\u00e9l\u00e8bre &#187; Vallon Sourn &#171;. Un vallon, v\u00e9ritable<br \/>\ntrait d&#8217;union entre les villages de Correns et de Ch\u00e2teauvert, qui abrite un<br \/>\nsite d?escalade d&#8217;int\u00e9r\u00eat majeur et de renomm\u00e9e mondiale. Nous y trouvons<br \/>\naussi son satellite : le site de Val Obscur (dit &#187; L&#8217;Hacienda &#171;). Nous avons<br \/>\najout\u00e9 le site de &#187; La Roquette &#171;, plus anecdotique puisque strictement<br \/>\norient\u00e9 vers la d\u00e9couverte de l&#8217;activit\u00e9, mais tellement agr\u00e9able pour les<br \/>\nd\u00e9butants et leurs familles&#8230;<\/p>\n<p>&#8211; La seconde partie concerne les petites falaises de &#187; Brauch &#171;, situ\u00e9es<br \/>\nune dizaine de kilom\u00e8tres au sud du village de Carc\u00e8s.<br \/>\nToutes les nouvelles voies ont \u00e9t\u00e9 prises en compte, dans ces hauts lieux de<br \/>\nl&#8217;escalade dont la r\u00e9putation tient en particulier \u00e0 la qualit\u00e9 du rocher, au<br \/>\ngrand int\u00e9r\u00eat des itin\u00e9raires, \u00e0 l&#8217;absence de marche d&#8217;approche, ainsi qu&#8217;\u00e0 la<br \/>\ncommodit\u00e9 de l&#8217;acc\u00e8s routier.<\/p>\n<p>A sport climbing guide covering the Argens watershed between the Verdon in the<br \/>\neast and Saint Maximin in the west &#8211; the guide features all the major climbing<br \/>\nsites in the area, it has full colour photo-tops, Rockfax style symbols<br \/>\nindicating the character of each crag and information on the area itself.<\/p>","protected":false},"excerpt":{"rendered":"<p>La Provence Verte, est une entit\u00e9 g\u00e9ographique qui concerne 37 communes du bassin versant du fleuve Argens, au centre Est du d\u00e9partement du Var. Entre Verdon, Sainte Baume et Sainte Victoire ce territoire a forg\u00e9 son identit\u00e9 autour d&#8217;un paysage vallonn\u00e9 et accueillant, oc\u00e9an de verdure sous protection rapproch\u00e9e. Les pages de ce nouveau topo-guide [&#8230;]\n","protected":false},"featured_media":179171,"template":"","meta":[],"product_brand":[],"product_cat":[21539],"product_tag":[],"class_list":{"0":"post-148299","1":"product","2":"type-product","3":"status-publish","4":"has-post-thumbnail","6":"product_cat-fuehrerliteratur-sportklettern-bouldern","7":"pa_autor-bugada","8":"pa_erscheinungsjahr-21546","9":"pa_region-frankreich","10":"pa_sprache-fr-en","12":"first","13":"instock","14":"taxable","15":"shipping-taxable","16":"purchasable","17":"product-type-simple"},"_links":{"self":[{"href":"https:\/\/pizbube.ch\/en\/wp-json\/wp\/v2\/product\/148299","targetHints":{"allow":["GET"]}}],"collection":[{"href":"https:\/\/pizbube.ch\/en\/wp-json\/wp\/v2\/product"}],"about":[{"href":"https:\/\/pizbube.ch\/en\/wp-json\/wp\/v2\/types\/product"}],"wp:featuredmedia":[{"embeddable":true,"href":"https:\/\/pizbube.ch\/en\/wp-json\/wp\/v2\/media\/179171"}],"wp:attachment":[{"href":"https:\/\/pizbube.ch\/en\/wp-json\/wp\/v2\/media?parent=148299"}],"wp:term":[{"taxonomy":"product_brand","embeddable":true,"href":"https:\/\/pizbube.ch\/en\/wp-json\/wp\/v2\/product_brand?post=148299"},{"taxonomy":"product_cat","embeddable":true,"href":"https:\/\/pizbube.ch\/en\/wp-json\/wp\/v2\/product_cat?post=148299"},{"taxonomy":"product_tag","embeddable":true,"href":"https:\/\/pizbube.ch\/en\/wp-json\/wp\/v2\/product_tag?post=148299"}],"curies":[{"name":"wp","href":"https:\/\/api.w.org\/{rel}","templated":true}]}}