{"id":148300,"date":"2021-01-15T10:57:02","date_gmt":"2021-01-15T10:57:02","guid":{"rendered":"https:\/\/codengine3.ch\/?product=import-placeholder-for-200395"},"modified":"2021-01-15T10:57:12","modified_gmt":"2021-01-15T10:57:12","slug":"provence-bouches-du-rhone","status":"publish","type":"product","link":"https:\/\/pizbube.ch\/en\/shop\/provence-bouches-du-rhone\/","title":{"rendered":"Provence &#8211; Bouches-du-Rhone"},"content":{"rendered":"<p>Provence Tome 1<\/p>\n<p>Le d\u00e9partement des Bouches-du-Rh\u00f4ne, c\u0153ur historique de la Provence, poss\u00e8de<br \/>\nun extraordinaire potentiel en mati\u00e8re de loisirs de plein air&#8230; Apr\u00e8s le<br \/>\nsucc\u00e8s rencontr\u00e9 par un premier titre paru dans la collection Les guides IGN<br \/>\net aujourd\u2019hui \u00e9puis\u00e9, les auteurs ont concoct\u00e9 une nouvelle \u00e9dition modifi\u00e9e<br \/>\net enrichie, avec pas moins de 110 itin\u00e9raires de quelques heures \u00e0 la<br \/>\njourn\u00e9e.<\/p>\n<p>Viennent s\u2019ajouter \u00e0 ces balades, de courts s\u00e9jours sur la base de parcours<br \/>\nitin\u00e9rants ainsi que la pr\u00e9sentation de toutes les activit\u00e9s sportives de<br \/>\npleine nature, et elles sont nombreuses\u2026 L\u2019approche th\u00e9matique, la multitude<br \/>\nd\u2019infos pratiques, les nombreuses propositions de sorties et les multiples<br \/>\nencadr\u00e9s positionnent ce guide au-del\u00e0 du simple recueil d\u2019itin\u00e9raires.<\/p>","protected":false},"excerpt":{"rendered":"<p>Provence Tome 1 Le d\u00e9partement des Bouches-du-Rh\u00f4ne, c\u0153ur historique de la Provence, poss\u00e8de un extraordinaire potentiel en mati\u00e8re de loisirs de plein air&#8230; Apr\u00e8s le succ\u00e8s rencontr\u00e9 par un premier titre paru dans la collection Les guides IGN et aujourd\u2019hui \u00e9puis\u00e9, les auteurs ont concoct\u00e9 une nouvelle \u00e9dition modifi\u00e9e et enrichie, avec pas moins de [&#8230;]\n","protected":false},"featured_media":26785,"template":"","meta":[],"product_brand":[],"product_cat":[21605],"product_tag":[],"class_list":{"0":"post-148300","1":"product","2":"type-product","3":"status-publish","4":"has-post-thumbnail","6":"product_cat-wanderfuehrer-trekking","7":"pa_autor-couette-marchese","8":"pa_erscheinungsjahr-21830","9":"pa_region-frankreich","10":"pa_sprache-fr","12":"first","13":"instock","14":"taxable","15":"shipping-taxable","16":"purchasable","17":"product-type-simple"},"_links":{"self":[{"href":"https:\/\/pizbube.ch\/en\/wp-json\/wp\/v2\/product\/148300","targetHints":{"allow":["GET"]}}],"collection":[{"href":"https:\/\/pizbube.ch\/en\/wp-json\/wp\/v2\/product"}],"about":[{"href":"https:\/\/pizbube.ch\/en\/wp-json\/wp\/v2\/types\/product"}],"wp:featuredmedia":[{"embeddable":true,"href":"https:\/\/pizbube.ch\/en\/wp-json\/wp\/v2\/media\/26785"}],"wp:attachment":[{"href":"https:\/\/pizbube.ch\/en\/wp-json\/wp\/v2\/media?parent=148300"}],"wp:term":[{"taxonomy":"product_brand","embeddable":true,"href":"https:\/\/pizbube.ch\/en\/wp-json\/wp\/v2\/product_brand?post=148300"},{"taxonomy":"product_cat","embeddable":true,"href":"https:\/\/pizbube.ch\/en\/wp-json\/wp\/v2\/product_cat?post=148300"},{"taxonomy":"product_tag","embeddable":true,"href":"https:\/\/pizbube.ch\/en\/wp-json\/wp\/v2\/product_tag?post=148300"}],"curies":[{"name":"wp","href":"https:\/\/api.w.org\/{rel}","templated":true}]}}