{"id":148301,"date":"2021-01-15T10:57:02","date_gmt":"2021-01-15T10:57:02","guid":{"rendered":"https:\/\/codengine3.ch\/?product=import-placeholder-for-208642"},"modified":"2022-10-14T11:28:19","modified_gmt":"2022-10-14T09:28:19","slug":"vtt-alpes-de-haute-provence-2020","status":"publish","type":"product","link":"https:\/\/pizbube.ch\/en\/shop\/vtt-alpes-de-haute-provence-2020\/","title":{"rendered":"VTT Alpes de Haute-Provence 2020"},"content":{"rendered":"<p>87 itin\u00e9raires VTT<\/p>\n<p>UBAYE \/ HAUT VERDON \/ LA BLANCHE \/ VALL\u00c9E D\u2019ASSE \/ MOYEN VERDON \/ ANNOT \/<br \/>\nPR\u00c9ALPES DE DIGNE \/ HAUTE PROVENCE \/ VAL DE DURANCE \/ MONTAGNE DE LURE<\/p>\n<p>En parcourant ce VTOPO, vous d\u00e9couvrirez 87 circuits VTT pour tous, de la<br \/>\nbalade familiale au trac\u00e9 plus technique pour d\u00e9couvrir le potentiel de cette<br \/>\npartie du d\u00e9partement des Alpes de Haute-Provence. Avec des donn\u00e9es claires et<br \/>\nd\u00e9taill\u00e9es, des cartes pr\u00e9cises, des infos utiles et des photos de qualit\u00e9, le<br \/>\nVTOPO devient la r\u00e9f\u00e9rence indispensable pour profiter \u00e0 100% de ces massifs.<br \/>\nEnfin tous les circuits sont \u00e9valu\u00e9s gr\u00e2ce \u00e0 un syst\u00e8me de cotation pertinent<br \/>\nallant de V1 \u00e0 V6.<\/p>","protected":false},"excerpt":{"rendered":"<p>87 itin\u00e9raires VTT UBAYE \/ HAUT VERDON \/ LA BLANCHE \/ VALL\u00c9E D\u2019ASSE \/ MOYEN VERDON \/ ANNOT \/ PR\u00c9ALPES DE DIGNE \/ HAUTE PROVENCE \/ VAL DE DURANCE \/ MONTAGNE DE LURE En parcourant ce VTOPO, vous d\u00e9couvrirez 87 circuits VTT pour tous, de la balade familiale au trac\u00e9 plus technique pour d\u00e9couvrir le [&#8230;]\n","protected":false},"featured_media":164035,"template":"","meta":[],"product_brand":[],"product_cat":[21606],"product_tag":[],"class_list":{"0":"post-148301","1":"product","2":"type-product","3":"status-publish","4":"has-post-thumbnail","6":"product_cat-mountainbikefuehrer","7":"pa_autor-vtopo","8":"pa_erscheinungsjahr-21558","9":"pa_region-frankreich","10":"pa_sprache-fr","12":"first","13":"instock","14":"taxable","15":"shipping-taxable","16":"purchasable","17":"product-type-simple"},"_links":{"self":[{"href":"https:\/\/pizbube.ch\/en\/wp-json\/wp\/v2\/product\/148301","targetHints":{"allow":["GET"]}}],"collection":[{"href":"https:\/\/pizbube.ch\/en\/wp-json\/wp\/v2\/product"}],"about":[{"href":"https:\/\/pizbube.ch\/en\/wp-json\/wp\/v2\/types\/product"}],"wp:featuredmedia":[{"embeddable":true,"href":"https:\/\/pizbube.ch\/en\/wp-json\/wp\/v2\/media\/164035"}],"wp:attachment":[{"href":"https:\/\/pizbube.ch\/en\/wp-json\/wp\/v2\/media?parent=148301"}],"wp:term":[{"taxonomy":"product_brand","embeddable":true,"href":"https:\/\/pizbube.ch\/en\/wp-json\/wp\/v2\/product_brand?post=148301"},{"taxonomy":"product_cat","embeddable":true,"href":"https:\/\/pizbube.ch\/en\/wp-json\/wp\/v2\/product_cat?post=148301"},{"taxonomy":"product_tag","embeddable":true,"href":"https:\/\/pizbube.ch\/en\/wp-json\/wp\/v2\/product_tag?post=148301"}],"curies":[{"name":"wp","href":"https:\/\/api.w.org\/{rel}","templated":true}]}}