{"id":148302,"date":"2021-01-15T10:57:07","date_gmt":"2021-01-15T10:57:07","guid":{"rendered":"https:\/\/codengine3.ch\/?product=import-placeholder-for-200392"},"modified":"2021-01-15T10:57:11","modified_gmt":"2021-01-15T10:57:11","slug":"orobie-trail-52-itinerari-di-trail-running-dalle-grigne-al-lago-diseo","status":"publish","type":"product","link":"https:\/\/pizbube.ch\/en\/shop\/orobie-trail-52-itinerari-di-trail-running-dalle-grigne-al-lago-diseo\/","title":{"rendered":"OROBIE TRAIL &#8211; 52 itinerari di Trail Running dalle Grigne al Lago d\u2019Iseo"},"content":{"rendered":"<p>\n52 itinerari di Trail Running dalle Grigne al Lago d\u2019Iseo  <\/p>\n<p>Le Orobie costituiscono le prime elevazioni che interrompono le piatte distese<br \/>\ndella Pianura Padana per innalzarsi lentamente verso l\u2019arco alpino principale,<br \/>\nsulla linea di frontiera svizzera. Qui la natura ha disegnato una geografia<br \/>\ndifferente quasi per ogni valle, i panorami mutano in continuazione e talvolta<br \/>\nbasta svoltare l\u2019angolo per trovarsi di fronte a un nuovo entusiasmante<br \/>\nterreno d\u2019avventura. Di fronte a una cos\u00ec ampia diversit\u00e0 paesaggistica, il<br \/>\ntrail running \u00e8 una delle attivit\u00e0 che, sempre pi\u00f9 spesso, viene scelta per<br \/>\npoter vivere al meglio l\u2019esperienza degli entusiasmanti contrasti offerti<br \/>\ndalle Orobie.  <\/p>\n<p>La guida vuole presentare questo spettacolare quanto imprevedibile terreno di<br \/>\ngioco, aiutando il lettore nella scelta dei percorsi e guidandolo all\u2019interno<br \/>\ndelle Alpi e Prealpi Bergamasche.<br \/>\nIl risultato \u00e8 una guida utilizzabile 365 giorni l\u2019anno. Potremo correre sulle<br \/>\nsponde del Lago di Como e del Lago d\u2019Iseo nei mesi pi\u00f9 freddi, cos\u00ec come<br \/>\npotremo spingerci in vetta ai giganti orobici esclusivamente nel breve periodo<br \/>\nestivo in cui le esili vedrette consentono l\u2019ascesa con la sola attrezzatura<br \/>\nda running. Non a caso sono proposti 52 itinerari: un trail per ogni settimana<br \/>\ndell\u2019anno.  <\/p>\n<p>Una guida completa che presenta un territorio tanto vasto quanto ricco di<br \/>\nsorprese, attraverso l\u2019appassionante disciplina del trail running. Indossate<br \/>\nle scarpe da corsa e preparatevi all\u2019avventura, i sentieri delle Orobie vi<br \/>\naspettano!<\/p>","protected":false},"excerpt":{"rendered":"<p>52 itinerari di Trail Running dalle Grigne al Lago d\u2019Iseo Le Orobie costituiscono le prime elevazioni che interrompono le piatte distese della Pianura Padana per innalzarsi lentamente verso l\u2019arco alpino principale, sulla linea di frontiera svizzera. Qui la natura ha disegnato una geografia differente quasi per ogni valle, i panorami mutano in continuazione e talvolta [&#8230;]\n","protected":false},"featured_media":26774,"template":"","meta":[],"product_brand":[],"product_cat":[21605],"product_tag":[],"class_list":{"0":"post-148302","1":"product","2":"type-product","3":"status-publish","4":"has-post-thumbnail","6":"product_cat-wanderfuehrer-trekking","7":"pa_autor-regazzoni","8":"pa_erscheinungsjahr-21558","9":"pa_region-italien","10":"pa_sprache-it","12":"first","13":"instock","14":"taxable","15":"shipping-taxable","16":"purchasable","17":"product-type-simple"},"_links":{"self":[{"href":"https:\/\/pizbube.ch\/en\/wp-json\/wp\/v2\/product\/148302","targetHints":{"allow":["GET"]}}],"collection":[{"href":"https:\/\/pizbube.ch\/en\/wp-json\/wp\/v2\/product"}],"about":[{"href":"https:\/\/pizbube.ch\/en\/wp-json\/wp\/v2\/types\/product"}],"wp:featuredmedia":[{"embeddable":true,"href":"https:\/\/pizbube.ch\/en\/wp-json\/wp\/v2\/media\/26774"}],"wp:attachment":[{"href":"https:\/\/pizbube.ch\/en\/wp-json\/wp\/v2\/media?parent=148302"}],"wp:term":[{"taxonomy":"product_brand","embeddable":true,"href":"https:\/\/pizbube.ch\/en\/wp-json\/wp\/v2\/product_brand?post=148302"},{"taxonomy":"product_cat","embeddable":true,"href":"https:\/\/pizbube.ch\/en\/wp-json\/wp\/v2\/product_cat?post=148302"},{"taxonomy":"product_tag","embeddable":true,"href":"https:\/\/pizbube.ch\/en\/wp-json\/wp\/v2\/product_tag?post=148302"}],"curies":[{"name":"wp","href":"https:\/\/api.w.org\/{rel}","templated":true}]}}