{"id":148305,"date":"2021-01-15T10:57:07","date_gmt":"2021-01-15T10:57:07","guid":{"rendered":"https:\/\/codengine3.ch\/?product=import-placeholder-for-208318"},"modified":"2025-08-13T09:46:36","modified_gmt":"2025-08-13T07:46:36","slug":"trail-running-schweiz","status":"publish","type":"product","link":"https:\/\/pizbube.ch\/en\/shop\/trail-running-schweiz\/","title":{"rendered":"Trail Running Schweiz"},"content":{"rendered":"<p>30 wundersch\u00f6ne Wege zum Laufen<\/p>\n<p>Einen Sommer lang, ist das Autorenteam durch die Schweiz gefahren und<br \/>\ngewandert, um 30 inspirierende und unentbehrliche Trail Running Routen<br \/>\nauszuw\u00e4hlen. Von den Dent de Morcles \u00fcber den Klausenpass, den Lac de Moiry<br \/>\nbis zum Monte Zucchero&#8230; jeder Weg hat seine ganz eigenen Qualit\u00e4ten.<\/p>\n<p>Die Bilder, die vor Ort auf den Wanderwegen aufgenommen wurden, werden Ihnen<br \/>\nden Atem rauben. Dieser Reisef\u00fchrer versorgt Sie mit praktischen Ratschl\u00e4gen<br \/>\nund genauen Anleitungen, um Ihnen das Laufen zu erleichtern, wie z.B. den<br \/>\nSchwierigkeitsgrad der Strecke. Das Buch spricht sowohl erfahrene als auch<br \/>\nneugierige L\u00e4ufer an.<\/p>","protected":false},"excerpt":{"rendered":"<p>30 wundersch\u00f6ne Wege zum Laufen Einen Sommer lang, ist das Autorenteam durch die Schweiz gefahren und gewandert, um 30 inspirierende und unentbehrliche Trail Running Routen auszuw\u00e4hlen. Von den Dent de Morcles \u00fcber den Klausenpass, den Lac de Moiry bis zum Monte Zucchero&#8230; jeder Weg hat seine ganz eigenen Qualit\u00e4ten. Die Bilder, die vor Ort auf [&#8230;]\n","protected":false},"featured_media":39970,"template":"","meta":[],"product_brand":[],"product_cat":[21605],"product_tag":[],"class_list":{"0":"post-148305","1":"product","2":"type-product","3":"status-publish","4":"has-post-thumbnail","6":"product_cat-wanderfuehrer-trekking","7":"pa_autor-mayer-patitucci","8":"pa_erscheinungsjahr-21546","9":"pa_region-schweiz","10":"pa_sprache-de","12":"first","13":"outofstock","14":"taxable","15":"shipping-taxable","16":"purchasable","17":"product-type-simple"},"_links":{"self":[{"href":"https:\/\/pizbube.ch\/en\/wp-json\/wp\/v2\/product\/148305","targetHints":{"allow":["GET"]}}],"collection":[{"href":"https:\/\/pizbube.ch\/en\/wp-json\/wp\/v2\/product"}],"about":[{"href":"https:\/\/pizbube.ch\/en\/wp-json\/wp\/v2\/types\/product"}],"wp:featuredmedia":[{"embeddable":true,"href":"https:\/\/pizbube.ch\/en\/wp-json\/wp\/v2\/media\/39970"}],"wp:attachment":[{"href":"https:\/\/pizbube.ch\/en\/wp-json\/wp\/v2\/media?parent=148305"}],"wp:term":[{"taxonomy":"product_brand","embeddable":true,"href":"https:\/\/pizbube.ch\/en\/wp-json\/wp\/v2\/product_brand?post=148305"},{"taxonomy":"product_cat","embeddable":true,"href":"https:\/\/pizbube.ch\/en\/wp-json\/wp\/v2\/product_cat?post=148305"},{"taxonomy":"product_tag","embeddable":true,"href":"https:\/\/pizbube.ch\/en\/wp-json\/wp\/v2\/product_tag?post=148305"}],"curies":[{"name":"wp","href":"https:\/\/api.w.org\/{rel}","templated":true}]}}