{"id":148306,"date":"2021-01-15T10:57:08","date_gmt":"2021-01-15T10:57:08","guid":{"rendered":"https:\/\/codengine3.ch\/?product=import-placeholder-for-203774"},"modified":"2025-01-07T12:16:39","modified_gmt":"2025-01-07T11:16:39","slug":"albert-steiner","status":"publish","type":"product","link":"https:\/\/pizbube.ch\/en\/shop\/albert-steiner\/","title":{"rendered":"Albert Steiner"},"content":{"rendered":"<p>Albert Steiner was one of the outstanding Swiss photographers of the 20th<br \/>\ncentury. His impressive scenic photographs have fundamentally shaped our<br \/>\nperception of Switzerland as an alpine country of timeless beauty. Like Ansel<br \/>\nAdams, he translated his artistic vision of mountains, their flora and<br \/>\nimposing natural phenomena, onto a black-and-white surface to reveal nature in<br \/>\nall its majesty.<br \/>\nSteiner&#8217;s photographic work spans the period from before War I, with its<br \/>\npictorially inspired images that look like oil paintings, to the<br \/>\nstraightforward and elegantly modern photography of the 1930s. Unlike other<br \/>\nSwiss photographers of his generation, Steiner considered himself to be an<br \/>\nartist. In contrast to many of his contemporaries, he saw photography as a<br \/>\ncompletely appropriate means of creating works of art.<\/p>\n<p>Albert Steiner (1877-1965) geh\u00f6rt zu den herausragenden Schweizer Fotografen<br \/>\ndes 20. Jahrhunderts. Seine Landschaftsfotografien aus dem Engadin sind auch<br \/>\nim internationalen Vergleich einzigartig. Sie haben die Wahrnehmung der<br \/>\nSchweiz als Alpenland von zeitloser Sch\u00f6nheit wesentlich mitgepr\u00e4gt.<br \/>\nInspiriert von Malern wie Giovanni Segantini und Ferdinand Hodler schuf<br \/>\nSteiner Bilder, die nicht nur h\u00f6chsten handwerklichen und technischen<br \/>\nAnspr\u00fcchen gen\u00fcgen, auch ihre \u00e4sthetischen Qualit\u00e4ten sind beeindruckend.<br \/>\nAlbert Steiner hat jedoch kaum je die Beachtung erhalten, die er verdient.<br \/>\nErstmals liegt nun eine fundierte Darstellung und kritische W\u00fcrdigung seines<br \/>\neindrucksvollen Schaffens vor.<br \/>\nMit Beitr\u00e4gen von Anne Hammond, Ren\u00e9 Perret, Peter Pfrunder, Beat Stutzer,<br \/>\nHans-Peter Treichler. 240 Seiten, 198 farbige und 10 Duplex-Abbildungen.<\/p>\n<p>**NUR NOCH ENGL. AUSGABE ERH\u00c4LTLICH!**<\/p>","protected":false},"excerpt":{"rendered":"<p>Albert Steiner was one of the outstanding Swiss photographers of the 20th century. His impressive scenic photographs have fundamentally shaped our perception of Switzerland as an alpine country of timeless beauty. Like Ansel Adams, he translated his artistic vision of mountains, their flora and imposing natural phenomena, onto a black-and-white surface to reveal nature in [&#8230;]\n","protected":false},"featured_media":31451,"template":"","meta":[],"product_brand":[],"product_cat":[21580],"product_tag":[],"class_list":{"0":"post-148306","1":"product","2":"type-product","3":"status-publish","4":"has-post-thumbnail","6":"product_cat-kunst-kultur","7":"pa_autor-stutzer-pfrunder","8":"pa_erscheinungsjahr-21763","9":"pa_region-schweiz","10":"pa_sprache-en","12":"first","13":"outofstock","14":"taxable","15":"shipping-taxable","16":"purchasable","17":"product-type-simple"},"_links":{"self":[{"href":"https:\/\/pizbube.ch\/en\/wp-json\/wp\/v2\/product\/148306","targetHints":{"allow":["GET"]}}],"collection":[{"href":"https:\/\/pizbube.ch\/en\/wp-json\/wp\/v2\/product"}],"about":[{"href":"https:\/\/pizbube.ch\/en\/wp-json\/wp\/v2\/types\/product"}],"wp:featuredmedia":[{"embeddable":true,"href":"https:\/\/pizbube.ch\/en\/wp-json\/wp\/v2\/media\/31451"}],"wp:attachment":[{"href":"https:\/\/pizbube.ch\/en\/wp-json\/wp\/v2\/media?parent=148306"}],"wp:term":[{"taxonomy":"product_brand","embeddable":true,"href":"https:\/\/pizbube.ch\/en\/wp-json\/wp\/v2\/product_brand?post=148306"},{"taxonomy":"product_cat","embeddable":true,"href":"https:\/\/pizbube.ch\/en\/wp-json\/wp\/v2\/product_cat?post=148306"},{"taxonomy":"product_tag","embeddable":true,"href":"https:\/\/pizbube.ch\/en\/wp-json\/wp\/v2\/product_tag?post=148306"}],"curies":[{"name":"wp","href":"https:\/\/api.w.org\/{rel}","templated":true}]}}